{"id":61,"date":"2024-09-24T16:30:26","date_gmt":"2024-09-24T16:30:26","guid":{"rendered":"https:\/\/naturaliafood.ch\/?post_type=product&#038;p=61"},"modified":"2024-12-14T08:16:22","modified_gmt":"2024-12-14T08:16:22","slug":"barre-mangue-cajou","status":"publish","type":"product","link":"https:\/\/naturaliafood.ch\/fr\/produit\/barre-mangue-cajou\/","title":{"rendered":"Barre mangue et noix de cajou, paquet de 12"},"content":{"rendered":"<p>Pays de production : Italie<br \/>\nBarre mangue et noix de cajou<br \/>\n<strong>VALEURS NUTRITIONNELLES<\/strong><br \/>\nValeurs moyennes par 50g<br \/>\n<strong>\u00c9NERGIE <\/strong>795Kj\/189kcal<br \/>\n<strong>FATS <\/strong>dont acides gras satur\u00e9s 6,2 g 1,0 g<br \/>\n<strong>CARBOHYDRATES <\/strong>dont sucres 28,0g 22,0g<br \/>\n<strong>FIBRES<\/strong> 2,5g<br \/>\n<strong>PROTEINES<\/strong> 3,7g<br \/>\n<strong>VENTE<\/strong> 0,35g<\/p>","protected":false},"excerpt":{"rendered":"<ul>\n<li>\n<p class=\"western\" lang=\"it-IT\"><span style=\"font-size: medium;\"><span lang=\"en-CA\">Mangue :<\/span><\/span><\/p>\n<ul>\n<li>\n<p class=\"western\" lang=\"it-IT\"><span style=\"font-size: medium;\"><span lang=\"fr-CH\">Vitamine A : utile pour la sant\u00e9 de la vue et de la peau.<\/span><\/span><\/p>\n<\/li>\n<li>\n<p class=\"western\" lang=\"it-IT\"><span style=\"font-size: medium;\"><span lang=\"fr-CH\">Fibres : aident \u00e0 r\u00e9guler la digestion et constituent une source naturelle d'\u00e9nergie.<\/span><\/span><\/p>\n<\/li>\n<li>\n<p class=\"western\" lang=\"it-IT\"><span style=\"font-size: medium;\"><span lang=\"en-CA\">Antioxydants : ils contribuent \u00e0 r\u00e9duire l'inflammation et \u00e0 prot\u00e9ger le syst\u00e8me immunitaire.<\/span><\/span><\/p>\n<\/li>\n<\/ul>\n<\/li>\n<li>\n<p class=\"western\" lang=\"it-IT\"><span style=\"font-size: medium;\"><span lang=\"en-CA\">Noix de cajou :<\/span><\/span><\/p>\n<ul>\n<li>\n<p class=\"western\" lang=\"it-IT\"><span style=\"font-size: medium;\"><span lang=\"fr-CH\">Graisses saines : contient des acides gras monoinsatur\u00e9s, qui favorisent la sant\u00e9 cardiovasculaire.<\/span><\/span><\/p>\n<\/li>\n<li>\n<p class=\"western\" lang=\"it-IT\"><span style=\"font-size: medium;\"><span lang=\"fr-CH\">Magn\u00e9sium : favorise la sant\u00e9 des muscles et des nerfs et r\u00e9duit la fatigue.<\/span><\/span><\/p>\n<\/li>\n<li>\n<p class=\"western\" lang=\"it-IT\"><span style=\"font-size: medium;\"><span lang=\"en-CA\">Prot\u00e9ines : contribuent \u00e0 la construction et \u00e0 la r\u00e9paration des tissus de l'organisme.<\/span><\/span><\/p>\n<\/li>\n<\/ul>\n<\/li>\n<\/ul>\n<p><strong>INGREDIENTS<\/strong>: mangue 17%, noix de cajou 17%, p\u00e2te de dattes, sirop de dattes, amandes, maltodextrine, antioxydant (extrait de romarin), sel.<\/p>\n<p><img loading=\"lazy\" decoding=\"async\" class=\"alignnone size-medium wp-image-82\" src=\"https:\/\/naturaliafood.ch\/wp-content\/uploads\/2024\/09\/good-mango-300x69.png\" alt=\"\" width=\"300\" height=\"69\" \/><\/p>","protected":false},"featured_media":62,"template":"","meta":{"_et_pb_use_builder":"","_et_pb_old_content":"","_et_gb_content_width":""},"product_brand":[],"product_cat":[22],"product_tag":[],"class_list":{"0":"post-61","1":"product","2":"type-product","3":"status-publish","4":"has-post-thumbnail","6":"product_cat-barrette-proteiche","8":"first","9":"instock","10":"taxable","11":"shipping-taxable","12":"purchasable","13":"product-type-simple"},"_links":{"self":[{"href":"https:\/\/naturaliafood.ch\/fr\/wp-json\/wp\/v2\/product\/61","targetHints":{"allow":["GET"]}}],"collection":[{"href":"https:\/\/naturaliafood.ch\/fr\/wp-json\/wp\/v2\/product"}],"about":[{"href":"https:\/\/naturaliafood.ch\/fr\/wp-json\/wp\/v2\/types\/product"}],"wp:featuredmedia":[{"embeddable":true,"href":"https:\/\/naturaliafood.ch\/fr\/wp-json\/wp\/v2\/media\/62"}],"wp:attachment":[{"href":"https:\/\/naturaliafood.ch\/fr\/wp-json\/wp\/v2\/media?parent=61"}],"wp:term":[{"taxonomy":"product_brand","embeddable":true,"href":"https:\/\/naturaliafood.ch\/fr\/wp-json\/wp\/v2\/product_brand?post=61"},{"taxonomy":"product_cat","embeddable":true,"href":"https:\/\/naturaliafood.ch\/fr\/wp-json\/wp\/v2\/product_cat?post=61"},{"taxonomy":"product_tag","embeddable":true,"href":"https:\/\/naturaliafood.ch\/fr\/wp-json\/wp\/v2\/product_tag?post=61"}],"curies":[{"name":"wp","href":"https:\/\/api.w.org\/{rel}","templated":true}]}}