{"id":57,"date":"2024-09-24T16:30:24","date_gmt":"2024-09-24T16:30:24","guid":{"rendered":"https:\/\/naturaliafood.ch\/?post_type=product&#038;p=57"},"modified":"2024-12-03T15:20:15","modified_gmt":"2024-12-03T15:20:15","slug":"barre-banane-amande","status":"publish","type":"product","link":"https:\/\/naturaliafood.ch\/fr\/produit\/barre-banane-amande\/","title":{"rendered":"Barre banane et amandes, paquet de 12"},"content":{"rendered":"<p>Pays de production : Italie<br \/>\nBarre aux bananes et aux amandes<br \/>\n<strong>VALEURS NUTRITIONNELLES<\/strong><br \/>\nValeurs moyennes par 50g<br \/>\n<strong>\u00c9NERGIE <\/strong>762Kj\/182kcal<br \/>\n<strong>FATS <\/strong>dont acides gras satur\u00e9s 7,0g 0,7g<br \/>\n<strong>CARBOHYDRATES <\/strong>dont sucres17,0g 16,0g<br \/>\n<strong>FIBRES<\/strong> 5,6g<br \/>\n<strong>PROTEINES<\/strong> 9,5g<br \/>\n<strong>VENTE<\/strong> 0,24g<\/p>","protected":false},"excerpt":{"rendered":"<ul>\n<li>\n<p class=\"western\" lang=\"it-IT\"><span style=\"font-size: medium;\"><span lang=\"en-CA\">Banane :<\/span><\/span><\/p>\n<ul>\n<li>\n<p class=\"western\" lang=\"it-IT\"><span style=\"font-size: medium;\"><span lang=\"fr-CH\">Potassium : r\u00e9gule la tension art\u00e9rielle et favorise la sant\u00e9 musculaire.<\/span><\/span><\/p>\n<\/li>\n<li>\n<p class=\"western\" lang=\"it-IT\"><span style=\"font-size: medium;\"><span lang=\"en-CA\">Glucides complexes : source d'\u00e9nergie \u00e0 lib\u00e9ration lente, id\u00e9ale pour soutenir l'activit\u00e9 physique.<\/span><\/span><\/p>\n<\/li>\n<li>\n<p class=\"western\" lang=\"it-IT\"><span style=\"font-size: medium;\"><span lang=\"en-CA\">Vitamine B6 : contribue au bon fonctionnement du syst\u00e8me nerveux.<\/span><\/span><\/p>\n<\/li>\n<\/ul>\n<\/li>\n<li>\n<p class=\"western\" lang=\"it-IT\"><span style=\"font-size: medium;\"><span lang=\"en-CA\">Amandes :<\/span><\/span><\/p>\n<ul>\n<li>\n<p class=\"western\" lang=\"it-IT\"><span style=\"font-size: medium;\"><span lang=\"fr-CH\">Graisses saines : riches en acides gras monoinsatur\u00e9s, bons pour la sant\u00e9 cardiovasculaire.<\/span><\/span><\/p>\n<\/li>\n<li>\n<p class=\"western\" lang=\"it-IT\"><span style=\"font-size: medium;\"><span lang=\"fr-CH\">Vitamine E : prot\u00e8ge les cellules contre le stress oxydatif et favorise la sant\u00e9 de la peau.<\/span><\/span><\/p>\n<\/li>\n<li>\n<p class=\"western\" lang=\"it-IT\"><span style=\"font-size: medium;\"><span lang=\"fr-CH\">Prot\u00e9ines : elles contribuent au maintien de la masse musculaire et constituent une bonne source d'\u00e9nergie.<\/span><\/span><\/p>\n<\/li>\n<\/ul>\n<\/li>\n<\/ul>\n<p><strong>INGREDIENTS<\/strong>: grain d'amande 20%, banane 20%, p\u00e2te de datte, p\u00e2te d'abricot (sirop de glucose, sucre, acide citrique), sirop de datte, maltodextrine, antioxydant (extrait de romarin), sel, prot\u00e9ine de citrouille 2%, prot\u00e9ine de pois 5%, prot\u00e9ine de riz 5%, prot\u00e9ine de tournesol 2%.<\/p>\n<p><img loading=\"lazy\" decoding=\"async\" class=\"alignnone size-full wp-image-86\" src=\"https:\/\/shop.naturaliafood.ch\/wp-content\/uploads\/2024\/09\/barrette.png\" alt=\"\" width=\"249\" height=\"115\" \/><\/p>","protected":false},"featured_media":58,"template":"","meta":{"_et_pb_use_builder":"","_et_pb_old_content":"","_et_gb_content_width":""},"product_brand":[],"product_cat":[22],"product_tag":[],"class_list":{"0":"post-57","1":"product","2":"type-product","3":"status-publish","4":"has-post-thumbnail","6":"product_cat-barrette-proteiche","8":"first","9":"instock","10":"taxable","11":"shipping-taxable","12":"purchasable","13":"product-type-simple"},"_links":{"self":[{"href":"https:\/\/naturaliafood.ch\/fr\/wp-json\/wp\/v2\/product\/57","targetHints":{"allow":["GET"]}}],"collection":[{"href":"https:\/\/naturaliafood.ch\/fr\/wp-json\/wp\/v2\/product"}],"about":[{"href":"https:\/\/naturaliafood.ch\/fr\/wp-json\/wp\/v2\/types\/product"}],"wp:featuredmedia":[{"embeddable":true,"href":"https:\/\/naturaliafood.ch\/fr\/wp-json\/wp\/v2\/media\/58"}],"wp:attachment":[{"href":"https:\/\/naturaliafood.ch\/fr\/wp-json\/wp\/v2\/media?parent=57"}],"wp:term":[{"taxonomy":"product_brand","embeddable":true,"href":"https:\/\/naturaliafood.ch\/fr\/wp-json\/wp\/v2\/product_brand?post=57"},{"taxonomy":"product_cat","embeddable":true,"href":"https:\/\/naturaliafood.ch\/fr\/wp-json\/wp\/v2\/product_cat?post=57"},{"taxonomy":"product_tag","embeddable":true,"href":"https:\/\/naturaliafood.ch\/fr\/wp-json\/wp\/v2\/product_tag?post=57"}],"curies":[{"name":"wp","href":"https:\/\/api.w.org\/{rel}","templated":true}]}}