{"id":55,"date":"2024-09-24T16:30:22","date_gmt":"2024-09-24T16:30:22","guid":{"rendered":"https:\/\/naturaliafood.ch\/?post_type=product&#038;p=55"},"modified":"2024-12-03T15:21:37","modified_gmt":"2024-12-03T15:21:37","slug":"barre-pistache-feve-de-cacao","status":"publish","type":"product","link":"https:\/\/naturaliafood.ch\/fr\/produit\/barre-pistache-feve-de-cacao\/","title":{"rendered":"Barre aux pistaches et aux f\u00e8ves de cacao, paquet de 12"},"content":{"rendered":"<p>Pays de production : Italie<br \/>\nBarre de pistaches et de f\u00e8ves de cacao<br \/>\n<strong>VALEURS NUTRITIONNELLES<\/strong><br \/>\nValeurs moyennes par 50g<br \/>\n<strong>\u00c9NERGIE<\/strong> 826Kj\/198kcal<br \/>\n<strong>FATS <\/strong>dont acides gras satur\u00e9s 8,1g 1,6g<br \/>\n<strong>CARBOHYDRATES <\/strong>dont sucres 23,3g 17,0g<br \/>\n<strong>FIBRES<\/strong> 4,9g<br \/>\n<strong>PROTEINES<\/strong> 5,3g<br \/>\n<strong>VENTE<\/strong> 0,28g<\/p>","protected":false},"excerpt":{"rendered":"<ul>\n<li>\n<p class=\"western\" lang=\"it-IT\"><span style=\"font-size: medium;\"><span lang=\"en-CA\">Pistache :<\/span><\/span><\/p>\n<ul>\n<li>\n<p class=\"western\" lang=\"it-IT\"><span style=\"font-size: medium;\"><span lang=\"fr-CH\">Graisses mono-insatur\u00e9es : elles sont b\u00e9n\u00e9fiques pour la sant\u00e9 cardiaque et contribuent \u00e0 r\u00e9duire le mauvais cholest\u00e9rol.<\/span><\/span><\/p>\n<\/li>\n<li>\n<p class=\"western\" lang=\"it-IT\"><span style=\"font-size: medium;\"><span lang=\"fr-CH\">Prot\u00e9ines : Excellente source v\u00e9g\u00e9tale pour le maintien de la masse musculaire.<\/span><\/span><\/p>\n<\/li>\n<li>\n<p class=\"western\" lang=\"it-IT\"><span style=\"font-size: medium;\"><span lang=\"en-CA\">Vitamines et min\u00e9raux : riches en vitamine B6, en magn\u00e9sium et en potassium, ils favorisent les fonctions nerveuses et musculaires.<\/span><\/span><\/p>\n<\/li>\n<\/ul>\n<\/li>\n<li>\n<p class=\"western\" lang=\"it-IT\"><span style=\"font-size: medium;\"><span lang=\"en-CA\">F\u00e8ves de cacao :<\/span><\/span><\/p>\n<ul>\n<li>\n<p class=\"western\" lang=\"it-IT\"><span style=\"font-size: medium;\"><span lang=\"fr-CH\">Antioxydants : forte concentration de flavono\u00efdes, qui aident \u00e0 lutter contre le stress oxydatif et favorisent la sant\u00e9 cardiaque.<\/span><\/span><\/p>\n<\/li>\n<li>\n<p class=\"western\" lang=\"it-IT\"><span style=\"font-size: medium;\"><span lang=\"fr-CH\">Magn\u00e9sium : contribue \u00e0 la sant\u00e9 du c\u0153ur, des os et des muscles.<\/span><\/span><\/p>\n<\/li>\n<li>\n<p class=\"western\" lang=\"it-IT\"><span style=\"font-size: medium;\"><span lang=\"fr-CH\">Th\u00e9obromine : un alcalo\u00efde qui agit comme un stimulant naturel, fournissant de l'\u00e9nergie sans le trac de la caf\u00e9ine.<\/span><\/span><\/p>\n<\/li>\n<\/ul>\n<\/li>\n<\/ul>\n<p><strong>INGREDIENTS<\/strong>: pistache 20%, f\u00e8ve de cacao 10%, p\u00e2te de dattes, sirop de dattes, granul\u00e9s d'amandes, cacao, maltodextrine, antioxydant (extrait de romarin), sel.<\/p>\n<p><img loading=\"lazy\" decoding=\"async\" class=\"alignnone size-full wp-image-86\" src=\"https:\/\/shop.naturaliafood.ch\/wp-content\/uploads\/2024\/09\/barrette.png\" alt=\"\" width=\"249\" height=\"115\" \/><\/p>","protected":false},"featured_media":56,"template":"","meta":{"_et_pb_use_builder":"","_et_pb_old_content":"","_et_gb_content_width":""},"product_brand":[],"product_cat":[22],"product_tag":[],"class_list":{"0":"post-55","1":"product","2":"type-product","3":"status-publish","4":"has-post-thumbnail","6":"product_cat-barrette-proteiche","8":"first","9":"instock","10":"taxable","11":"shipping-taxable","12":"purchasable","13":"product-type-simple"},"_links":{"self":[{"href":"https:\/\/naturaliafood.ch\/fr\/wp-json\/wp\/v2\/product\/55","targetHints":{"allow":["GET"]}}],"collection":[{"href":"https:\/\/naturaliafood.ch\/fr\/wp-json\/wp\/v2\/product"}],"about":[{"href":"https:\/\/naturaliafood.ch\/fr\/wp-json\/wp\/v2\/types\/product"}],"wp:featuredmedia":[{"embeddable":true,"href":"https:\/\/naturaliafood.ch\/fr\/wp-json\/wp\/v2\/media\/56"}],"wp:attachment":[{"href":"https:\/\/naturaliafood.ch\/fr\/wp-json\/wp\/v2\/media?parent=55"}],"wp:term":[{"taxonomy":"product_brand","embeddable":true,"href":"https:\/\/naturaliafood.ch\/fr\/wp-json\/wp\/v2\/product_brand?post=55"},{"taxonomy":"product_cat","embeddable":true,"href":"https:\/\/naturaliafood.ch\/fr\/wp-json\/wp\/v2\/product_cat?post=55"},{"taxonomy":"product_tag","embeddable":true,"href":"https:\/\/naturaliafood.ch\/fr\/wp-json\/wp\/v2\/product_tag?post=55"}],"curies":[{"name":"wp","href":"https:\/\/api.w.org\/{rel}","templated":true}]}}