{"id":53,"date":"2024-09-24T16:30:21","date_gmt":"2024-09-24T16:30:21","guid":{"rendered":"https:\/\/naturaliafood.ch\/?post_type=product&#038;p=53"},"modified":"2024-12-03T15:22:21","modified_gmt":"2024-12-03T15:22:21","slug":"barre-a-la-noix-de-coco-et-a-la-mangue","status":"publish","type":"product","link":"https:\/\/naturaliafood.ch\/fr\/produit\/barre-a-la-noix-de-coco-et-a-la-mangue\/","title":{"rendered":"Barre \u00e0 la noix de coco et \u00e0 la mangue, paquet de 12"},"content":{"rendered":"<p>Pays de production : Italie<br \/>\nBarre \u00e0 la noix de coco et \u00e0 la mangue<br \/>\n<strong>VALEURS NUTRITIONNELLES<\/strong><br \/>\nValeurs moyennes par 50g<br \/>\n<strong>\u00c9NERGIE <\/strong>835Kj\/199kcal<br \/>\n<strong>FATS <\/strong>dont acides gras satur\u00e9s 7,4g 4,5g<br \/>\n<strong>CARBOHYDRATES <\/strong>dont sucres 29,0g 12,0g<br \/>\n<strong>FIBRES<\/strong> 2,9g<br \/>\n<strong>PROTEINES<\/strong> 2,7g<br \/>\n<strong>VENTE<\/strong> 0,23g<\/p>","protected":false},"excerpt":{"rendered":"<ul>\n<li>\n<p class=\"western\" lang=\"it-IT\"><span style=\"font-size: medium;\"><span lang=\"en-CA\">Noix de coco :<\/span><\/span><\/p>\n<ul>\n<li>\n<p class=\"western\" lang=\"it-IT\"><span style=\"font-size: medium;\"><span lang=\"fr-CH\">Fibres : favorisent la sant\u00e9 intestinale et prolongent la sati\u00e9t\u00e9.<\/span><\/span><\/p>\n<\/li>\n<li>\n<p class=\"western\" lang=\"it-IT\"><span style=\"font-size: medium;\"><span lang=\"en-CA\">Graisses saines : contient des acides gras \u00e0 cha\u00eene moyenne qui fournissent une \u00e9nergie rapide et am\u00e9liorent le m\u00e9tabolisme.<\/span><\/span><\/p>\n<\/li>\n<li>\n<p class=\"western\" lang=\"it-IT\"><span style=\"font-size: medium;\"><span lang=\"fr-CH\">Min\u00e9raux : Bonne source de potassium, de fer et de magn\u00e9sium, essentiels \u00e0 l'\u00e9quilibre \u00e9lectrolytique et \u00e0 la sant\u00e9 musculaire.<\/span><\/span><\/p>\n<\/li>\n<\/ul>\n<\/li>\n<li>\n<p class=\"western\" lang=\"it-IT\"><span style=\"font-size: medium;\"><span lang=\"en-CA\">Mangue :<\/span><\/span><\/p>\n<ul>\n<li>\n<p class=\"western\" lang=\"it-IT\"><span style=\"font-size: medium;\"><span lang=\"fr-CH\">Vitamine C : renforce le syst\u00e8me immunitaire et favorise la production de collag\u00e8ne pour la peau.<\/span><\/span><\/p>\n<\/li>\n<li>\n<p class=\"western\" lang=\"it-IT\"><span style=\"font-size: medium;\"><span lang=\"en-CA\">Fibres : am\u00e9liorent la digestion et aident \u00e0 r\u00e9guler le taux de sucre dans le sang.<\/span><\/span><\/p>\n<\/li>\n<li>\n<p class=\"western\" lang=\"it-IT\"><span style=\"font-size: medium;\"><span lang=\"fr-CH\">Antioxydants : prot\u00e8gent les cellules du stress oxydatif et favorisent la sant\u00e9 g\u00e9n\u00e9rale.<\/span><\/span><\/p>\n<\/li>\n<\/ul>\n<\/li>\n<\/ul>\n<p><strong>INGREDIENTS<\/strong>: noix de coco 16%, mangue 13%, p\u00e2te de dattes, sirop de dattes, granul\u00e9s d'amandes, maltodextrine, antioxydant (extrait de romarin), sel.<\/p>\n<p><img loading=\"lazy\" decoding=\"async\" class=\"alignnone size-full wp-image-86\" src=\"https:\/\/shop.naturaliafood.ch\/wp-content\/uploads\/2024\/09\/barrette.png\" alt=\"\" width=\"249\" height=\"115\" \/><\/p>","protected":false},"featured_media":54,"template":"","meta":{"_et_pb_use_builder":"","_et_pb_old_content":"","_et_gb_content_width":""},"product_brand":[],"product_cat":[22],"product_tag":[],"class_list":{"0":"post-53","1":"product","2":"type-product","3":"status-publish","4":"has-post-thumbnail","6":"product_cat-barrette-proteiche","8":"first","9":"instock","10":"taxable","11":"shipping-taxable","12":"purchasable","13":"product-type-simple"},"_links":{"self":[{"href":"https:\/\/naturaliafood.ch\/fr\/wp-json\/wp\/v2\/product\/53","targetHints":{"allow":["GET"]}}],"collection":[{"href":"https:\/\/naturaliafood.ch\/fr\/wp-json\/wp\/v2\/product"}],"about":[{"href":"https:\/\/naturaliafood.ch\/fr\/wp-json\/wp\/v2\/types\/product"}],"wp:featuredmedia":[{"embeddable":true,"href":"https:\/\/naturaliafood.ch\/fr\/wp-json\/wp\/v2\/media\/54"}],"wp:attachment":[{"href":"https:\/\/naturaliafood.ch\/fr\/wp-json\/wp\/v2\/media?parent=53"}],"wp:term":[{"taxonomy":"product_brand","embeddable":true,"href":"https:\/\/naturaliafood.ch\/fr\/wp-json\/wp\/v2\/product_brand?post=53"},{"taxonomy":"product_cat","embeddable":true,"href":"https:\/\/naturaliafood.ch\/fr\/wp-json\/wp\/v2\/product_cat?post=53"},{"taxonomy":"product_tag","embeddable":true,"href":"https:\/\/naturaliafood.ch\/fr\/wp-json\/wp\/v2\/product_tag?post=53"}],"curies":[{"name":"wp","href":"https:\/\/api.w.org\/{rel}","templated":true}]}}