{"id":49,"date":"2024-09-24T16:30:17","date_gmt":"2024-09-24T16:30:17","guid":{"rendered":"https:\/\/naturaliafood.ch\/?post_type=product&#038;p=49"},"modified":"2024-12-12T16:26:50","modified_gmt":"2024-12-12T16:26:50","slug":"bonnes-noix-de-cajou","status":"publish","type":"product","link":"https:\/\/naturaliafood.ch\/fr\/produit\/bonnes-noix-de-cajou\/","title":{"rendered":"Bonne noix de cajou"},"content":{"rendered":"<p>Pays de production : Kenya<br \/>\n<strong>VALEURS NUTRITIONNELLES<\/strong><br \/>\nValeurs moyennes pour 100g de produit<br \/>\n<strong>\u00c9NERGIE<\/strong> 2548Kj\/612kcal<br \/>\n<strong>FATS <\/strong>dont acides gras satur\u00e9s 48,2g 7,2g<br \/>\n<strong>CARBOHYDRATES <\/strong>dont sucres*28,5g 5,0g<br \/>\n<strong>FIBRES<\/strong> 9,1g<br \/>\n<strong>PROTEINES<\/strong> 16,2g<br \/>\n<strong>VENTE<\/strong> 0,25g<br \/>\n<strong>MAGNESIUM <\/strong>256 mg (68%VNR)<\/p>\n<ul>\n<li>contient naturellement des sucres de fruits<\/li>\n<\/ul>","protected":false},"excerpt":{"rendered":"<ul>\n<li>Graisses saines : contient des acides gras monoinsatur\u00e9s bons pour le c\u0153ur.<\/li>\n<li>Prot\u00e9ines : contribuent au maintien de la masse musculaire<\/li>\n<li>Magn\u00e9sium et cuivre : essentiels pour la sant\u00e9 des os, du cerveau et du syst\u00e8me immunitaire<\/li>\n<li>Antioxydants : aident \u00e0 prot\u00e9ger les cellules des dommages caus\u00e9s par l'oxydation<\/li>\n<li>Riche en FIBRE<\/li>\n<li>Riche en MAGNESIUM, qui contribue \u00e0 r\u00e9duire la fatigue et l'\u00e9puisement.<\/li>\n<li>Riche en FER, qui contribue \u00e0 la formation normale des globules rouges et de l'h\u00e9moglobine.<\/li>\n<li>Riche en SELENIUM, PHOSPHORUS et POTASSIUM<\/li>\n<li>Source de CUIVRE<\/li>\n<li>Ingr\u00e9dients : 100% Noix de cajou, sel (&lt; 1%)<\/li>\n<\/ul>\n<p><img loading=\"lazy\" decoding=\"async\" class=\"alignnone size-medium wp-image-45\" src=\"https:\/\/naturaliafood.ch\/wp-content\/uploads\/2024\/09\/good-mango-300x69.png\" alt=\"\" width=\"300\" height=\"69\" \/><\/p>","protected":false},"featured_media":50,"template":"","meta":{"_et_pb_use_builder":"","_et_pb_old_content":"","_et_gb_content_width":""},"product_brand":[],"product_cat":[16],"product_tag":[],"class_list":{"0":"post-49","1":"product","2":"type-product","3":"status-publish","4":"has-post-thumbnail","6":"product_cat-frutta-secca","8":"first","9":"instock","10":"taxable","11":"shipping-taxable","12":"purchasable","13":"product-type-variable"},"_links":{"self":[{"href":"https:\/\/naturaliafood.ch\/fr\/wp-json\/wp\/v2\/product\/49","targetHints":{"allow":["GET"]}}],"collection":[{"href":"https:\/\/naturaliafood.ch\/fr\/wp-json\/wp\/v2\/product"}],"about":[{"href":"https:\/\/naturaliafood.ch\/fr\/wp-json\/wp\/v2\/types\/product"}],"wp:featuredmedia":[{"embeddable":true,"href":"https:\/\/naturaliafood.ch\/fr\/wp-json\/wp\/v2\/media\/50"}],"wp:attachment":[{"href":"https:\/\/naturaliafood.ch\/fr\/wp-json\/wp\/v2\/media?parent=49"}],"wp:term":[{"taxonomy":"product_brand","embeddable":true,"href":"https:\/\/naturaliafood.ch\/fr\/wp-json\/wp\/v2\/product_brand?post=49"},{"taxonomy":"product_cat","embeddable":true,"href":"https:\/\/naturaliafood.ch\/fr\/wp-json\/wp\/v2\/product_cat?post=49"},{"taxonomy":"product_tag","embeddable":true,"href":"https:\/\/naturaliafood.ch\/fr\/wp-json\/wp\/v2\/product_tag?post=49"}],"curies":[{"name":"wp","href":"https:\/\/api.w.org\/{rel}","templated":true}]}}