{"id":45,"date":"2024-09-24T16:30:10","date_gmt":"2024-09-24T16:30:10","guid":{"rendered":"https:\/\/naturaliafood.ch\/?post_type=product&#038;p=45"},"modified":"2024-10-25T07:44:22","modified_gmt":"2024-10-25T07:44:22","slug":"bon-macadamia","status":"publish","type":"product","link":"https:\/\/naturaliafood.ch\/fr\/produit\/bon-macadamia\/","title":{"rendered":"Bon Macadamia"},"content":{"rendered":"<p>Pays de production : Kenya<br \/>\n<strong>VALEURS NUTRITIONNELLES<\/strong><br \/>\nValeurs moyennes pour 100g de produit<br \/>\n<strong>\u00c9NERGIE <\/strong>3184Kj\/766kcal<br \/>\n<strong>FATS <\/strong>dont acides gras satur\u00e9s 76,2g 10,0g<br \/>\n<strong>CARBOHYDRATES <\/strong>dont sucres*12,8g 4,6g<br \/>\n<strong>FIBRES<\/strong> 8,8g<br \/>\n<strong>PROTEINES<\/strong> 7,2g<br \/>\n<strong>VENTE<\/strong>**0,005g<br \/>\n<strong>SELENIUM<\/strong> 53 \u00b5g (97%VNR)<\/p>\n<ul>\n<li>contient naturellement des sucres de fruits<\/li>\n<li>la teneur en sel est uniquement due \u00e0 la teneur naturelle en sodium des ingr\u00e9dients<\/li>\n<\/ul>","protected":false},"excerpt":{"rendered":"<ul>\n<li>Graisses mono-insatur\u00e9es : avantages pour la sant\u00e9 cardiaque et la r\u00e9duction du mauvais cholest\u00e9rol<\/li>\n<li>Fibres : favorise la digestion et la sant\u00e9 intestinale<\/li>\n<li>Antioxydants : prot\u00e8gent les cellules des dommages oxydatifs<\/li>\n<li>Vitamines et min\u00e9raux : Riche en thiamine (vitamine B1) et en mangan\u00e8se, importants pour le m\u00e9tabolisme \u00e9nerg\u00e9tique et la sant\u00e9 des os.<\/li>\n<li>Riche en FIBRE<\/li>\n<li>Riche en SELENIUM, qui aide \u00e0 prot\u00e9ger les cellules du stress oxydatif<\/li>\n<li>Riche en PHOSPHORE, qui contribue \u00e0 un m\u00e9tabolisme \u00e9nerg\u00e9tique normal<\/li>\n<li>Riche en MAGNESIUM, qui contribue \u00e0 r\u00e9duire la fatigue et l'\u00e9puisement.<\/li>\n<li>Riche en CUIVRE<\/li>\n<li>Source de FER et de POTASSIUM<\/li>\n<li>Ingr\u00e9dients : 100% Macadamia<\/li>\n<\/ul>\n<p><img loading=\"lazy\" decoding=\"async\" class=\"alignnone size-medium wp-image-45\" src=\"https:\/\/shop.naturaliafood.ch\/wp-content\/uploads\/2024\/09\/good-mango-300x69.png\" alt=\"\" width=\"300\" height=\"69\" \/><\/p>","protected":false},"featured_media":46,"template":"","meta":{"_et_pb_use_builder":"","_et_pb_old_content":"","_et_gb_content_width":""},"product_brand":[],"product_cat":[16],"product_tag":[],"class_list":{"0":"post-45","1":"product","2":"type-product","3":"status-publish","4":"has-post-thumbnail","6":"product_cat-frutta-secca","8":"first","9":"instock","10":"taxable","11":"shipping-taxable","12":"purchasable","13":"product-type-variable"},"_links":{"self":[{"href":"https:\/\/naturaliafood.ch\/fr\/wp-json\/wp\/v2\/product\/45","targetHints":{"allow":["GET"]}}],"collection":[{"href":"https:\/\/naturaliafood.ch\/fr\/wp-json\/wp\/v2\/product"}],"about":[{"href":"https:\/\/naturaliafood.ch\/fr\/wp-json\/wp\/v2\/types\/product"}],"wp:featuredmedia":[{"embeddable":true,"href":"https:\/\/naturaliafood.ch\/fr\/wp-json\/wp\/v2\/media\/46"}],"wp:attachment":[{"href":"https:\/\/naturaliafood.ch\/fr\/wp-json\/wp\/v2\/media?parent=45"}],"wp:term":[{"taxonomy":"product_brand","embeddable":true,"href":"https:\/\/naturaliafood.ch\/fr\/wp-json\/wp\/v2\/product_brand?post=45"},{"taxonomy":"product_cat","embeddable":true,"href":"https:\/\/naturaliafood.ch\/fr\/wp-json\/wp\/v2\/product_cat?post=45"},{"taxonomy":"product_tag","embeddable":true,"href":"https:\/\/naturaliafood.ch\/fr\/wp-json\/wp\/v2\/product_tag?post=45"}],"curies":[{"name":"wp","href":"https:\/\/api.w.org\/{rel}","templated":true}]}}