{"id":35,"date":"2024-09-24T16:30:00","date_gmt":"2024-09-24T16:30:00","guid":{"rendered":"https:\/\/naturaliafood.ch\/?post_type=product&#038;p=35"},"modified":"2024-12-12T16:37:36","modified_gmt":"2024-12-12T16:37:36","slug":"bonne-banane","status":"publish","type":"product","link":"https:\/\/naturaliafood.ch\/fr\/produit\/bonne-banane\/","title":{"rendered":"Bonne banane"},"content":{"rendered":"<p>Pays de production : Kenya<br \/>\n<strong>VALEURS NUTRITIONNELLES<\/strong><br \/>\nValeurs moyennes pour 100g de produit<br \/>\n<strong>\u00c9NERGIE<\/strong> 1316Kj\/314kcal<br \/>\n<strong>FATS <\/strong>dont acides gras satur\u00e9s 0,1 g<br \/>\n<strong>CARBOHYDRATES <\/strong>dont sucres*70,5g 30,5g<br \/>\n<strong>FIBRES<\/strong> 8,6g<br \/>\n<strong>PROTEINES<\/strong> 3,65g<br \/>\n<strong>VENTE<\/strong>**0,002g<br \/>\n<strong>POTASSIUM <\/strong>1510 mg (76%VNR)<\/p>\n<ul>\n<li>contient naturellement des sucres de fruits<\/li>\n<li>la teneur en sel est uniquement due \u00e0 la teneur naturelle en sodium des ingr\u00e9dients<\/li>\n<\/ul>","protected":false},"excerpt":{"rendered":"<ul>\n<li>Riche en potassium : r\u00e9gule la tension art\u00e9rielle et soutient la fonction musculaire<\/li>\n<li>Vitamine B6 : essentielle \u00e0 la production de s\u00e9rotonine et \u00e0 la sant\u00e9 du cerveau<\/li>\n<li>Fibres : facilitent la digestion et la r\u00e9gulation du taux de sucre dans le sang<\/li>\n<li>Glucides complexes : source d'\u00e9nergie \u00e0 lib\u00e9ration lente<\/li>\n<li>Riche en FIBRES<\/li>\n<li>Riche en POTASSIUM, qui contribue au maintien d'une tension art\u00e9rielle normale<\/li>\n<li>Riche en MAGNESIUM, qui contribue \u00e0 r\u00e9duire la fatigue et l'\u00e9puisement.<\/li>\n<li>Source de PHOSPHORUS<\/li>\n<li>Ingr\u00e9dients : 100% Banane<\/li>\n<\/ul>\n<p><img loading=\"lazy\" decoding=\"async\" class=\"alignnone size-medium wp-image-45\" src=\"https:\/\/shop.naturaliafood.ch\/wp-content\/uploads\/2024\/09\/good-mango-300x69.png\" alt=\"\" width=\"300\" height=\"69\" \/><\/p>","protected":false},"featured_media":258,"template":"","meta":{"_et_pb_use_builder":"","_et_pb_old_content":"","_et_gb_content_width":""},"product_brand":[],"product_cat":[16],"product_tag":[],"class_list":{"0":"post-35","1":"product","2":"type-product","3":"status-publish","4":"has-post-thumbnail","6":"product_cat-frutta-secca","8":"first","9":"instock","10":"taxable","11":"shipping-taxable","12":"purchasable","13":"product-type-variable"},"_links":{"self":[{"href":"https:\/\/naturaliafood.ch\/fr\/wp-json\/wp\/v2\/product\/35","targetHints":{"allow":["GET"]}}],"collection":[{"href":"https:\/\/naturaliafood.ch\/fr\/wp-json\/wp\/v2\/product"}],"about":[{"href":"https:\/\/naturaliafood.ch\/fr\/wp-json\/wp\/v2\/types\/product"}],"wp:featuredmedia":[{"embeddable":true,"href":"https:\/\/naturaliafood.ch\/fr\/wp-json\/wp\/v2\/media\/258"}],"wp:attachment":[{"href":"https:\/\/naturaliafood.ch\/fr\/wp-json\/wp\/v2\/media?parent=35"}],"wp:term":[{"taxonomy":"product_brand","embeddable":true,"href":"https:\/\/naturaliafood.ch\/fr\/wp-json\/wp\/v2\/product_brand?post=35"},{"taxonomy":"product_cat","embeddable":true,"href":"https:\/\/naturaliafood.ch\/fr\/wp-json\/wp\/v2\/product_cat?post=35"},{"taxonomy":"product_tag","embeddable":true,"href":"https:\/\/naturaliafood.ch\/fr\/wp-json\/wp\/v2\/product_tag?post=35"}],"curies":[{"name":"wp","href":"https:\/\/api.w.org\/{rel}","templated":true}]}}