{"id":30,"date":"2024-09-24T16:29:55","date_gmt":"2024-09-24T16:29:55","guid":{"rendered":"https:\/\/naturaliafood.ch\/?post_type=product&#038;p=30"},"modified":"2024-12-13T07:41:17","modified_gmt":"2024-12-13T07:41:17","slug":"bon-ananas","status":"publish","type":"product","link":"https:\/\/naturaliafood.ch\/fr\/produit\/bon-ananas\/","title":{"rendered":"Bon ananas"},"content":{"rendered":"<p>Pays de production : Kenya - Ouganda<br \/>\n<strong>VALEURS NUTRITIONNELLES<\/strong><br \/>\nValeurs moyennes pour 100g de produit<br \/>\n<strong>\u00c9NERGIE <\/strong>Kj1483\/350kcal<br \/>\n<strong>FATS <\/strong>dont acides gras satur\u00e9s 0,3g 0,1g<br \/>\n<strong>CARBOHYDRATES <\/strong>dont sucres*82.0g 73.0g<br \/>\n<strong>FIBRES <\/strong>7,1g<br \/>\n<strong>PROTEINES <\/strong>1,8g<br \/>\n<strong>VENTE<\/strong>**0,002g<br \/>\n<strong>POTASSIUM <\/strong>1060 mg (53%VNR)<\/p>\n<ul>\n<li>contient naturellement des sucres de fruits<\/li>\n<li>la teneur en sel est uniquement due \u00e0 la teneur naturelle en sodium des ingr\u00e9dients<\/li>\n<\/ul>","protected":false},"excerpt":{"rendered":"<ul>\n<li>Brom\u00e9la\u00efne : enzyme qui facilite la digestion et r\u00e9duit l'inflammation.<\/li>\n<li>Vitamine C : essentielle pour le syst\u00e8me immunitaire et la peau<\/li>\n<li>Antioxydants : r\u00e9duit le risque de maladies chroniques<\/li>\n<li>Mangan\u00e8se : important pour le m\u00e9tabolisme et la sant\u00e9 des os<\/li>\n<li>Riche en FIBRES<\/li>\n<li>Riche en POTASSIUM, qui contribue au maintien d'une tension art\u00e9rielle normale<\/li>\n<li>Source de MAGNESIUM, qui contribue \u00e0 r\u00e9duire la fatigue et l'\u00e9puisement.<\/li>\n<li>Formats : 25g\/80g\/200g<\/li>\n<li>Ingr\u00e9dients : 100% Ananas<\/li>\n<\/ul>\n<p><img loading=\"lazy\" decoding=\"async\" class=\"alignnone size-medium wp-image-45\" src=\"https:\/\/shop.naturaliafood.ch\/wp-content\/uploads\/2024\/09\/good-mango-300x69.png\" alt=\"\" width=\"300\" height=\"69\" \/><\/p>","protected":false},"featured_media":31,"template":"","meta":{"_et_pb_use_builder":"","_et_pb_old_content":"","_et_gb_content_width":""},"product_brand":[],"product_cat":[16],"product_tag":[],"class_list":{"0":"post-30","1":"product","2":"type-product","3":"status-publish","4":"has-post-thumbnail","6":"product_cat-frutta-secca","8":"first","9":"instock","10":"taxable","11":"shipping-taxable","12":"purchasable","13":"product-type-variable"},"_links":{"self":[{"href":"https:\/\/naturaliafood.ch\/fr\/wp-json\/wp\/v2\/product\/30","targetHints":{"allow":["GET"]}}],"collection":[{"href":"https:\/\/naturaliafood.ch\/fr\/wp-json\/wp\/v2\/product"}],"about":[{"href":"https:\/\/naturaliafood.ch\/fr\/wp-json\/wp\/v2\/types\/product"}],"wp:featuredmedia":[{"embeddable":true,"href":"https:\/\/naturaliafood.ch\/fr\/wp-json\/wp\/v2\/media\/31"}],"wp:attachment":[{"href":"https:\/\/naturaliafood.ch\/fr\/wp-json\/wp\/v2\/media?parent=30"}],"wp:term":[{"taxonomy":"product_brand","embeddable":true,"href":"https:\/\/naturaliafood.ch\/fr\/wp-json\/wp\/v2\/product_brand?post=30"},{"taxonomy":"product_cat","embeddable":true,"href":"https:\/\/naturaliafood.ch\/fr\/wp-json\/wp\/v2\/product_cat?post=30"},{"taxonomy":"product_tag","embeddable":true,"href":"https:\/\/naturaliafood.ch\/fr\/wp-json\/wp\/v2\/product_tag?post=30"}],"curies":[{"name":"wp","href":"https:\/\/api.w.org\/{rel}","templated":true}]}}