{"id":25,"date":"2024-09-24T16:29:52","date_gmt":"2024-09-24T16:29:52","guid":{"rendered":"https:\/\/naturaliafood.ch\/?post_type=product&#038;p=25"},"modified":"2024-10-25T07:45:52","modified_gmt":"2024-10-25T07:45:52","slug":"bonne-papaye","status":"publish","type":"product","link":"https:\/\/naturaliafood.ch\/fr\/produit\/bonne-papaye\/","title":{"rendered":"Bonne papaye"},"content":{"rendered":"<p>Pays de production : Kenya<br \/>\n<strong>VALEURS NUTRITIONNELLES<\/strong><br \/>\nValeurs moyennes pour 100g de produit<br \/>\n<strong>\u00c9NERGIE <\/strong>1589Kj\/374Kcal<br \/>\n<strong>FATS <\/strong>dont acides gras satur\u00e9s 0,0g<br \/>\n<strong>CARBOHYDRATES <\/strong>dont sucres*93,0g 42,0g<br \/>\n<strong>FIBRES <\/strong>14,0g<br \/>\n<strong>PROTEINES <\/strong>0,0g<br \/>\n<strong>VENTE<\/strong>**0,003g<br \/>\n<strong>POTASSIUM <\/strong>2220 mg (111%VNR)<br \/>\n* contient naturellement des sucres de fruits<br \/>\n** la teneur en sel est uniquement due \u00e0 la teneur naturelle en sodium des ingr\u00e9dients<\/p>","protected":false},"excerpt":{"rendered":"<ul>\n<li>Enzymes digestives : La papa\u00efne facilite la digestion des prot\u00e9ines<\/li>\n<li>Vitamine C et A : importantes pour le syst\u00e8me immunitaire et la peau<\/li>\n<li>Antioxydants : r\u00e9duisent l'inflammation et prot\u00e8gent le c\u0153ur<\/li>\n<li>Fibres : am\u00e9liorent la digestion et favorisent la sati\u00e9t\u00e9<\/li>\n<li>Riche en CALCIUM, n\u00e9cessaire au maintien d'une ossature normale<\/li>\n<li>Riche en MAGNESIUM, qui contribue \u00e0 r\u00e9duire la fatigue et l'\u00e9puisement.<\/li>\n<li>Riche en POTASSIUM, qui contribue au maintien d'une tension art\u00e9rielle normale<\/li>\n<li>Riche en FIBRES<\/li>\n<li>Formats : 25g\/80g\/200g<\/li>\n<li>Ingr\u00e9dients : 100% Papaye<\/li>\n<\/ul>\n<p><img loading=\"lazy\" decoding=\"async\" class=\"alignnone size-medium wp-image-45\" src=\"https:\/\/shop.naturaliafood.ch\/wp-content\/uploads\/2024\/09\/good-mango-300x69.png\" alt=\"\" width=\"300\" height=\"69\" \/><\/p>","protected":false},"featured_media":261,"template":"","meta":{"_et_pb_use_builder":"","_et_pb_old_content":"","_et_gb_content_width":""},"product_brand":[],"product_cat":[16],"product_tag":[],"class_list":{"0":"post-25","1":"product","2":"type-product","3":"status-publish","4":"has-post-thumbnail","6":"product_cat-frutta-secca","8":"first","9":"instock","10":"taxable","11":"shipping-taxable","12":"purchasable","13":"product-type-variable"},"_links":{"self":[{"href":"https:\/\/naturaliafood.ch\/fr\/wp-json\/wp\/v2\/product\/25","targetHints":{"allow":["GET"]}}],"collection":[{"href":"https:\/\/naturaliafood.ch\/fr\/wp-json\/wp\/v2\/product"}],"about":[{"href":"https:\/\/naturaliafood.ch\/fr\/wp-json\/wp\/v2\/types\/product"}],"wp:featuredmedia":[{"embeddable":true,"href":"https:\/\/naturaliafood.ch\/fr\/wp-json\/wp\/v2\/media\/261"}],"wp:attachment":[{"href":"https:\/\/naturaliafood.ch\/fr\/wp-json\/wp\/v2\/media?parent=25"}],"wp:term":[{"taxonomy":"product_brand","embeddable":true,"href":"https:\/\/naturaliafood.ch\/fr\/wp-json\/wp\/v2\/product_brand?post=25"},{"taxonomy":"product_cat","embeddable":true,"href":"https:\/\/naturaliafood.ch\/fr\/wp-json\/wp\/v2\/product_cat?post=25"},{"taxonomy":"product_tag","embeddable":true,"href":"https:\/\/naturaliafood.ch\/fr\/wp-json\/wp\/v2\/product_tag?post=25"}],"curies":[{"name":"wp","href":"https:\/\/api.w.org\/{rel}","templated":true}]}}