{"id":17,"date":"2024-09-24T16:29:47","date_gmt":"2024-09-24T16:29:47","guid":{"rendered":"https:\/\/naturaliafood.ch\/?post_type=product&#038;p=17"},"modified":"2024-10-25T07:46:21","modified_gmt":"2024-10-25T07:46:21","slug":"bonne-noix-de-coco","status":"publish","type":"product","link":"https:\/\/naturaliafood.ch\/fr\/produit\/bonne-noix-de-coco\/","title":{"rendered":"Bonne noix de coco"},"content":{"rendered":"<p>Pays de production : Kenya<br \/>\n<strong>VALEURS NUTRITIONNELLES : <\/strong>Valeurs moyennes pour 100g de produit<br \/>\n<strong>L'\u00c9NERGIE :<\/strong> 2859Kj\/693kcal<br \/>\n<strong>FATS<\/strong> dont acides gras satur\u00e9s65,0g 59,0g<br \/>\n<strong>CARBOHYDRATES<\/strong> dont sucres*16,0g 5,2g<br \/>\n<strong>FIBRES<\/strong> 13,0g<br \/>\n<strong>PROTEINES<\/strong> 5,5g<br \/>\n<strong>VENTE<\/strong> 0,009g<br \/>\n<strong>PHOSPHORUS<\/strong> 212 mg (30% VNR)<\/p>\n<ul>\n<li>contient naturellement des sucres de fruits<\/li>\n<li>la teneur en sel est uniquement due \u00e0 la teneur naturelle en sodium des ingr\u00e9dients<\/li>\n<\/ul>","protected":false},"excerpt":{"rendered":"<ul>\n<li>Riche en fibres : facilite la digestion et la sant\u00e9 intestinale<\/li>\n<li>Graisses saines : contient des acides gras \u00e0 cha\u00eene moyenne (MCT), qui peuvent augmenter l'\u00e9nergie et le m\u00e9tabolisme.<\/li>\n<li>Min\u00e9raux : riches en potassium, magn\u00e9sium et fer, importants pour la fonction musculaire et nerveuse.<\/li>\n<li>Antioxydants : les compos\u00e9s antioxydants peuvent prot\u00e9ger les cellules contre le stress oxydatif.<\/li>\n<li>Riche en FIBRES<\/li>\n<li>Riche en PHOSPHORE, qui contribue \u00e0 un m\u00e9tabolisme \u00e9nerg\u00e9tique normal<\/li>\n<li>Riche en POTASSIUM, qui contribue au maintien d'une tension art\u00e9rielle normale<\/li>\n<li>Source de fer et de magn\u00e9sium<\/li>\n<li>Formats : 25g\/80g\/200g<\/li>\n<li>Ingr\u00e9dients : 100% Noix de coco<\/li>\n<\/ul>\n<p><img loading=\"lazy\" decoding=\"async\" class=\"alignnone size-medium wp-image-45\" src=\"https:\/\/shop.naturaliafood.ch\/wp-content\/uploads\/2024\/09\/good-mango-300x69.png\" alt=\"\" width=\"300\" height=\"69\" \/><\/p>","protected":false},"featured_media":18,"template":"","meta":{"_et_pb_use_builder":"","_et_pb_old_content":"","_et_gb_content_width":""},"product_brand":[],"product_cat":[16],"product_tag":[],"class_list":{"0":"post-17","1":"product","2":"type-product","3":"status-publish","4":"has-post-thumbnail","6":"product_cat-frutta-secca","8":"first","9":"instock","10":"taxable","11":"shipping-taxable","12":"purchasable","13":"product-type-variable"},"_links":{"self":[{"href":"https:\/\/naturaliafood.ch\/fr\/wp-json\/wp\/v2\/product\/17","targetHints":{"allow":["GET"]}}],"collection":[{"href":"https:\/\/naturaliafood.ch\/fr\/wp-json\/wp\/v2\/product"}],"about":[{"href":"https:\/\/naturaliafood.ch\/fr\/wp-json\/wp\/v2\/types\/product"}],"wp:featuredmedia":[{"embeddable":true,"href":"https:\/\/naturaliafood.ch\/fr\/wp-json\/wp\/v2\/media\/18"}],"wp:attachment":[{"href":"https:\/\/naturaliafood.ch\/fr\/wp-json\/wp\/v2\/media?parent=17"}],"wp:term":[{"taxonomy":"product_brand","embeddable":true,"href":"https:\/\/naturaliafood.ch\/fr\/wp-json\/wp\/v2\/product_brand?post=17"},{"taxonomy":"product_cat","embeddable":true,"href":"https:\/\/naturaliafood.ch\/fr\/wp-json\/wp\/v2\/product_cat?post=17"},{"taxonomy":"product_tag","embeddable":true,"href":"https:\/\/naturaliafood.ch\/fr\/wp-json\/wp\/v2\/product_tag?post=17"}],"curies":[{"name":"wp","href":"https:\/\/api.w.org\/{rel}","templated":true}]}}