{"id":15,"date":"2024-09-24T16:29:42","date_gmt":"2024-09-24T16:29:42","guid":{"rendered":"https:\/\/naturaliafood.ch\/?post_type=product&#038;p=15"},"modified":"2024-12-13T07:01:41","modified_gmt":"2024-12-13T07:01:41","slug":"bonne-mangue","status":"publish","type":"product","link":"https:\/\/naturaliafood.ch\/fr\/produit\/bonne-mangue\/","title":{"rendered":"Bonne mangue"},"content":{"rendered":"<p>Pays de production : Kenya<br \/>\n<strong>VALEURS NUTRITIONNELLES : <\/strong>Valeurs moyennes pour 100g de produit<br \/>\n<strong>L'\u00c9NERGIE : <\/strong>Kj1444\/341kcal<br \/>\n<strong>FATS <\/strong>dont acides gras satur\u00e9s1,0g 0,3g<br \/>\n<strong>CARBOHYDRATES <\/strong>dont sucres*77.0g 64.0g<br \/>\n<strong>FIBRES<\/strong> 6,5g<br \/>\n<strong>PROTEINES <\/strong>3,2g<br \/>\n<strong>VENTE<\/strong> 0,002g<br \/>\n<strong>POTASSIUM <\/strong>1110 mg (56%VNR)<\/p>\n<ul>\n<li>Contient naturellement des sucres de fruits<\/li>\n<li>La teneur en sel est uniquement due \u00e0 la teneur naturelle en sodium des ingr\u00e9dients.<\/li>\n<\/ul>","protected":false},"excerpt":{"rendered":"<ul>\n<li>Vitamine C : bonne pour le syst\u00e8me immunitaire et la sant\u00e9 de la peau<\/li>\n<li>Antioxydants : contient du b\u00eata-carot\u00e8ne et des polyph\u00e9nols, qui peuvent r\u00e9duire l'inflammation et prot\u00e9ger contre les maladies chroniques.<\/li>\n<li>Fibres : am\u00e9liorent la digestion et r\u00e9gulent le taux de sucre dans le sang<\/li>\n<li>Vitamine A : utile pour la sant\u00e9 des yeux et de la peau<\/li>\n<li>Riche en FIBRES<\/li>\n<li>Riche en POTASSIUM, qui contribue au maintien d'une tension art\u00e9rielle normale<\/li>\n<li>Formats : 25g\/80g\/200g<\/li>\n<li>Ingr\u00e9dients : 100% Mangue<\/li>\n<\/ul>\n<p><img loading=\"lazy\" decoding=\"async\" class=\"alignnone size-medium wp-image-45\" src=\"https:\/\/naturaliafood.ch\/wp-content\/uploads\/2024\/09\/good-mango-300x69.png\" alt=\"\" width=\"300\" height=\"69\" \/><\/p>","protected":false},"featured_media":16,"template":"","meta":{"_et_pb_use_builder":"","_et_pb_old_content":"","_et_gb_content_width":""},"product_brand":[],"product_cat":[16],"product_tag":[],"class_list":{"0":"post-15","1":"product","2":"type-product","3":"status-publish","4":"has-post-thumbnail","6":"product_cat-frutta-secca","8":"first","9":"instock","10":"taxable","11":"shipping-taxable","12":"purchasable","13":"product-type-variable"},"_links":{"self":[{"href":"https:\/\/naturaliafood.ch\/fr\/wp-json\/wp\/v2\/product\/15","targetHints":{"allow":["GET"]}}],"collection":[{"href":"https:\/\/naturaliafood.ch\/fr\/wp-json\/wp\/v2\/product"}],"about":[{"href":"https:\/\/naturaliafood.ch\/fr\/wp-json\/wp\/v2\/types\/product"}],"wp:featuredmedia":[{"embeddable":true,"href":"https:\/\/naturaliafood.ch\/fr\/wp-json\/wp\/v2\/media\/16"}],"wp:attachment":[{"href":"https:\/\/naturaliafood.ch\/fr\/wp-json\/wp\/v2\/media?parent=15"}],"wp:term":[{"taxonomy":"product_brand","embeddable":true,"href":"https:\/\/naturaliafood.ch\/fr\/wp-json\/wp\/v2\/product_brand?post=15"},{"taxonomy":"product_cat","embeddable":true,"href":"https:\/\/naturaliafood.ch\/fr\/wp-json\/wp\/v2\/product_cat?post=15"},{"taxonomy":"product_tag","embeddable":true,"href":"https:\/\/naturaliafood.ch\/fr\/wp-json\/wp\/v2\/product_tag?post=15"}],"curies":[{"name":"wp","href":"https:\/\/api.w.org\/{rel}","templated":true}]}}