{"id":13,"date":"2024-09-24T16:29:39","date_gmt":"2024-09-24T16:29:39","guid":{"rendered":"https:\/\/naturaliafood.ch\/?post_type=product&#038;p=13"},"modified":"2024-09-25T07:20:16","modified_gmt":"2024-09-25T07:20:16","slug":"antep-jumbo-pistache","status":"publish","type":"product","link":"https:\/\/naturaliafood.ch\/fr\/produit\/antep-jumbo-pistache\/","title":{"rendered":"Pistache 'Antep Jumbo'"},"content":{"rendered":"<p>Le calibre est Jumbo, ce qui correspond au type le plus grand et \u00e0 la meilleure qualit\u00e9. La coque et l'amande sont l\u00e9g\u00e8rement plus petites que celles du type Siirt. L'amande a une teneur en huile ol\u00e9ique (teneur en huile naturelle) plus \u00e9lev\u00e9e que celle du type Siirt. L'amande est vert clair \u00e0 l'ext\u00e9rieur. Elles sont grill\u00e9es dans la coque et ont une l\u00e9g\u00e8re teneur en sel. Les \u00e9quivalents iraniens et am\u00e9ricains sont plus secs et la teneur en alpha-toxine est nettement plus \u00e9lev\u00e9e que dans les pistaches d'Antep. Cette qualit\u00e9 est disponible non torr\u00e9fi\u00e9e, torr\u00e9fi\u00e9e et doublement torr\u00e9fi\u00e9e.<\/p>","protected":false},"excerpt":{"rendered":"<p>La Jumbo est la pistache la plus grosse et de la meilleure qualit\u00e9. La coquille et l'amande sont l\u00e9g\u00e8rement plus petites que celles du type Siirt.<\/p>","protected":false},"featured_media":14,"template":"","meta":{"_et_pb_use_builder":"","_et_pb_old_content":"","_et_gb_content_width":""},"product_brand":[],"product_cat":[16],"product_tag":[],"class_list":{"0":"post-13","1":"product","2":"type-product","3":"status-publish","4":"has-post-thumbnail","6":"product_cat-frutta-secca","8":"first","9":"instock","10":"taxable","11":"shipping-taxable","12":"purchasable","13":"product-type-simple"},"_links":{"self":[{"href":"https:\/\/naturaliafood.ch\/fr\/wp-json\/wp\/v2\/product\/13","targetHints":{"allow":["GET"]}}],"collection":[{"href":"https:\/\/naturaliafood.ch\/fr\/wp-json\/wp\/v2\/product"}],"about":[{"href":"https:\/\/naturaliafood.ch\/fr\/wp-json\/wp\/v2\/types\/product"}],"wp:featuredmedia":[{"embeddable":true,"href":"https:\/\/naturaliafood.ch\/fr\/wp-json\/wp\/v2\/media\/14"}],"wp:attachment":[{"href":"https:\/\/naturaliafood.ch\/fr\/wp-json\/wp\/v2\/media?parent=13"}],"wp:term":[{"taxonomy":"product_brand","embeddable":true,"href":"https:\/\/naturaliafood.ch\/fr\/wp-json\/wp\/v2\/product_brand?post=13"},{"taxonomy":"product_cat","embeddable":true,"href":"https:\/\/naturaliafood.ch\/fr\/wp-json\/wp\/v2\/product_cat?post=13"},{"taxonomy":"product_tag","embeddable":true,"href":"https:\/\/naturaliafood.ch\/fr\/wp-json\/wp\/v2\/product_tag?post=13"}],"curies":[{"name":"wp","href":"https:\/\/api.w.org\/{rel}","templated":true}]}}