{"id":3,"date":"2024-09-24T16:16:41","date_gmt":"2024-09-24T16:16:41","guid":{"rendered":"https:\/\/naturaliafood.ch\/?page_id=3"},"modified":"2024-11-11T07:39:47","modified_gmt":"2024-11-11T07:39:47","slug":"politique-de-confidentialite","status":"publish","type":"page","link":"https:\/\/naturaliafood.ch\/fr\/politique-de-confidentialite\/","title":{"rendered":"Politique de confidentialit\u00e9"},"content":{"rendered":"<p>Pour obtenir des informations sur vos donn\u00e9es personnelles collect\u00e9es, les finalit\u00e9s et les entit\u00e9s avec lesquelles les donn\u00e9es sont partag\u00e9es, veuillez contacter le responsable du traitement des donn\u00e9es \u00e0 l'adresse suivante : compliance@naturaliafood.ch. <\/p>\n\n\n\n<h2 class=\"wp-block-heading\">Types de donn\u00e9es collect\u00e9es<\/h2>\n\n\n\n<p>Le contr\u00f4leur ne fournit pas de liste des types de donn\u00e9es personnelles collect\u00e9es. Des d\u00e9tails complets sur chaque type de donn\u00e9es collect\u00e9es sont fournis dans les sections d\u00e9di\u00e9es de cette politique de confidentialit\u00e9 ou au moyen de textes d'information sp\u00e9cifiques affich\u00e9s avant la collecte des donn\u00e9es.<br>Les donn\u00e9es personnelles peuvent \u00eatre librement fournies par l'utilisateur ou, dans le cas des donn\u00e9es de l'utilisateur, collect\u00e9es automatiquement lors de l'utilisation de cette application.<br>Sauf indication contraire, toutes les Donn\u00e9es demand\u00e9es par cette Application sont obligatoires. Si l'Utilisateur refuse de les communiquer, cette Application peut \u00eatre dans l'impossibilit\u00e9 de fournir le Service. Dans les cas o\u00f9 cette Application indique certaines Donn\u00e9es comme \u00e9tant facultatives, l'Utilisateur est libre de ne pas les communiquer, sans que cela n'ait de cons\u00e9quence sur la disponibilit\u00e9 du Service ou son fonctionnement.<br>Les utilisateurs qui ont des doutes sur les donn\u00e9es obligatoires sont encourag\u00e9s \u00e0 contacter le contr\u00f4leur.<br>L'utilisation \u00e9ventuelle de Cookies - ou d'autres outils de suivi - par cette Application ou par les propri\u00e9taires de services tiers utilis\u00e9s par cette Application, sauf indication contraire, a pour but de fournir le Service demand\u00e9 par l'Utilisateur, en plus des autres finalit\u00e9s d\u00e9crites dans le pr\u00e9sent document et dans la Politique relative aux Cookies, si disponible.L'Utilisateur assume la responsabilit\u00e9 des Donn\u00e9es Personnelles de tiers obtenues, publi\u00e9es ou partag\u00e9es \u00e0 travers cette Application et garantit qu'il a le droit de les communiquer ou de les diffuser, en d\u00e9gageant le Propri\u00e9taire de toute responsabilit\u00e9 envers les tiers.M\u00e9thodes et lieu de traitement des Donn\u00e9es collect\u00e9esM\u00e9thodes de traitementLe Propri\u00e9taire adopte des mesures de s\u00e9curit\u00e9 appropri\u00e9es pour emp\u00eacher l'acc\u00e8s non autoris\u00e9, la divulgation, la modification ou la destruction des Donn\u00e9es Personnelles.<br>Le traitement est effectu\u00e9 \u00e0 l'aide d'instruments informatiques et\/ou t\u00e9l\u00e9matiques, avec des m\u00e9thodes d'organisation et des logiques strictement li\u00e9es aux finalit\u00e9s indiqu\u00e9es. Outre le Responsable du traitement, dans certains cas, d'autres sujets impliqu\u00e9s dans l'organisation de cette Application (administratifs, commerciaux, marketing, juridiques, administrateurs de syst\u00e8me) ou des sujets externes (tels que des prestataires de services techniques tiers, des courriers postaux, des fournisseurs d'h\u00e9bergement, des soci\u00e9t\u00e9s informatiques, des agences de communication) \u00e9galement d\u00e9sign\u00e9s, si n\u00e9cessaire, comme Responsables du traitement par le Responsable du traitement, peuvent avoir acc\u00e8s aux Donn\u00e9es.<br>La liste actualis\u00e9e des responsables du traitement des donn\u00e9es peut toujours \u00eatre demand\u00e9e au responsable du traitement des donn\u00e9es.<\/p>\n\n\n\n<p>l'utilisateur a donn\u00e9 son consentement pour un ou plusieurs objectifs sp\u00e9cifiques ; Remarque : dans certaines juridictions, le responsable du traitement peut \u00eatre autoris\u00e9 \u00e0 traiter des donn\u00e9es personnelles sans le consentement de l'utilisateur ou l'une des autres bases juridiques sp\u00e9cifi\u00e9es ci-dessous, jusqu'\u00e0 ce que l'utilisateur s'oppose (\"opt-out\") \u00e0 un tel traitement. Toutefois, cela ne s'applique pas lorsque le traitement des donn\u00e9es personnelles est r\u00e9gi par la l\u00e9gislation europ\u00e9enne sur la protection des donn\u00e9es personnelles ;<\/p>\n\n\n\n<p>le traitement est n\u00e9cessaire \u00e0 l'ex\u00e9cution d'un contrat avec l'utilisateur et\/ou \u00e0 l'ex\u00e9cution de mesures pr\u00e9contractuelles ;<\/p>\n\n\n\n<p>le traitement est n\u00e9cessaire pour respecter une obligation l\u00e9gale \u00e0 laquelle le contr\u00f4leur est soumis ;<\/p>\n\n\n\n<p>le traitement est n\u00e9cessaire \u00e0 l'ex\u00e9cution d'une t\u00e2che effectu\u00e9e dans l'int\u00e9r\u00eat public ou dans l'exercice de l'autorit\u00e9 publique dont est investi le responsable du traitement ;<\/p>\n\n\n\n<p>le traitement est n\u00e9cessaire \u00e0 la poursuite de l'int\u00e9r\u00eat l\u00e9gitime du responsable du traitement ou de tiers.<\/p>\n\n\n\n<p>Toutefois, il est toujours possible de demander au responsable du traitement de clarifier la base juridique concr\u00e8te de chaque traitement et, en particulier, de pr\u00e9ciser si le traitement est fond\u00e9 sur la loi, exig\u00e9 par un contrat ou n\u00e9cessaire \u00e0 la conclusion d'un contrat.LocalisationLes donn\u00e9es sont trait\u00e9es dans les locaux du responsable du traitement et dans tout autre lieu o\u00f9 se trouvent les parties impliqu\u00e9es dans le traitement. Pour de plus amples informations, veuillez contacter le contr\u00f4leur.<br>Vos donn\u00e9es \u00e0 caract\u00e8re personnel peuvent \u00eatre transf\u00e9r\u00e9es vers un pays autre que celui o\u00f9 vous vous trouvez. Vous avez le droit d'obtenir des informations sur la base juridique du transfert de donn\u00e9es en dehors de l'Union europ\u00e9enne ou \u00e0 une organisation internationale de droit public international ou compos\u00e9e de deux pays ou plus, telle que l'ONU, ainsi que sur les mesures de s\u00e9curit\u00e9 prises par le contr\u00f4leur pour prot\u00e9ger les donn\u00e9es.<\/p>\n\n\n\n<p>L'utilisateur peut v\u00e9rifier si l'un des transferts d\u00e9crits ci-dessus a eu lieu en examinant la section du pr\u00e9sent document relative aux d\u00e9tails du traitement des donn\u00e9es \u00e0 caract\u00e8re personnel ou demander des informations au responsable du traitement en le contactant aux coordonn\u00e9es indiqu\u00e9es au d\u00e9but du pr\u00e9sent document.<\/p>\n\n\n\n<p>C'est pourquoi :<\/p>\n\n\n\n<p>Les donn\u00e9es personnelles collect\u00e9es \u00e0 des fins li\u00e9es \u00e0 l'ex\u00e9cution d'un contrat entre le contr\u00f4leur et l'utilisateur seront conserv\u00e9es jusqu'\u00e0 la fin de l'ex\u00e9cution de ce contrat.<\/p>\n\n\n\n<p>Les donn\u00e9es personnelles collect\u00e9es \u00e0 des fins li\u00e9es \u00e0 l'int\u00e9r\u00eat l\u00e9gitime du responsable du traitement seront conserv\u00e9es jusqu'\u00e0 ce que cet int\u00e9r\u00eat soit satisfait. L'utilisateur peut obtenir de plus amples informations concernant l'int\u00e9r\u00eat l\u00e9gitime poursuivi par le responsable du traitement dans les sections pertinentes du pr\u00e9sent document ou en contactant le responsable du traitement.<\/p>\n\n\n\n<p>Lorsque le traitement est fond\u00e9 sur le consentement de l'utilisateur, le contr\u00f4leur peut conserver les donn\u00e9es personnelles pendant une p\u00e9riode plus longue jusqu'\u00e0 ce que ce consentement soit r\u00e9voqu\u00e9. En outre, le contr\u00f4leur peut \u00eatre oblig\u00e9 de conserver les donn\u00e9es personnelles pendant une p\u00e9riode plus longue pour se conformer \u00e0 une obligation l\u00e9gale ou sur ordre d'une autorit\u00e9.<\/p>\n\n\n\n<p>\u00c0 la fin de la p\u00e9riode de conservation, les donn\u00e9es personnelles seront supprim\u00e9es. Par cons\u00e9quent, \u00e0 la fin de cette p\u00e9riode, le droit d'acc\u00e8s, d'annulation, de rectification et le droit \u00e0 la portabilit\u00e9 des donn\u00e9es ne peuvent plus \u00eatre exerc\u00e9s.Droits de l'utilisateurLes utilisateurs peuvent exercer certains droits en ce qui concerne les donn\u00e9es trait\u00e9es par le contr\u00f4leur de donn\u00e9es.En particulier, l'utilisateur a le droit de :<\/p>\n\n\n\n<p><strong>Retirer son consentement \u00e0 tout moment<\/strong>L'utilisateur peut r\u00e9voquer le consentement qu'il a pr\u00e9c\u00e9demment exprim\u00e9 pour le traitement de ses donn\u00e9es personnelles.<\/p>\n\n\n\n<p><strong>S'opposer au traitement de vos donn\u00e9es<\/strong>\u00f2. Vous pouvez vous opposer au traitement de vos donn\u00e9es lorsqu'il est effectu\u00e9 sur une base juridique autre que le consentement. Vous trouverez plus de d\u00e9tails sur le droit d'opposition dans la section ci-dessous.<\/p>\n\n\n\n<p><strong>Acc\u00e9der \u00e0 vos donn\u00e9es<\/strong>L'utilisateur a le droit d'obtenir des informations sur les donn\u00e9es trait\u00e9es par le contr\u00f4leur, sur certains aspects du traitement et de recevoir une copie des donn\u00e9es trait\u00e9es.<\/p>\n\n\n\n<p><strong>V\u00e9rifier et demander la rectification<\/strong>L'utilisateur peut v\u00e9rifier l'exactitude de ses donn\u00e9es et demander qu'elles soient mises \u00e0 jour ou corrig\u00e9es.<\/p>\n\n\n\n<p><strong>Obtenir une restriction de traitement<\/strong>L'utilisateur peut demander la limitation du traitement de ses donn\u00e9es lorsque certaines conditions sont remplies. Dans ce cas, le responsable du traitement ne traitera pas les donn\u00e9es \u00e0 d'autres fins que leur stockage.<\/p>\n\n\n\n<p><strong>Obtenir la suppression ou le retrait de vos donn\u00e9es \u00e0 caract\u00e8re personnel<\/strong>L'utilisateur peut demander l'effacement de ses donn\u00e9es par le contr\u00f4leur lorsque certaines conditions sont remplies.<\/p>\n\n\n\n<p><strong>Recevoir ses donn\u00e9es ou les faire transf\u00e9rer \u00e0 un autre d\u00e9tenteur<\/strong>L'utilisateur a le droit de recevoir ses donn\u00e9es dans un format structur\u00e9, couramment utilis\u00e9 et lisible par machine et, lorsque cela est techniquement possible, de les faire transf\u00e9rer sans entrave \u00e0 un autre responsable du traitement. Cette disposition s'applique lorsque les donn\u00e9es sont trait\u00e9es de mani\u00e8re automatis\u00e9e et que le traitement est fond\u00e9 sur le consentement de l'utilisateur, sur un contrat auquel l'utilisateur est partie ou sur des mesures contractuelles connexes.<\/p>\n\n\n\n<p><strong>D\u00e9poser une plainte :<\/strong> L'utilisateur peut d\u00e9poser une plainte aupr\u00e8s de l'autorit\u00e9 de contr\u00f4le comp\u00e9tente en mati\u00e8re de protection des donn\u00e9es ou intenter une action en justice.<\/p>\n\n\n\n<h2 class=\"wp-block-heading\">D\u00e9tails sur le droit d'opposition :<\/h2>\n\n\n\n<p>Lorsque les donn\u00e9es personnelles sont trait\u00e9es dans l'int\u00e9r\u00eat public, dans l'exercice de l'autorit\u00e9 publique dont est investi le responsable du traitement ou dans la poursuite d'un int\u00e9r\u00eat l\u00e9gitime du responsable du traitement, les utilisateurs ont le droit de s'opposer au traitement pour des raisons li\u00e9es \u00e0 leur situation particuli\u00e8re. Il est rappel\u00e9 aux utilisateurs que si leurs donn\u00e9es sont trait\u00e9es \u00e0 des fins de marketing direct, ils peuvent s'opposer au traitement sans donner de raison. Pour savoir si le responsable du traitement traite des donn\u00e9es \u00e0 des fins de marketing direct, les utilisateurs peuvent se r\u00e9f\u00e9rer aux sections correspondantes du pr\u00e9sent document.<\/p>\n\n\n\n<h2 class=\"wp-block-heading\">Comment exercer ses droits :<\/h2>\n\n\n\n<p>Afin d'exercer leurs droits, les utilisateurs peuvent adresser une demande aux coordonn\u00e9es du responsable du traitement indiqu\u00e9es dans le pr\u00e9sent document. Les demandes sont d\u00e9pos\u00e9es gratuitement et trait\u00e9es par le responsable du traitement dans les meilleurs d\u00e9lais, en tout \u00e9tat de cause dans un d\u00e9lai d'un mois.<\/p>\n\n\n\n<p>Plus d'informations sur le traitement<br><strong>La d\u00e9fense au tribunal<br><\/strong>Les donn\u00e9es personnelles de l'utilisateur peuvent \u00eatre utilis\u00e9es par le contr\u00f4leur des donn\u00e9es dans le cadre d'une proc\u00e9dure judiciaire ou dans les phases pr\u00e9paratoires \u00e0 son \u00e9tablissement \u00e9ventuel pour la d\u00e9fense contre les abus dans l'utilisation de cette application ou des services connexes par l'utilisateur.<br>L'Utilisateur d\u00e9clare \u00eatre conscient que le Responsable du traitement peut \u00eatre oblig\u00e9 de divulguer les donn\u00e9es sur ordre des autorit\u00e9s publiques.Divulgations sp\u00e9cifiques\u00c0 la demande de l'Utilisateur, en plus des informations contenues dans la pr\u00e9sente politique de confidentialit\u00e9, cette Application peut fournir \u00e0 l'Utilisateur des divulgations suppl\u00e9mentaires et contextuelles concernant des Services sp\u00e9cifiques, ou la collecte et le traitement des Donn\u00e9es Personnelles.<\/p>\n\n\n\n<p><strong>Journaux et maintenance du syst\u00e8me<\/strong><br>\u00c0 des fins d'exploitation et de maintenance, cette application et les services tiers qu'elle utilise peuvent collecter des journaux de syst\u00e8me, c'est-\u00e0-dire des fichiers qui enregistrent les interactions et qui peuvent \u00e9galement contenir des donn\u00e9es \u00e0 caract\u00e8re personnel, telles que l'adresse IP de l'utilisateur.<\/p>\n\n\n\n<p><strong>Informations non contenues dans la pr\u00e9sente politique<\/strong><br>De plus amples informations concernant le traitement des donn\u00e9es personnelles peuvent \u00eatre demand\u00e9es \u00e0 tout moment au contr\u00f4leur des donn\u00e9es en utilisant les coordonn\u00e9es de contact.R\u00e9ponse aux demandes de Do Not Track \"Cette application ne prend pas en charge les demandes de Do Not Track.<br>Pour savoir si les services tiers utilis\u00e9s les prennent en charge, l'utilisateur est invit\u00e9 \u00e0 consulter leurs politiques de confidentialit\u00e9 respectives.<\/p>\n\n\n\n<p><strong>Modifications de la pr\u00e9sente politique de confidentialit\u00e9<\/strong><br>Le responsable du traitement des donn\u00e9es se r\u00e9serve le droit de modifier \u00e0 tout moment la pr\u00e9sente politique de confidentialit\u00e9 en informant les utilisateurs sur cette page et, si possible, sur cette application, ainsi que, si cela est techniquement et l\u00e9galement possible, en envoyant une notification aux utilisateurs par le biais de l'une des coordonn\u00e9es dont il dispose. Par cons\u00e9quent, nous vous invitons \u00e0 consulter fr\u00e9quemment cette page, en vous r\u00e9f\u00e9rant \u00e0 la date de la derni\u00e8re modification indiqu\u00e9e en bas de page.<\/p>\n\n\n\n<p>Si les modifications affectent le traitement dont la base juridique est le consentement, le contr\u00f4leur recueillera \u00e0 nouveau le consentement de l'utilisateur, si n\u00e9cessaire.<\/p>\n\n\n\n<h2 class=\"wp-block-heading\">10. Coordonn\u00e9es de la personne \u00e0 contacter<\/h2>\n\n\n\n<p>Pour toute question et\/ou commentaire concernant la politique de confidentialit\u00e9 et la pr\u00e9sente d\u00e9claration, veuillez nous contacter en utilisant les coordonn\u00e9es suivantes :<\/p>\n\n\n\n<p>Naturalia SA<br>Strada di Magistri, 5 - 6535 - Rovoredo,<br>Suisse<br>Site web :&nbsp;<a href=\"https:\/\/naturaliafood.ch\/fr\/\">https:\/\/naturaliafood.ch<\/a><br>Email:&nbsp;compliance@naturaliafood.ch<br>Num\u00e9ro de t\u00e9l\u00e9phone : +41 78 235 02 03<\/p>","protected":false},"excerpt":{"rendered":"<p>Per avere informazioni circa i tuoi dati personali raccolti, le finalit\u00e0 ed i soggetti con cui i dati vengono condivisi, contatta il Titolare del Trattamento dei Dati a questa mail compliance@naturaliafood.ch Tipologie di Dati raccolti Il Titolare non fornisce una lista di tipologie di Dati Personali raccolti.Dettagli completi su ciascuna tipologia di dati raccolti sono [&hellip;]<\/p>\n","protected":false},"author":1,"featured_media":0,"parent":0,"menu_order":0,"comment_status":"closed","ping_status":"open","template":"","meta":{"_et_pb_use_builder":"","_et_pb_old_content":"","_et_gb_content_width":"1080","footnotes":""},"class_list":["post-3","page","type-page","status-publish","hentry"],"_links":{"self":[{"href":"https:\/\/naturaliafood.ch\/fr\/wp-json\/wp\/v2\/pages\/3","targetHints":{"allow":["GET"]}}],"collection":[{"href":"https:\/\/naturaliafood.ch\/fr\/wp-json\/wp\/v2\/pages"}],"about":[{"href":"https:\/\/naturaliafood.ch\/fr\/wp-json\/wp\/v2\/types\/page"}],"author":[{"embeddable":true,"href":"https:\/\/naturaliafood.ch\/fr\/wp-json\/wp\/v2\/users\/1"}],"replies":[{"embeddable":true,"href":"https:\/\/naturaliafood.ch\/fr\/wp-json\/wp\/v2\/comments?post=3"}],"version-history":[{"count":4,"href":"https:\/\/naturaliafood.ch\/fr\/wp-json\/wp\/v2\/pages\/3\/revisions"}],"predecessor-version":[{"id":449,"href":"https:\/\/naturaliafood.ch\/fr\/wp-json\/wp\/v2\/pages\/3\/revisions\/449"}],"wp:attachment":[{"href":"https:\/\/naturaliafood.ch\/fr\/wp-json\/wp\/v2\/media?parent=3"}],"curies":[{"name":"wp","href":"https:\/\/api.w.org\/{rel}","templated":true}]}}