{"id":590,"date":"2025-04-17T09:27:08","date_gmt":"2025-04-17T09:27:08","guid":{"rendered":"https:\/\/naturaliafood.ch\/?post_type=product&#038;p=590"},"modified":"2025-04-17T09:28:10","modified_gmt":"2025-04-17T09:28:10","slug":"sirt500-plus-a5-60-compresse","status":"publish","type":"product","link":"https:\/\/naturaliafood.ch\/en\/product-2\/sirt500-plus-a5-60-compresse\/","title":{"rendered":"SIRT500 PLUS (A5+) &#8211; 60 Compresse"},"content":{"rendered":"<p>SIRT 500 Plus \u00e8 un integratore alimentare naturale attivatore di sirtuine, proteine che migliorano il metabolismo \u00a0e rallentano l&#8217;invecchiamento<\/p>\n<p>Contiene 60 compresse da 1gr a lento rilascio.<\/p>\n<div>\n<ul>\n<li><img decoding=\"async\" src=\"https:\/\/cdn.shopify.com\/s\/files\/1\/0567\/6761\/1055\/files\/Asset_2_3x_2.png?v=1715327527\" width=\"25px\" \/>\u00a0Stimola le\u00a0sirtuine\u00a0e il\u00a0rinnovamento cellulare<\/li>\n<li><img decoding=\"async\" src=\"https:\/\/cdn.shopify.com\/s\/files\/1\/0567\/6761\/1055\/files\/icone-02.svg?v=1649680676\" width=\"25px\" \/>\u00a0Migliora i\u00a0tempi di recupero\u00a0e la\u00a0resistenza allo stress<\/li>\n<li><img decoding=\"async\" src=\"https:\/\/cdn.shopify.com\/s\/files\/1\/0618\/6713\/1065\/files\/metabolismo.svg?v=1648563212\" width=\"25px\" \/>\u00a0Rinforza le\u00a0difese immunitarie\u00a0e il\u00a0metabolismo<\/li>\n<\/ul>\n<\/div>","protected":false},"excerpt":{"rendered":"<h3>Cosa contiene SIRT500 Plus?<\/h3>\n<p>SIRT500 Plus \u00e8 un integratore alimentare naturale a base da minerali, polifenoli e attivatori di sirtuine.<\/p>\n<p>I prodotti SIRT500 Plus contengono solo ingredienti naturali e di primissima qualit\u00e0, estratti con procedure che non prevedono l\u2019utilizzo di solventi e in una concentrazione superiore alla media degli integratori disponibili sul mercato.<\/p>\n<h3>I MINERALI<\/h3>\n<p>In SIRT500 Plus sono presenti differenti minerali, che attivano le sirtuine e che sono quindi in grado di stimolare il ringiovanimento delle cellule e che sostengono il sistema immunitario durante l\u2019invecchiamento:<\/p>\n<ul>\n<li><strong>Lo zinco<\/strong>:\u00e8 uno dei complessi enzimatici necessario per il corretto funzionamento di ormoni, insulina, ormoni sessuali e ormone della crescita. \u00c8 un minerale fondamentale per il nostro organismo.<\/li>\n<li><strong>Il selenio<\/strong>: \u00e8 un antiossidante molto efficace. Contrasta lo stress ossidativo cellulare, svolge attivit\u00e0 di prevenzione, esercita un\u2019azione protettiva sulla tiroide garantendone il buon funzionamento, e sugli annessi cutanei.<\/li>\n<li><strong>Il cromo<\/strong>: regola i livelli di insulina, ormone fondamentale nel nostro organismo che influenza il controllo dei grassi e del glucosio.<\/li>\n<\/ul>\n<h2>I Polifenoli<\/h2>\n<p>I polifenoli sono sostanze di origine vegetale presenti in molti alimenti come frutta, verdura, vino rosso, t\u00e8 verde, cioccolato, caff\u00e8 e olio d&#8217;oliva. Sono noti per le loro propriet\u00e0 antinfiammatorie, antiossidanti e antiaggreganti, e svolgono un ruolo importante nella difesa dell&#8217;organismo. Queste molecole organiche vegetali aiutano a mantenere la salute delle cellule, contrastano l&#8217;invecchiamento e regolano l&#8217;assorbimento e l&#8217;immagazzinamento del colesterolo nel sangue. Il testo introduce poi che i migliori polifenoli e attivatori di sirtuine conosciuti si trovano nell&#8217;integratore SIRT500 Plus, ma non li elenca in questo estratto.<\/p>\n<div id=\"tab_da03ae8c-83e3-4ba1-ad2f-fbab7f758c78\" class=\"panel entry-content sp-tab des_mb_2 des_style_2 dn\">\n<ul>\n<li class=\"heading bgbl dn\"><strong><span class=\"txt_h_tab\">L&#8217;ONOCHIOLO:<\/span> <\/strong>L\u2019onochiolo ha dimostrato di possedere propriet\u00e0 antinfiammatorie e protettive. Svolge attivit\u00e0 di prevenzione, soprattutto sulle cellule del nostro organismo. \u00c8 inoltre in grado di ridurre l\u2019accumulo di grasso corporeo.<\/li>\n<li class=\"heading bgbl dn\"><strong>L&#8217;ACIDO ELLARGICO:<\/strong> L\u2019acido ellagico \u00e8 un antiossidante fenolico naturale. Possiede propriet\u00e0 antiossidanti, antitrombotiche e antiallergiche, vaso-protettrici e gastro-protettrici<\/li>\n<li class=\"heading bgbl dn\"><strong>LA POLIDATINA:<\/strong> La polidatina fa parte della classe degli stilibeni della famiglia dei polifenoli. Svolge attivit\u00e0 antiossidanti, antinfiammatorie, antinvecchiamento e antiaggregante.<\/li>\n<li class=\"heading bgbl dn\"><strong>IL PTEROSTILBENE:<\/strong> Il pterostilbene riduce l\u2019accumulo di grasso, possiede propriet\u00e0 protettive e antinfiammatorie, e sostiene il sistema immunitario svolgendo attivit\u00e0 di prevenzione.<\/li>\n<\/ul>\n<\/div>","protected":false},"featured_media":591,"template":"","meta":{"_et_pb_use_builder":"","_et_pb_old_content":"","_et_gb_content_width":""},"product_brand":[],"product_cat":[36],"product_tag":[],"class_list":{"0":"post-590","1":"product","2":"type-product","3":"status-publish","4":"has-post-thumbnail","6":"product_cat-integratori-alimentari","8":"first","9":"instock","10":"taxable","11":"shipping-taxable","12":"purchasable","13":"product-type-simple"},"_links":{"self":[{"href":"https:\/\/naturaliafood.ch\/en\/wp-json\/wp\/v2\/product\/590","targetHints":{"allow":["GET"]}}],"collection":[{"href":"https:\/\/naturaliafood.ch\/en\/wp-json\/wp\/v2\/product"}],"about":[{"href":"https:\/\/naturaliafood.ch\/en\/wp-json\/wp\/v2\/types\/product"}],"wp:featuredmedia":[{"embeddable":true,"href":"https:\/\/naturaliafood.ch\/en\/wp-json\/wp\/v2\/media\/591"}],"wp:attachment":[{"href":"https:\/\/naturaliafood.ch\/en\/wp-json\/wp\/v2\/media?parent=590"}],"wp:term":[{"taxonomy":"product_brand","embeddable":true,"href":"https:\/\/naturaliafood.ch\/en\/wp-json\/wp\/v2\/product_brand?post=590"},{"taxonomy":"product_cat","embeddable":true,"href":"https:\/\/naturaliafood.ch\/en\/wp-json\/wp\/v2\/product_cat?post=590"},{"taxonomy":"product_tag","embeddable":true,"href":"https:\/\/naturaliafood.ch\/en\/wp-json\/wp\/v2\/product_tag?post=590"}],"curies":[{"name":"wp","href":"https:\/\/api.w.org\/{rel}","templated":true}]}}