{"id":61,"date":"2024-09-24T16:30:26","date_gmt":"2024-09-24T16:30:26","guid":{"rendered":"https:\/\/naturaliafood.ch\/?post_type=product&#038;p=61"},"modified":"2024-12-14T08:16:22","modified_gmt":"2024-12-14T08:16:22","slug":"mango-cashew-riegel","status":"publish","type":"product","link":"https:\/\/naturaliafood.ch\/de\/produkt\/mango-cashew-riegel\/","title":{"rendered":"Mango-Cashew-Riegel, 12er-Pack"},"content":{"rendered":"<p>Herstellungsland: Italien<br \/>\nMango-Cashew-Riegel<br \/>\n<strong>N\u00c4HRWERTANGABEN<\/strong><br \/>\nDurchschnittswerte pro 50g<br \/>\n<strong>ENERGIE <\/strong>795Kj\/189kcal<br \/>\n<strong>FATS <\/strong>davon ges\u00e4ttigte Fetts\u00e4uren 6,2g 1,0g<br \/>\n<strong>CARBOHYDRATEN <\/strong>davon Zucker 28,0g 22,0g<br \/>\n<strong>FIBRES<\/strong> 2,5g<br \/>\n<strong>PROTEINE<\/strong> 3,7g<br \/>\n<strong>VERKAUF<\/strong> 0,35g<\/p>","protected":false},"excerpt":{"rendered":"<ul>\n<li>\n<p class=\"western\" lang=\"it-IT\"><span style=\"font-size: medium;\"><span lang=\"en-CA\">Mango:<\/span><\/span><\/p>\n<ul>\n<li>\n<p class=\"western\" lang=\"it-IT\"><span style=\"font-size: medium;\"><span lang=\"fr-CH\">Vitamin A: N\u00fctzlich f\u00fcr gesundes Sehverm\u00f6gen und gesunde Haut.<\/span><\/span><\/p>\n<\/li>\n<li>\n<p class=\"western\" lang=\"it-IT\"><span style=\"font-size: medium;\"><span lang=\"fr-CH\">Ballaststoffe: Helfen bei der Regulierung der Verdauung und sind eine nat\u00fcrliche Energiequelle.<\/span><\/span><\/p>\n<\/li>\n<li>\n<p class=\"western\" lang=\"it-IT\"><span style=\"font-size: medium;\"><span lang=\"en-CA\">Antioxidantien: Sie wirken entz\u00fcndungshemmend und sch\u00fctzen das Immunsystem.<\/span><\/span><\/p>\n<\/li>\n<\/ul>\n<\/li>\n<li>\n<p class=\"western\" lang=\"it-IT\"><span style=\"font-size: medium;\"><span lang=\"en-CA\">Cashewn\u00fcsse:<\/span><\/span><\/p>\n<ul>\n<li>\n<p class=\"western\" lang=\"it-IT\"><span style=\"font-size: medium;\"><span lang=\"fr-CH\">Gesunde Fette: Enth\u00e4lt einfach unges\u00e4ttigte Fetts\u00e4uren, die die Gesundheit des Herz-Kreislauf-Systems f\u00f6rdern.<\/span><\/span><\/p>\n<\/li>\n<li>\n<p class=\"western\" lang=\"it-IT\"><span style=\"font-size: medium;\"><span lang=\"fr-CH\">Magnesium: Unterst\u00fctzt die Gesundheit von Muskeln und Nerven und reduziert M\u00fcdigkeit.<\/span><\/span><\/p>\n<\/li>\n<li>\n<p class=\"western\" lang=\"it-IT\"><span style=\"font-size: medium;\"><span lang=\"en-CA\">Eiwei\u00df: Hilft beim Aufbau und der Reparatur von K\u00f6rpergewebe.<\/span><\/span><\/p>\n<\/li>\n<\/ul>\n<\/li>\n<\/ul>\n<p><strong>ZUTATEN<\/strong>Mango 17%, Cashewn\u00fcsse 17%, Dattelpaste, Dattelsirup, Mandelkerne, Maltodextrin, Antioxidationsmittel (Rosmarinextrakt), Salz.<\/p>\n<p><img loading=\"lazy\" decoding=\"async\" class=\"alignnone size-medium wp-image-82\" src=\"https:\/\/naturaliafood.ch\/wp-content\/uploads\/2024\/09\/good-mango-300x69.png\" alt=\"\" width=\"300\" height=\"69\" \/><\/p>","protected":false},"featured_media":62,"template":"","meta":{"_et_pb_use_builder":"","_et_pb_old_content":"","_et_gb_content_width":""},"product_brand":[],"product_cat":[22],"product_tag":[],"class_list":{"0":"post-61","1":"product","2":"type-product","3":"status-publish","4":"has-post-thumbnail","6":"product_cat-barrette-proteiche","8":"first","9":"instock","10":"taxable","11":"shipping-taxable","12":"purchasable","13":"product-type-simple"},"_links":{"self":[{"href":"https:\/\/naturaliafood.ch\/de\/wp-json\/wp\/v2\/product\/61","targetHints":{"allow":["GET"]}}],"collection":[{"href":"https:\/\/naturaliafood.ch\/de\/wp-json\/wp\/v2\/product"}],"about":[{"href":"https:\/\/naturaliafood.ch\/de\/wp-json\/wp\/v2\/types\/product"}],"wp:featuredmedia":[{"embeddable":true,"href":"https:\/\/naturaliafood.ch\/de\/wp-json\/wp\/v2\/media\/62"}],"wp:attachment":[{"href":"https:\/\/naturaliafood.ch\/de\/wp-json\/wp\/v2\/media?parent=61"}],"wp:term":[{"taxonomy":"product_brand","embeddable":true,"href":"https:\/\/naturaliafood.ch\/de\/wp-json\/wp\/v2\/product_brand?post=61"},{"taxonomy":"product_cat","embeddable":true,"href":"https:\/\/naturaliafood.ch\/de\/wp-json\/wp\/v2\/product_cat?post=61"},{"taxonomy":"product_tag","embeddable":true,"href":"https:\/\/naturaliafood.ch\/de\/wp-json\/wp\/v2\/product_tag?post=61"}],"curies":[{"name":"wp","href":"https:\/\/api.w.org\/{rel}","templated":true}]}}