{"id":59,"date":"2024-09-24T16:30:25","date_gmt":"2024-09-24T16:30:25","guid":{"rendered":"https:\/\/naturaliafood.ch\/?post_type=product&#038;p=59"},"modified":"2024-12-03T15:20:39","modified_gmt":"2024-12-03T15:20:39","slug":"erdnuss-gojibeeren-riegel","status":"publish","type":"product","link":"https:\/\/naturaliafood.ch\/de\/produkt\/erdnuss-gojibeeren-riegel\/","title":{"rendered":"Erdnuss &amp; Goji-Beeren Riegel, 12er-Pack"},"content":{"rendered":"<p>Herstellungsland: Italien<br \/>\nRiegel Erdnuss &amp; Goji-Beeren<br \/>\n<strong>N\u00c4HRWERTANGABEN<\/strong><br \/>\nDurchschnittswerte pro 50g<br \/>\n<strong>ENERGIE <\/strong>812Kj\/194kcal<br \/>\n<strong>FATS <\/strong>davon ges\u00e4ttigte Fetts\u00e4uren 8,4g 1,2g<br \/>\n<strong>CARBOHYDRATEN <\/strong>davon Zucker 20,0g 14,0g<br \/>\n<strong>FIBRES<\/strong> 2,9g<br \/>\n<strong>PROTEINE<\/strong> 8,0g<br \/>\n<strong>VERKAUF<\/strong> 0,36g<\/p>","protected":false},"excerpt":{"rendered":"<ul>\n<li>\n<p class=\"western\" lang=\"it-IT\"><span style=\"font-size: medium;\"><span lang=\"en-CA\">Erdn\u00fcsse:<\/span><\/span><\/p>\n<ul>\n<li>\n<p class=\"western\" lang=\"it-IT\"><span style=\"font-size: medium;\"><span lang=\"fr-CH\">Pflanzliches Eiwei\u00df: eine hervorragende Quelle f\u00fcr den Aufbau und Erhalt von Muskelmasse.<\/span><\/span><\/p>\n<\/li>\n<li>\n<p class=\"western\" lang=\"it-IT\"><span style=\"font-size: medium;\"><span lang=\"en-CA\">Unges\u00e4ttigte Fette: Sie sind gut f\u00fcr das Herz und tragen zu einem niedrigen Cholesterinspiegel bei.<\/span><\/span><\/p>\n<\/li>\n<li>\n<p class=\"western\" lang=\"it-IT\"><span style=\"font-size: medium;\"><span lang=\"fr-CH\">Vitamin E: Starkes Antioxidans, das die Zellen vor oxidativem Stress sch\u00fctzt.<\/span><\/span><\/p>\n<\/li>\n<\/ul>\n<\/li>\n<li>\n<p class=\"western\" lang=\"it-IT\"><span style=\"font-size: medium;\"><span lang=\"en-CA\">Goji-Beeren:<\/span><\/span><\/p>\n<ul>\n<li>\n<p class=\"western\" lang=\"it-IT\"><span style=\"font-size: medium;\"><span lang=\"fr-CH\">Antioxidantien: Reich an Carotinoiden und Polysacchariden, die das Immunsystem unterst\u00fctzen.<\/span><\/span><\/p>\n<\/li>\n<li>\n<p class=\"western\" lang=\"it-IT\"><span style=\"font-size: medium;\"><span lang=\"fr-CH\">Vitamin A und C: St\u00e4rken die Sehkraft und das Immunsystem.<\/span><\/span><\/p>\n<\/li>\n<li>\n<p class=\"western\" lang=\"it-IT\"><span style=\"font-size: medium;\"><span lang=\"fr-CH\">Ballaststoffe: F\u00f6rdern die Verdauung und tragen zur Regulierung des Blutzuckerspiegels bei.<\/span><\/span><\/p>\n<\/li>\n<\/ul>\n<\/li>\n<\/ul>\n<p><strong>ZUTATEN<\/strong>: Erdn\u00fcsse 20%, Gojibeeren 17%, Dattelpaste, Aprikosenpaste (Glukosesirup, Zucker, Zitronens\u00e4ure), Dattelsirup, Mandelgranulat, Maltodextrin, Antioxidationsmittel (Rosmarinextrakt), Salz, K\u00fcrbisprotein 1%, Erbsenprotein 3%, Reisprotein 3%, Sonnenblumenprotein 1%.<\/p>\n<p><img loading=\"lazy\" decoding=\"async\" class=\"alignnone size-full wp-image-86\" src=\"https:\/\/shop.naturaliafood.ch\/wp-content\/uploads\/2024\/09\/barrette.png\" alt=\"\" width=\"249\" height=\"115\" \/><\/p>","protected":false},"featured_media":251,"template":"","meta":{"_et_pb_use_builder":"","_et_pb_old_content":"","_et_gb_content_width":""},"product_brand":[],"product_cat":[22],"product_tag":[],"class_list":{"0":"post-59","1":"product","2":"type-product","3":"status-publish","4":"has-post-thumbnail","6":"product_cat-barrette-proteiche","8":"first","9":"instock","10":"taxable","11":"shipping-taxable","12":"purchasable","13":"product-type-simple"},"_links":{"self":[{"href":"https:\/\/naturaliafood.ch\/de\/wp-json\/wp\/v2\/product\/59","targetHints":{"allow":["GET"]}}],"collection":[{"href":"https:\/\/naturaliafood.ch\/de\/wp-json\/wp\/v2\/product"}],"about":[{"href":"https:\/\/naturaliafood.ch\/de\/wp-json\/wp\/v2\/types\/product"}],"wp:featuredmedia":[{"embeddable":true,"href":"https:\/\/naturaliafood.ch\/de\/wp-json\/wp\/v2\/media\/251"}],"wp:attachment":[{"href":"https:\/\/naturaliafood.ch\/de\/wp-json\/wp\/v2\/media?parent=59"}],"wp:term":[{"taxonomy":"product_brand","embeddable":true,"href":"https:\/\/naturaliafood.ch\/de\/wp-json\/wp\/v2\/product_brand?post=59"},{"taxonomy":"product_cat","embeddable":true,"href":"https:\/\/naturaliafood.ch\/de\/wp-json\/wp\/v2\/product_cat?post=59"},{"taxonomy":"product_tag","embeddable":true,"href":"https:\/\/naturaliafood.ch\/de\/wp-json\/wp\/v2\/product_tag?post=59"}],"curies":[{"name":"wp","href":"https:\/\/api.w.org\/{rel}","templated":true}]}}