{"id":57,"date":"2024-09-24T16:30:24","date_gmt":"2024-09-24T16:30:24","guid":{"rendered":"https:\/\/naturaliafood.ch\/?post_type=product&#038;p=57"},"modified":"2024-12-03T15:20:15","modified_gmt":"2024-12-03T15:20:15","slug":"bananen-mandel-riegel","status":"publish","type":"product","link":"https:\/\/naturaliafood.ch\/de\/produkt\/bananen-mandel-riegel\/","title":{"rendered":"Riegel Banane &amp; Mandel, 12er-Pack"},"content":{"rendered":"<p>Herstellungsland: Italien<br \/>\nRiegel Banane &amp; Mandel<br \/>\n<strong>N\u00c4HRWERTANGABEN<\/strong><br \/>\nDurchschnittswerte pro 50g<br \/>\n<strong>ENERGIE <\/strong>762Kj\/182kcal<br \/>\n<strong>FATS <\/strong>davon ges\u00e4ttigte Fetts\u00e4uren 7,0g 0,7g<br \/>\n<strong>CARBOHYDRATEN <\/strong>davon Zucker17,0g 16,0g<br \/>\n<strong>FIBRES<\/strong> 5,6g<br \/>\n<strong>PROTEINE<\/strong> 9,5g<br \/>\n<strong>VERKAUF<\/strong> 0,24g<\/p>","protected":false},"excerpt":{"rendered":"<ul>\n<li>\n<p class=\"western\" lang=\"it-IT\"><span style=\"font-size: medium;\"><span lang=\"en-CA\">Banane:<\/span><\/span><\/p>\n<ul>\n<li>\n<p class=\"western\" lang=\"it-IT\"><span style=\"font-size: medium;\"><span lang=\"fr-CH\">Kalium: Reguliert den Blutdruck und f\u00f6rdert die Gesundheit der Muskeln.<\/span><\/span><\/p>\n<\/li>\n<li>\n<p class=\"western\" lang=\"it-IT\"><span style=\"font-size: medium;\"><span lang=\"en-CA\">Komplexe Kohlenhydrate: Langsam freisetzende Energiequelle, ideal f\u00fcr die Aufrechterhaltung k\u00f6rperlicher Aktivit\u00e4t.<\/span><\/span><\/p>\n<\/li>\n<li>\n<p class=\"western\" lang=\"it-IT\"><span style=\"font-size: medium;\"><span lang=\"en-CA\">Vitamin B6: Tr\u00e4gt zum reibungslosen Funktionieren des Nervensystems bei.<\/span><\/span><\/p>\n<\/li>\n<\/ul>\n<\/li>\n<li>\n<p class=\"western\" lang=\"it-IT\"><span style=\"font-size: medium;\"><span lang=\"en-CA\">Mandeln:<\/span><\/span><\/p>\n<ul>\n<li>\n<p class=\"western\" lang=\"it-IT\"><span style=\"font-size: medium;\"><span lang=\"fr-CH\">Gesunde Fette: Reich an einfach unges\u00e4ttigten Fetts\u00e4uren, gut f\u00fcr die kardiovaskul\u00e4re Gesundheit.<\/span><\/span><\/p>\n<\/li>\n<li>\n<p class=\"western\" lang=\"it-IT\"><span style=\"font-size: medium;\"><span lang=\"fr-CH\">Vitamin E: Sch\u00fctzt die Zellen vor oxidativem Stress und unterst\u00fctzt eine gesunde Haut.<\/span><\/span><\/p>\n<\/li>\n<li>\n<p class=\"western\" lang=\"it-IT\"><span style=\"font-size: medium;\"><span lang=\"fr-CH\">Eiwei\u00df: tr\u00e4gt zur Erhaltung der Muskelmasse bei und ist eine gute Energiequelle.<\/span><\/span><\/p>\n<\/li>\n<\/ul>\n<\/li>\n<\/ul>\n<p><strong>ZUTATEN<\/strong>: Mandelkorn 20%, Banane 20%, Dattelpaste, Aprikosenpaste (Glukosesirup, Zucker, Zitronens\u00e4ure), Dattelsirup, Maltodextrin, Antioxidationsmittel (Rosmarinextrakt), Salz, K\u00fcrbiseiwei\u00df 2%, Erbsenprotein 5%, Reisprotein 5%, Sonnenblumenprotein 2%.<\/p>\n<p><img loading=\"lazy\" decoding=\"async\" class=\"alignnone size-full wp-image-86\" src=\"https:\/\/shop.naturaliafood.ch\/wp-content\/uploads\/2024\/09\/barrette.png\" alt=\"\" width=\"249\" height=\"115\" \/><\/p>","protected":false},"featured_media":58,"template":"","meta":{"_et_pb_use_builder":"","_et_pb_old_content":"","_et_gb_content_width":""},"product_brand":[],"product_cat":[22],"product_tag":[],"class_list":{"0":"post-57","1":"product","2":"type-product","3":"status-publish","4":"has-post-thumbnail","6":"product_cat-barrette-proteiche","8":"first","9":"instock","10":"taxable","11":"shipping-taxable","12":"purchasable","13":"product-type-simple"},"_links":{"self":[{"href":"https:\/\/naturaliafood.ch\/de\/wp-json\/wp\/v2\/product\/57","targetHints":{"allow":["GET"]}}],"collection":[{"href":"https:\/\/naturaliafood.ch\/de\/wp-json\/wp\/v2\/product"}],"about":[{"href":"https:\/\/naturaliafood.ch\/de\/wp-json\/wp\/v2\/types\/product"}],"wp:featuredmedia":[{"embeddable":true,"href":"https:\/\/naturaliafood.ch\/de\/wp-json\/wp\/v2\/media\/58"}],"wp:attachment":[{"href":"https:\/\/naturaliafood.ch\/de\/wp-json\/wp\/v2\/media?parent=57"}],"wp:term":[{"taxonomy":"product_brand","embeddable":true,"href":"https:\/\/naturaliafood.ch\/de\/wp-json\/wp\/v2\/product_brand?post=57"},{"taxonomy":"product_cat","embeddable":true,"href":"https:\/\/naturaliafood.ch\/de\/wp-json\/wp\/v2\/product_cat?post=57"},{"taxonomy":"product_tag","embeddable":true,"href":"https:\/\/naturaliafood.ch\/de\/wp-json\/wp\/v2\/product_tag?post=57"}],"curies":[{"name":"wp","href":"https:\/\/api.w.org\/{rel}","templated":true}]}}