{"id":53,"date":"2024-09-24T16:30:21","date_gmt":"2024-09-24T16:30:21","guid":{"rendered":"https:\/\/naturaliafood.ch\/?post_type=product&#038;p=53"},"modified":"2024-12-03T15:22:21","modified_gmt":"2024-12-03T15:22:21","slug":"kokosnuss-mango-riegel","status":"publish","type":"product","link":"https:\/\/naturaliafood.ch\/de\/produkt\/kokosnuss-mango-riegel\/","title":{"rendered":"Kokosnuss &amp; Mango Riegel, 12er-Pack"},"content":{"rendered":"<p>Herstellungsland: Italien<br \/>\nKokosnuss &amp; Mango Riegel<br \/>\n<strong>N\u00c4HRWERTANGABEN<\/strong><br \/>\nDurchschnittswerte pro 50g<br \/>\n<strong>ENERGIE <\/strong>835Kj\/199kcal<br \/>\n<strong>FATS <\/strong>davon ges\u00e4ttigte Fetts\u00e4uren 7,4g 4,5g<br \/>\n<strong>CARBOHYDRATEN <\/strong>davon Zucker 29,0g 12,0g<br \/>\n<strong>FIBRES<\/strong> 2,9g<br \/>\n<strong>PROTEINE<\/strong> 2,7g<br \/>\n<strong>VERKAUF<\/strong> 0,23g<\/p>","protected":false},"excerpt":{"rendered":"<ul>\n<li>\n<p class=\"western\" lang=\"it-IT\"><span style=\"font-size: medium;\"><span lang=\"en-CA\">Kokosnuss:<\/span><\/span><\/p>\n<ul>\n<li>\n<p class=\"western\" lang=\"it-IT\"><span style=\"font-size: medium;\"><span lang=\"fr-CH\">Ballaststoffe: f\u00f6rdern die Darmgesundheit und verl\u00e4ngern das S\u00e4ttigungsgef\u00fchl.<\/span><\/span><\/p>\n<\/li>\n<li>\n<p class=\"western\" lang=\"it-IT\"><span style=\"font-size: medium;\"><span lang=\"en-CA\">Gesunde Fette: Enth\u00e4lt mittelkettige Fetts\u00e4uren, die schnelle Energie liefern und den Stoffwechsel verbessern.<\/span><\/span><\/p>\n<\/li>\n<li>\n<p class=\"western\" lang=\"it-IT\"><span style=\"font-size: medium;\"><span lang=\"fr-CH\">Mineralstoffe: Gute Quelle f\u00fcr Kalium, Eisen und Magnesium, wichtig f\u00fcr den Elektrolythaushalt und die Gesundheit der Muskeln.<\/span><\/span><\/p>\n<\/li>\n<\/ul>\n<\/li>\n<li>\n<p class=\"western\" lang=\"it-IT\"><span style=\"font-size: medium;\"><span lang=\"en-CA\">Mango:<\/span><\/span><\/p>\n<ul>\n<li>\n<p class=\"western\" lang=\"it-IT\"><span style=\"font-size: medium;\"><span lang=\"fr-CH\">Vitamin C: St\u00e4rkt das Immunsystem und f\u00f6rdert die Kollagenproduktion in der Haut.<\/span><\/span><\/p>\n<\/li>\n<li>\n<p class=\"western\" lang=\"it-IT\"><span style=\"font-size: medium;\"><span lang=\"en-CA\">Ballaststoffe: verbessern die Verdauung und helfen, den Blutzuckerspiegel zu regulieren.<\/span><\/span><\/p>\n<\/li>\n<li>\n<p class=\"western\" lang=\"it-IT\"><span style=\"font-size: medium;\"><span lang=\"fr-CH\">Antioxidantien: Sie sch\u00fctzen die Zellen vor oxidativem Stress und f\u00f6rdern die allgemeine Gesundheit.<\/span><\/span><\/p>\n<\/li>\n<\/ul>\n<\/li>\n<\/ul>\n<p><strong>ZUTATEN<\/strong>: Kokosnuss 16%, Mango 13%, Dattelpaste, Dattelsirup, Mandelgranulat, Maltodextrin, Antioxidationsmittel (Rosmarinextrakt), Salz.<\/p>\n<p><img loading=\"lazy\" decoding=\"async\" class=\"alignnone size-full wp-image-86\" src=\"https:\/\/shop.naturaliafood.ch\/wp-content\/uploads\/2024\/09\/barrette.png\" alt=\"\" width=\"249\" height=\"115\" \/><\/p>","protected":false},"featured_media":54,"template":"","meta":{"_et_pb_use_builder":"","_et_pb_old_content":"","_et_gb_content_width":""},"product_brand":[],"product_cat":[22],"product_tag":[],"class_list":{"0":"post-53","1":"product","2":"type-product","3":"status-publish","4":"has-post-thumbnail","6":"product_cat-barrette-proteiche","8":"first","9":"instock","10":"taxable","11":"shipping-taxable","12":"purchasable","13":"product-type-simple"},"_links":{"self":[{"href":"https:\/\/naturaliafood.ch\/de\/wp-json\/wp\/v2\/product\/53","targetHints":{"allow":["GET"]}}],"collection":[{"href":"https:\/\/naturaliafood.ch\/de\/wp-json\/wp\/v2\/product"}],"about":[{"href":"https:\/\/naturaliafood.ch\/de\/wp-json\/wp\/v2\/types\/product"}],"wp:featuredmedia":[{"embeddable":true,"href":"https:\/\/naturaliafood.ch\/de\/wp-json\/wp\/v2\/media\/54"}],"wp:attachment":[{"href":"https:\/\/naturaliafood.ch\/de\/wp-json\/wp\/v2\/media?parent=53"}],"wp:term":[{"taxonomy":"product_brand","embeddable":true,"href":"https:\/\/naturaliafood.ch\/de\/wp-json\/wp\/v2\/product_brand?post=53"},{"taxonomy":"product_cat","embeddable":true,"href":"https:\/\/naturaliafood.ch\/de\/wp-json\/wp\/v2\/product_cat?post=53"},{"taxonomy":"product_tag","embeddable":true,"href":"https:\/\/naturaliafood.ch\/de\/wp-json\/wp\/v2\/product_tag?post=53"}],"curies":[{"name":"wp","href":"https:\/\/api.w.org\/{rel}","templated":true}]}}