{"id":49,"date":"2024-09-24T16:30:17","date_gmt":"2024-09-24T16:30:17","guid":{"rendered":"https:\/\/naturaliafood.ch\/?post_type=product&#038;p=49"},"modified":"2024-12-12T16:26:50","modified_gmt":"2024-12-12T16:26:50","slug":"gute-cashewnusse","status":"publish","type":"product","link":"https:\/\/naturaliafood.ch\/de\/produkt\/gute-cashewnusse\/","title":{"rendered":"Gutes Cashew"},"content":{"rendered":"<p>Herstellungsland: Kenia<br \/>\n<strong>N\u00c4HRWERTANGABEN<\/strong><br \/>\nDurchschnittliche Werte pro 100 g des Produkts<br \/>\n<strong>ENERGIE<\/strong> 2548Kj\/612kcal<br \/>\n<strong>FATS <\/strong>davon ges\u00e4ttigte Fetts\u00e4uren 48,2g 7,2g<br \/>\n<strong>CARBOHYDRATEN <\/strong>davon Zucker*28,5g 5,0g<br \/>\n<strong>FIBRES<\/strong> 9,1g<br \/>\n<strong>PROTEINE<\/strong> 16,2g<br \/>\n<strong>VERKAUF<\/strong> 0,25g<br \/>\n<strong>MAGNESIUM <\/strong>256 mg (68%VNR)<\/p>\n<ul>\n<li>enth\u00e4lt von Natur aus Fruchtzucker<\/li>\n<\/ul>","protected":false},"excerpt":{"rendered":"<ul>\n<li>Gesunde Fette: Enth\u00e4lt herzgesunde einfach unges\u00e4ttigte Fetts\u00e4uren<\/li>\n<li>Eiwei\u00df: Hilft bei der Erhaltung der Muskelmasse<\/li>\n<li>Magnesium und Kupfer: Wesentlich f\u00fcr gesunde Knochen, Gehirn und Immunsystem<\/li>\n<li>Antioxidantien: Helfen, die Zellen vor oxidativen Sch\u00e4den zu sch\u00fctzen<\/li>\n<li>Reich an FIBRE<\/li>\n<li>Reich an MAGNESIUM, das hilft, M\u00fcdigkeit und Ersch\u00f6pfung zu verringern<\/li>\n<li>Reich an IRON, das zur normalen Bildung von roten Blutk\u00f6rperchen und H\u00e4moglobin beitr\u00e4gt<\/li>\n<li>Reich an SELEN, PHOSPHORUS und POTASSIUM<\/li>\n<li>Quelle des KUPFERs<\/li>\n<li>Zutaten: 100% Cashewn\u00fcsse, Salz (&lt; 1%)<\/li>\n<\/ul>\n<p><img loading=\"lazy\" decoding=\"async\" class=\"alignnone size-medium wp-image-45\" src=\"https:\/\/naturaliafood.ch\/wp-content\/uploads\/2024\/09\/good-mango-300x69.png\" alt=\"\" width=\"300\" height=\"69\" \/><\/p>","protected":false},"featured_media":50,"template":"","meta":{"_et_pb_use_builder":"","_et_pb_old_content":"","_et_gb_content_width":""},"product_brand":[],"product_cat":[16],"product_tag":[],"class_list":{"0":"post-49","1":"product","2":"type-product","3":"status-publish","4":"has-post-thumbnail","6":"product_cat-frutta-secca","8":"first","9":"instock","10":"taxable","11":"shipping-taxable","12":"purchasable","13":"product-type-variable"},"_links":{"self":[{"href":"https:\/\/naturaliafood.ch\/de\/wp-json\/wp\/v2\/product\/49","targetHints":{"allow":["GET"]}}],"collection":[{"href":"https:\/\/naturaliafood.ch\/de\/wp-json\/wp\/v2\/product"}],"about":[{"href":"https:\/\/naturaliafood.ch\/de\/wp-json\/wp\/v2\/types\/product"}],"wp:featuredmedia":[{"embeddable":true,"href":"https:\/\/naturaliafood.ch\/de\/wp-json\/wp\/v2\/media\/50"}],"wp:attachment":[{"href":"https:\/\/naturaliafood.ch\/de\/wp-json\/wp\/v2\/media?parent=49"}],"wp:term":[{"taxonomy":"product_brand","embeddable":true,"href":"https:\/\/naturaliafood.ch\/de\/wp-json\/wp\/v2\/product_brand?post=49"},{"taxonomy":"product_cat","embeddable":true,"href":"https:\/\/naturaliafood.ch\/de\/wp-json\/wp\/v2\/product_cat?post=49"},{"taxonomy":"product_tag","embeddable":true,"href":"https:\/\/naturaliafood.ch\/de\/wp-json\/wp\/v2\/product_tag?post=49"}],"curies":[{"name":"wp","href":"https:\/\/api.w.org\/{rel}","templated":true}]}}