{"id":45,"date":"2024-09-24T16:30:10","date_gmt":"2024-09-24T16:30:10","guid":{"rendered":"https:\/\/naturaliafood.ch\/?post_type=product&#038;p=45"},"modified":"2024-10-25T07:44:22","modified_gmt":"2024-10-25T07:44:22","slug":"gute-macadamia","status":"publish","type":"product","link":"https:\/\/naturaliafood.ch\/de\/produkt\/gute-macadamia\/","title":{"rendered":"Gute Macadamia"},"content":{"rendered":"<p>Herstellungsland: Kenia<br \/>\n<strong>N\u00c4HRWERTANGABEN<\/strong><br \/>\nDurchschnittliche Werte pro 100 g des Produkts<br \/>\n<strong>ENERGIE <\/strong>3184Kj\/766kcal<br \/>\n<strong>FATS <\/strong>davon ges\u00e4ttigte Fetts\u00e4uren 76,2g 10,0g<br \/>\n<strong>CARBOHYDRATEN <\/strong>davon Zucker*12,8g 4,6g<br \/>\n<strong>FIBRES<\/strong> 8,8g<br \/>\n<strong>PROTEINE<\/strong> 7,2g<br \/>\n<strong>VERKAUF<\/strong>**0,005g<br \/>\n<strong>SELENIUM<\/strong> 53 \u00b5g (97%VNR)<\/p>\n<ul>\n<li>enth\u00e4lt von Natur aus Fruchtzucker<\/li>\n<li>der Salzgehalt ist ausschlie\u00dflich auf den nat\u00fcrlichen Natriumgehalt der Zutaten zur\u00fcckzuf\u00fchren<\/li>\n<\/ul>","protected":false},"excerpt":{"rendered":"<ul>\n<li>Einfach unges\u00e4ttigte Fette: Vorteile f\u00fcr die Herzgesundheit und die Senkung des schlechten Cholesterins<\/li>\n<li>Ballaststoffe: F\u00f6rdert die Verdauung und die Gesundheit des Darms<\/li>\n<li>Antioxidantien: Sch\u00fctzen die Zellen vor oxidativen Sch\u00e4den<\/li>\n<li>Vitamine und Mineralstoffe: Reich an Thiamin (Vitamin B1) und Mangan, wichtig f\u00fcr den Energiestoffwechsel und die Knochengesundheit<\/li>\n<li>Reich an FIBRE<\/li>\n<li>Reich an SELENIUM, das die Zellen vor oxidativem Stress sch\u00fctzt<\/li>\n<li>Reich an PHOSPHORUS, das zu einem normalen Energiestoffwechsel beitr\u00e4gt<\/li>\n<li>Reich an MAGNESIUM, das hilft, M\u00fcdigkeit und Ersch\u00f6pfung zu verringern<\/li>\n<li>Reich an KUPFER<\/li>\n<li>Quelle von EISEN und KALIUM<\/li>\n<li>Zutaten: 100% Macadamia<\/li>\n<\/ul>\n<p><img loading=\"lazy\" decoding=\"async\" class=\"alignnone size-medium wp-image-45\" src=\"https:\/\/shop.naturaliafood.ch\/wp-content\/uploads\/2024\/09\/good-mango-300x69.png\" alt=\"\" width=\"300\" height=\"69\" \/><\/p>","protected":false},"featured_media":46,"template":"","meta":{"_et_pb_use_builder":"","_et_pb_old_content":"","_et_gb_content_width":""},"product_brand":[],"product_cat":[16],"product_tag":[],"class_list":{"0":"post-45","1":"product","2":"type-product","3":"status-publish","4":"has-post-thumbnail","6":"product_cat-frutta-secca","8":"first","9":"instock","10":"taxable","11":"shipping-taxable","12":"purchasable","13":"product-type-variable"},"_links":{"self":[{"href":"https:\/\/naturaliafood.ch\/de\/wp-json\/wp\/v2\/product\/45","targetHints":{"allow":["GET"]}}],"collection":[{"href":"https:\/\/naturaliafood.ch\/de\/wp-json\/wp\/v2\/product"}],"about":[{"href":"https:\/\/naturaliafood.ch\/de\/wp-json\/wp\/v2\/types\/product"}],"wp:featuredmedia":[{"embeddable":true,"href":"https:\/\/naturaliafood.ch\/de\/wp-json\/wp\/v2\/media\/46"}],"wp:attachment":[{"href":"https:\/\/naturaliafood.ch\/de\/wp-json\/wp\/v2\/media?parent=45"}],"wp:term":[{"taxonomy":"product_brand","embeddable":true,"href":"https:\/\/naturaliafood.ch\/de\/wp-json\/wp\/v2\/product_brand?post=45"},{"taxonomy":"product_cat","embeddable":true,"href":"https:\/\/naturaliafood.ch\/de\/wp-json\/wp\/v2\/product_cat?post=45"},{"taxonomy":"product_tag","embeddable":true,"href":"https:\/\/naturaliafood.ch\/de\/wp-json\/wp\/v2\/product_tag?post=45"}],"curies":[{"name":"wp","href":"https:\/\/api.w.org\/{rel}","templated":true}]}}