{"id":40,"date":"2024-09-24T16:30:04","date_gmt":"2024-09-24T16:30:04","guid":{"rendered":"https:\/\/naturaliafood.ch\/?post_type=product&#038;p=40"},"modified":"2024-12-11T17:38:15","modified_gmt":"2024-12-11T17:38:15","slug":"gut-tropisch","status":"publish","type":"product","link":"https:\/\/naturaliafood.ch\/de\/produkt\/gut-tropisch\/","title":{"rendered":"Gutes Tropical"},"content":{"rendered":"<p>Herstellungsland: Kenia<br \/>\n<strong>N\u00c4HRWERTANGABEN<\/strong><br \/>\nDurchschnittliche Werte pro 100 g des Produkts<br \/>\n<strong>ENERGIE <\/strong>1428Kj\/337kcal<br \/>\n<strong>FATS <\/strong>davon ges\u00e4ttigte Fetts\u00e4uren 0,7g 0,2g<br \/>\n<strong>CARBOHYDRATEN <\/strong>davon Zucker*75,0g 62,0g<br \/>\n<strong>FIBRES<\/strong> 6,5g<br \/>\n<strong>PROTEINE<\/strong> 3,0g<br \/>\n<strong>VERKAUF<\/strong>**0,1g<br \/>\n<strong>POTASSIUM <\/strong>1228 mg (61%VNR)<br \/>\n* enth\u00e4lt von Natur aus Fruchtzucker<br \/>\n** der Salzgehalt ist ausschlie\u00dflich auf den nat\u00fcrlichen Natriumgehalt der Zutaten zur\u00fcckzuf\u00fchren<\/p>","protected":false},"excerpt":{"rendered":"<ul>\n<li>Reich an FIBRES<\/li>\n<li>Reich an POTASSIUM, das zur Aufrechterhaltung eines normalen Blutdrucks beitr\u00e4gt<\/li>\n<li>Quelle von MAGNESIUM<\/li>\n<li>Zutaten: 40% Banane, 40% Mango, 20% Ananas<\/li>\n<\/ul>\n<p><img loading=\"lazy\" decoding=\"async\" class=\"alignnone size-medium wp-image-45\" src=\"https:\/\/shop.naturaliafood.ch\/wp-content\/uploads\/2024\/09\/good-mango-300x69.png\" alt=\"\" width=\"300\" height=\"69\" \/><\/p>","protected":false},"featured_media":236,"template":"","meta":{"_et_pb_use_builder":"","_et_pb_old_content":"","_et_gb_content_width":""},"product_brand":[],"product_cat":[16],"product_tag":[],"class_list":{"0":"post-40","1":"product","2":"type-product","3":"status-publish","4":"has-post-thumbnail","6":"product_cat-frutta-secca","8":"first","9":"instock","10":"taxable","11":"shipping-taxable","12":"purchasable","13":"product-type-variable"},"_links":{"self":[{"href":"https:\/\/naturaliafood.ch\/de\/wp-json\/wp\/v2\/product\/40","targetHints":{"allow":["GET"]}}],"collection":[{"href":"https:\/\/naturaliafood.ch\/de\/wp-json\/wp\/v2\/product"}],"about":[{"href":"https:\/\/naturaliafood.ch\/de\/wp-json\/wp\/v2\/types\/product"}],"wp:featuredmedia":[{"embeddable":true,"href":"https:\/\/naturaliafood.ch\/de\/wp-json\/wp\/v2\/media\/236"}],"wp:attachment":[{"href":"https:\/\/naturaliafood.ch\/de\/wp-json\/wp\/v2\/media?parent=40"}],"wp:term":[{"taxonomy":"product_brand","embeddable":true,"href":"https:\/\/naturaliafood.ch\/de\/wp-json\/wp\/v2\/product_brand?post=40"},{"taxonomy":"product_cat","embeddable":true,"href":"https:\/\/naturaliafood.ch\/de\/wp-json\/wp\/v2\/product_cat?post=40"},{"taxonomy":"product_tag","embeddable":true,"href":"https:\/\/naturaliafood.ch\/de\/wp-json\/wp\/v2\/product_tag?post=40"}],"curies":[{"name":"wp","href":"https:\/\/api.w.org\/{rel}","templated":true}]}}