{"id":35,"date":"2024-09-24T16:30:00","date_gmt":"2024-09-24T16:30:00","guid":{"rendered":"https:\/\/naturaliafood.ch\/?post_type=product&#038;p=35"},"modified":"2024-12-12T16:37:36","modified_gmt":"2024-12-12T16:37:36","slug":"gute-banane","status":"publish","type":"product","link":"https:\/\/naturaliafood.ch\/de\/produkt\/gute-banane\/","title":{"rendered":"Gute Banane"},"content":{"rendered":"<p>Herstellungsland: Kenia<br \/>\n<strong>N\u00c4HRWERTANGABEN<\/strong><br \/>\nDurchschnittliche Werte pro 100 g des Produkts<br \/>\n<strong>ENERGIE<\/strong> 1316Kj\/314kcal<br \/>\n<strong>FATS <\/strong>davon ges\u00e4ttigte Fetts\u00e4uren 0,1 g<br \/>\n<strong>CARBOHYDRATEN <\/strong>davon Zucker*70,5g 30,5g<br \/>\n<strong>FIBRES<\/strong> 8,6g<br \/>\n<strong>PROTEINE<\/strong> 3,65g<br \/>\n<strong>VERKAUF<\/strong>**0,002g<br \/>\n<strong>POTASSIUM <\/strong>1510 mg (76%VNR)<\/p>\n<ul>\n<li>enth\u00e4lt von Natur aus Fruchtzucker<\/li>\n<li>der Salzgehalt ist ausschlie\u00dflich auf den nat\u00fcrlichen Natriumgehalt der Zutaten zur\u00fcckzuf\u00fchren<\/li>\n<\/ul>","protected":false},"excerpt":{"rendered":"<ul>\n<li>Reich an Kalium: reguliert den Blutdruck und unterst\u00fctzt die Muskelfunktion<\/li>\n<li>Vitamin B6: Wesentlich f\u00fcr die Serotoninproduktion und die Gesundheit des Gehirns<\/li>\n<li>Ballaststoffe: Unterst\u00fctzt die Verdauung und die Regulierung des Blutzuckerspiegels<\/li>\n<li>Komplexe Kohlenhydrate: Langsam verf\u00fcgbare Energiequelle<\/li>\n<li>Reich an FIBRES<\/li>\n<li>Reich an POTASSIUM, das zur Aufrechterhaltung eines normalen Blutdrucks beitr\u00e4gt<\/li>\n<li>Reich an MAGNESIUM, das hilft, M\u00fcdigkeit und Ersch\u00f6pfung zu verringern<\/li>\n<li>Quelle von PHOSPHORUS<\/li>\n<li>Zutaten: 100% Banane<\/li>\n<\/ul>\n<p><img loading=\"lazy\" decoding=\"async\" class=\"alignnone size-medium wp-image-45\" src=\"https:\/\/shop.naturaliafood.ch\/wp-content\/uploads\/2024\/09\/good-mango-300x69.png\" alt=\"\" width=\"300\" height=\"69\" \/><\/p>","protected":false},"featured_media":258,"template":"","meta":{"_et_pb_use_builder":"","_et_pb_old_content":"","_et_gb_content_width":""},"product_brand":[],"product_cat":[16],"product_tag":[],"class_list":{"0":"post-35","1":"product","2":"type-product","3":"status-publish","4":"has-post-thumbnail","6":"product_cat-frutta-secca","8":"first","9":"instock","10":"taxable","11":"shipping-taxable","12":"purchasable","13":"product-type-variable"},"_links":{"self":[{"href":"https:\/\/naturaliafood.ch\/de\/wp-json\/wp\/v2\/product\/35","targetHints":{"allow":["GET"]}}],"collection":[{"href":"https:\/\/naturaliafood.ch\/de\/wp-json\/wp\/v2\/product"}],"about":[{"href":"https:\/\/naturaliafood.ch\/de\/wp-json\/wp\/v2\/types\/product"}],"wp:featuredmedia":[{"embeddable":true,"href":"https:\/\/naturaliafood.ch\/de\/wp-json\/wp\/v2\/media\/258"}],"wp:attachment":[{"href":"https:\/\/naturaliafood.ch\/de\/wp-json\/wp\/v2\/media?parent=35"}],"wp:term":[{"taxonomy":"product_brand","embeddable":true,"href":"https:\/\/naturaliafood.ch\/de\/wp-json\/wp\/v2\/product_brand?post=35"},{"taxonomy":"product_cat","embeddable":true,"href":"https:\/\/naturaliafood.ch\/de\/wp-json\/wp\/v2\/product_cat?post=35"},{"taxonomy":"product_tag","embeddable":true,"href":"https:\/\/naturaliafood.ch\/de\/wp-json\/wp\/v2\/product_tag?post=35"}],"curies":[{"name":"wp","href":"https:\/\/api.w.org\/{rel}","templated":true}]}}