{"id":30,"date":"2024-09-24T16:29:55","date_gmt":"2024-09-24T16:29:55","guid":{"rendered":"https:\/\/naturaliafood.ch\/?post_type=product&#038;p=30"},"modified":"2024-12-13T07:41:17","modified_gmt":"2024-12-13T07:41:17","slug":"gute-ananas","status":"publish","type":"product","link":"https:\/\/naturaliafood.ch\/de\/produkt\/gute-ananas\/","title":{"rendered":"Gute Ananas"},"content":{"rendered":"<p>Land der Produktion: Kenia - Uganda<br \/>\n<strong>N\u00c4HRWERTANGABEN<\/strong><br \/>\nDurchschnittliche Werte pro 100 g des Produkts<br \/>\n<strong>ENERGIE <\/strong>Kj1483\/350kcal<br \/>\n<strong>FATS <\/strong>davon ges\u00e4ttigte Fetts\u00e4uren 0,3g 0,1g<br \/>\n<strong>CARBOHYDRATEN <\/strong>davon Zucker*82,0g 73,0g<br \/>\n<strong>FIBRES <\/strong>7,1g<br \/>\n<strong>PROTEINE <\/strong>1,8g<br \/>\n<strong>VERKAUF<\/strong>**0,002g<br \/>\n<strong>POTASSIUM <\/strong>1060 mg (53%VNR)<\/p>\n<ul>\n<li>enth\u00e4lt von Natur aus Fruchtzucker<\/li>\n<li>der Salzgehalt ist ausschlie\u00dflich auf den nat\u00fcrlichen Natriumgehalt der Zutaten zur\u00fcckzuf\u00fchren<\/li>\n<\/ul>","protected":false},"excerpt":{"rendered":"<ul>\n<li>Bromelain: Ein Enzym, das die Verdauung f\u00f6rdert und Entz\u00fcndungen reduziert<\/li>\n<li>Vitamin C: Wichtig f\u00fcr das Immunsystem und die Haut<\/li>\n<li>Antioxidantien: Verringert das Risiko chronischer Krankheiten<\/li>\n<li>Mangan: Wichtig f\u00fcr den Stoffwechsel und die Knochengesundheit<\/li>\n<li>Reich an FIBRES<\/li>\n<li>Reich an POTASSIUM, das zur Aufrechterhaltung eines normalen Blutdrucks beitr\u00e4gt<\/li>\n<li>Quelle von MAGNESIUM, das zur Verringerung von M\u00fcdigkeit und Ersch\u00f6pfung beitr\u00e4gt<\/li>\n<li>Formate: 25g\/80g\/200g<\/li>\n<li>Zutaten: 100% Ananas<\/li>\n<\/ul>\n<p><img loading=\"lazy\" decoding=\"async\" class=\"alignnone size-medium wp-image-45\" src=\"https:\/\/shop.naturaliafood.ch\/wp-content\/uploads\/2024\/09\/good-mango-300x69.png\" alt=\"\" width=\"300\" height=\"69\" \/><\/p>","protected":false},"featured_media":31,"template":"","meta":{"_et_pb_use_builder":"","_et_pb_old_content":"","_et_gb_content_width":""},"product_brand":[],"product_cat":[16],"product_tag":[],"class_list":{"0":"post-30","1":"product","2":"type-product","3":"status-publish","4":"has-post-thumbnail","6":"product_cat-frutta-secca","8":"first","9":"instock","10":"taxable","11":"shipping-taxable","12":"purchasable","13":"product-type-variable"},"_links":{"self":[{"href":"https:\/\/naturaliafood.ch\/de\/wp-json\/wp\/v2\/product\/30","targetHints":{"allow":["GET"]}}],"collection":[{"href":"https:\/\/naturaliafood.ch\/de\/wp-json\/wp\/v2\/product"}],"about":[{"href":"https:\/\/naturaliafood.ch\/de\/wp-json\/wp\/v2\/types\/product"}],"wp:featuredmedia":[{"embeddable":true,"href":"https:\/\/naturaliafood.ch\/de\/wp-json\/wp\/v2\/media\/31"}],"wp:attachment":[{"href":"https:\/\/naturaliafood.ch\/de\/wp-json\/wp\/v2\/media?parent=30"}],"wp:term":[{"taxonomy":"product_brand","embeddable":true,"href":"https:\/\/naturaliafood.ch\/de\/wp-json\/wp\/v2\/product_brand?post=30"},{"taxonomy":"product_cat","embeddable":true,"href":"https:\/\/naturaliafood.ch\/de\/wp-json\/wp\/v2\/product_cat?post=30"},{"taxonomy":"product_tag","embeddable":true,"href":"https:\/\/naturaliafood.ch\/de\/wp-json\/wp\/v2\/product_tag?post=30"}],"curies":[{"name":"wp","href":"https:\/\/api.w.org\/{rel}","templated":true}]}}