{"id":25,"date":"2024-09-24T16:29:52","date_gmt":"2024-09-24T16:29:52","guid":{"rendered":"https:\/\/naturaliafood.ch\/?post_type=product&#038;p=25"},"modified":"2024-10-25T07:45:52","modified_gmt":"2024-10-25T07:45:52","slug":"gute-papaya","status":"publish","type":"product","link":"https:\/\/naturaliafood.ch\/de\/produkt\/gute-papaya\/","title":{"rendered":"Gute Papaya"},"content":{"rendered":"<p>Herstellungsland: Kenia<br \/>\n<strong>N\u00c4HRWERTANGABEN<\/strong><br \/>\nDurchschnittliche Werte pro 100 g des Produkts<br \/>\n<strong>ENERGIE <\/strong>1589Kj\/374Kcal<br \/>\n<strong>FATS <\/strong>davon ges\u00e4ttigte Fetts\u00e4uren 0,0 g<br \/>\n<strong>CARBOHYDRATEN <\/strong>davon Zucker*93,0g 42,0g<br \/>\n<strong>FIBRES <\/strong>14,0g<br \/>\n<strong>PROTEINE <\/strong>0,0g<br \/>\n<strong>VERKAUF<\/strong>**0,003g<br \/>\n<strong>POTASSIUM <\/strong>2220 mg (111%VNR)<br \/>\n* enth\u00e4lt von Natur aus Fruchtzucker<br \/>\n** der Salzgehalt ist ausschlie\u00dflich auf den nat\u00fcrlichen Natriumgehalt der Zutaten zur\u00fcckzuf\u00fchren<\/p>","protected":false},"excerpt":{"rendered":"<ul>\n<li>Verdauungsenzyme: Papain unterst\u00fctzt die Proteinverdauung<\/li>\n<li>Vitamin C und A: Wichtig f\u00fcr das Immunsystem und die Haut<\/li>\n<li>Antioxidantien: Reduziert Entz\u00fcndungen und sch\u00fctzt das Herz<\/li>\n<li>Ballaststoffe: verbessern die Verdauung und f\u00f6rdern die S\u00e4ttigung<\/li>\n<li>Reich an CALCIUM, das f\u00fcr die Erhaltung normaler Knochen notwendig ist<\/li>\n<li>Reich an MAGNESIUM, das hilft, M\u00fcdigkeit und Ersch\u00f6pfung zu verringern<\/li>\n<li>Reich an POTASSIUM, das zur Aufrechterhaltung eines normalen Blutdrucks beitr\u00e4gt<\/li>\n<li>Reich an FIBRES<\/li>\n<li>Formate: 25g\/80g\/200g<\/li>\n<li>Zutaten: 100% Papaya<\/li>\n<\/ul>\n<p><img loading=\"lazy\" decoding=\"async\" class=\"alignnone size-medium wp-image-45\" src=\"https:\/\/shop.naturaliafood.ch\/wp-content\/uploads\/2024\/09\/good-mango-300x69.png\" alt=\"\" width=\"300\" height=\"69\" \/><\/p>","protected":false},"featured_media":261,"template":"","meta":{"_et_pb_use_builder":"","_et_pb_old_content":"","_et_gb_content_width":""},"product_brand":[],"product_cat":[16],"product_tag":[],"class_list":{"0":"post-25","1":"product","2":"type-product","3":"status-publish","4":"has-post-thumbnail","6":"product_cat-frutta-secca","8":"first","9":"instock","10":"taxable","11":"shipping-taxable","12":"purchasable","13":"product-type-variable"},"_links":{"self":[{"href":"https:\/\/naturaliafood.ch\/de\/wp-json\/wp\/v2\/product\/25","targetHints":{"allow":["GET"]}}],"collection":[{"href":"https:\/\/naturaliafood.ch\/de\/wp-json\/wp\/v2\/product"}],"about":[{"href":"https:\/\/naturaliafood.ch\/de\/wp-json\/wp\/v2\/types\/product"}],"wp:featuredmedia":[{"embeddable":true,"href":"https:\/\/naturaliafood.ch\/de\/wp-json\/wp\/v2\/media\/261"}],"wp:attachment":[{"href":"https:\/\/naturaliafood.ch\/de\/wp-json\/wp\/v2\/media?parent=25"}],"wp:term":[{"taxonomy":"product_brand","embeddable":true,"href":"https:\/\/naturaliafood.ch\/de\/wp-json\/wp\/v2\/product_brand?post=25"},{"taxonomy":"product_cat","embeddable":true,"href":"https:\/\/naturaliafood.ch\/de\/wp-json\/wp\/v2\/product_cat?post=25"},{"taxonomy":"product_tag","embeddable":true,"href":"https:\/\/naturaliafood.ch\/de\/wp-json\/wp\/v2\/product_tag?post=25"}],"curies":[{"name":"wp","href":"https:\/\/api.w.org\/{rel}","templated":true}]}}