{"id":17,"date":"2024-09-24T16:29:47","date_gmt":"2024-09-24T16:29:47","guid":{"rendered":"https:\/\/naturaliafood.ch\/?post_type=product&#038;p=17"},"modified":"2024-10-25T07:46:21","modified_gmt":"2024-10-25T07:46:21","slug":"gute-kokosnuss","status":"publish","type":"product","link":"https:\/\/naturaliafood.ch\/de\/produkt\/gute-kokosnuss\/","title":{"rendered":"Gute Kokosnuss"},"content":{"rendered":"<p>Herstellungsland: Kenia<br \/>\n<strong>N\u00c4HRWERTANGABEN: <\/strong>Durchschnittliche Werte pro 100 g des Produkts<br \/>\n<strong>ENERGIE:<\/strong> 2859Kj\/693kcal<br \/>\n<strong>FATS<\/strong> davon ges\u00e4ttigte Fetts\u00e4uren65,0g 59,0g<br \/>\n<strong>CARBOHYDRATEN<\/strong> davon Zucker*16,0g 5,2g<br \/>\n<strong>FIBRES<\/strong> 13,0g<br \/>\n<strong>PROTEINE<\/strong> 5,5g<br \/>\n<strong>VERKAUF<\/strong> 0,009g<br \/>\n<strong>PHOSPHORUS<\/strong> 212 mg (30% VNR)<\/p>\n<ul>\n<li>enth\u00e4lt von Natur aus Fruchtzucker<\/li>\n<li>der Salzgehalt ist ausschlie\u00dflich auf den nat\u00fcrlichen Natriumgehalt der Zutaten zur\u00fcckzuf\u00fchren<\/li>\n<\/ul>","protected":false},"excerpt":{"rendered":"<ul>\n<li>Reich an Ballaststoffen: f\u00f6rdert die Verdauung und die Gesundheit des Darms<\/li>\n<li>Gesunde Fette: Enth\u00e4lt mittelkettige Fetts\u00e4uren (MCT), die Energie und Stoffwechsel steigern k\u00f6nnen<\/li>\n<li>Mineralstoffe: Reich an Kalium, Magnesium und Eisen, wichtig f\u00fcr die Muskel- und Nervenfunktion<\/li>\n<li>Antioxidantien: Antioxidative Verbindungen k\u00f6nnen die Zellen vor oxidativem Stress sch\u00fctzen<\/li>\n<li>Reich an FIBRES<\/li>\n<li>Reich an PHOSPHORUS, das zu einem normalen Energiestoffwechsel beitr\u00e4gt<\/li>\n<li>Reich an POTASSIUM, das zur Aufrechterhaltung eines normalen Blutdrucks beitr\u00e4gt<\/li>\n<li>Quelle von EISEN und MAGNESIUM<\/li>\n<li>Formate: 25g\/80g\/200g<\/li>\n<li>Zutaten: 100% Kokosnuss<\/li>\n<\/ul>\n<p><img loading=\"lazy\" decoding=\"async\" class=\"alignnone size-medium wp-image-45\" src=\"https:\/\/shop.naturaliafood.ch\/wp-content\/uploads\/2024\/09\/good-mango-300x69.png\" alt=\"\" width=\"300\" height=\"69\" \/><\/p>","protected":false},"featured_media":18,"template":"","meta":{"_et_pb_use_builder":"","_et_pb_old_content":"","_et_gb_content_width":""},"product_brand":[],"product_cat":[16],"product_tag":[],"class_list":{"0":"post-17","1":"product","2":"type-product","3":"status-publish","4":"has-post-thumbnail","6":"product_cat-frutta-secca","8":"first","9":"instock","10":"taxable","11":"shipping-taxable","12":"purchasable","13":"product-type-variable"},"_links":{"self":[{"href":"https:\/\/naturaliafood.ch\/de\/wp-json\/wp\/v2\/product\/17","targetHints":{"allow":["GET"]}}],"collection":[{"href":"https:\/\/naturaliafood.ch\/de\/wp-json\/wp\/v2\/product"}],"about":[{"href":"https:\/\/naturaliafood.ch\/de\/wp-json\/wp\/v2\/types\/product"}],"wp:featuredmedia":[{"embeddable":true,"href":"https:\/\/naturaliafood.ch\/de\/wp-json\/wp\/v2\/media\/18"}],"wp:attachment":[{"href":"https:\/\/naturaliafood.ch\/de\/wp-json\/wp\/v2\/media?parent=17"}],"wp:term":[{"taxonomy":"product_brand","embeddable":true,"href":"https:\/\/naturaliafood.ch\/de\/wp-json\/wp\/v2\/product_brand?post=17"},{"taxonomy":"product_cat","embeddable":true,"href":"https:\/\/naturaliafood.ch\/de\/wp-json\/wp\/v2\/product_cat?post=17"},{"taxonomy":"product_tag","embeddable":true,"href":"https:\/\/naturaliafood.ch\/de\/wp-json\/wp\/v2\/product_tag?post=17"}],"curies":[{"name":"wp","href":"https:\/\/api.w.org\/{rel}","templated":true}]}}