{"id":15,"date":"2024-09-24T16:29:42","date_gmt":"2024-09-24T16:29:42","guid":{"rendered":"https:\/\/naturaliafood.ch\/?post_type=product&#038;p=15"},"modified":"2024-12-13T07:01:41","modified_gmt":"2024-12-13T07:01:41","slug":"gute-mango","status":"publish","type":"product","link":"https:\/\/naturaliafood.ch\/de\/produkt\/gute-mango\/","title":{"rendered":"Gute Mango"},"content":{"rendered":"<p>Herstellungsland: Kenia<br \/>\n<strong>N\u00c4HRWERTANGABEN: <\/strong>Durchschnittliche Werte pro 100 g des Produkts<br \/>\n<strong>ENERGIE: <\/strong>Kj1444\/341kcal<br \/>\n<strong>FATS <\/strong>davon ges\u00e4ttigte Fetts\u00e4uren1,0g 0,3g<br \/>\n<strong>CARBOHYDRATEN <\/strong>davon Zucker*77,0g 64,0g<br \/>\n<strong>FIBRES<\/strong> 6,5g<br \/>\n<strong>PROTEINE <\/strong>3,2g<br \/>\n<strong>VERKAUF<\/strong> 0,002g<br \/>\n<strong>POTASSIUM <\/strong>1110 mg (56%VNR)<\/p>\n<ul>\n<li>Enth\u00e4lt von Natur aus Fruchtzucker<\/li>\n<li>Der Salzgehalt ist ausschlie\u00dflich auf den nat\u00fcrlichen Natriumgehalt der Zutaten zur\u00fcckzuf\u00fchren.<\/li>\n<\/ul>","protected":false},"excerpt":{"rendered":"<ul>\n<li>Vitamin C: Gut f\u00fcr das Immunsystem und die Gesundheit der Haut<\/li>\n<li>Antioxidantien: Enth\u00e4lt Beta-Carotin und Polyphenole, die Entz\u00fcndungen reduzieren und vor chronischen Krankheiten sch\u00fctzen k\u00f6nnen<\/li>\n<li>Ballaststoffe: verbessern die Verdauung und regulieren den Blutzuckerspiegel<\/li>\n<li>Vitamin A: N\u00fctzlich f\u00fcr gesunde Augen und Haut<\/li>\n<li>Reich an FIBRES<\/li>\n<li>Reich an POTASSIUM, das zur Aufrechterhaltung eines normalen Blutdrucks beitr\u00e4gt<\/li>\n<li>Formate: 25g\/80g\/200g<\/li>\n<li>Zutaten: 100% Mango<\/li>\n<\/ul>\n<p><img loading=\"lazy\" decoding=\"async\" class=\"alignnone size-medium wp-image-45\" src=\"https:\/\/naturaliafood.ch\/wp-content\/uploads\/2024\/09\/good-mango-300x69.png\" alt=\"\" width=\"300\" height=\"69\" \/><\/p>","protected":false},"featured_media":16,"template":"","meta":{"_et_pb_use_builder":"","_et_pb_old_content":"","_et_gb_content_width":""},"product_brand":[],"product_cat":[16],"product_tag":[],"class_list":{"0":"post-15","1":"product","2":"type-product","3":"status-publish","4":"has-post-thumbnail","6":"product_cat-frutta-secca","8":"first","9":"instock","10":"taxable","11":"shipping-taxable","12":"purchasable","13":"product-type-variable"},"_links":{"self":[{"href":"https:\/\/naturaliafood.ch\/de\/wp-json\/wp\/v2\/product\/15","targetHints":{"allow":["GET"]}}],"collection":[{"href":"https:\/\/naturaliafood.ch\/de\/wp-json\/wp\/v2\/product"}],"about":[{"href":"https:\/\/naturaliafood.ch\/de\/wp-json\/wp\/v2\/types\/product"}],"wp:featuredmedia":[{"embeddable":true,"href":"https:\/\/naturaliafood.ch\/de\/wp-json\/wp\/v2\/media\/16"}],"wp:attachment":[{"href":"https:\/\/naturaliafood.ch\/de\/wp-json\/wp\/v2\/media?parent=15"}],"wp:term":[{"taxonomy":"product_brand","embeddable":true,"href":"https:\/\/naturaliafood.ch\/de\/wp-json\/wp\/v2\/product_brand?post=15"},{"taxonomy":"product_cat","embeddable":true,"href":"https:\/\/naturaliafood.ch\/de\/wp-json\/wp\/v2\/product_cat?post=15"},{"taxonomy":"product_tag","embeddable":true,"href":"https:\/\/naturaliafood.ch\/de\/wp-json\/wp\/v2\/product_tag?post=15"}],"curies":[{"name":"wp","href":"https:\/\/api.w.org\/{rel}","templated":true}]}}