{"id":13,"date":"2024-09-24T16:29:39","date_gmt":"2024-09-24T16:29:39","guid":{"rendered":"https:\/\/naturaliafood.ch\/?post_type=product&#038;p=13"},"modified":"2024-09-25T07:20:16","modified_gmt":"2024-09-25T07:20:16","slug":"pistazien-antep-jumbo","status":"publish","type":"product","link":"https:\/\/naturaliafood.ch\/de\/produkt\/pistazien-antep-jumbo\/","title":{"rendered":"Pistazie 'Antep Jumbo'"},"content":{"rendered":"<p>Die Gr\u00f6\u00dfe ist Jumbo, das ist der gr\u00f6\u00dfte Typ und die beste Qualit\u00e4t. Die Schale und der Kern sind etwas kleiner als beim Typ Siirt. Der Kern hat einen h\u00f6heren \u00d6ls\u00e4uregehalt (nat\u00fcrlicher \u00d6lgehalt) als der Siirt-Typ. Der Kern ist au\u00dfen hellgr\u00fcn. Sie werden in der Schale ger\u00f6stet und haben einen leichten Salzgehalt. Die iranischen und US-amerikanischen \u00c4quivalente sind trockener, und der Alpha-Toxingehalt ist deutlich h\u00f6her als bei den Antep-Pistazien. Diese Qualit\u00e4t ist unger\u00f6stet, ger\u00f6stet und doppelt ger\u00f6stet erh\u00e4ltlich.<\/p>","protected":false},"excerpt":{"rendered":"<p>Jumbo, ist die gr\u00f6\u00dfte und qualitativ beste Pistazie. Die Schale und der Kern sind etwas kleiner als bei der Sorte Siirt.<\/p>","protected":false},"featured_media":14,"template":"","meta":{"_et_pb_use_builder":"","_et_pb_old_content":"","_et_gb_content_width":""},"product_brand":[],"product_cat":[16],"product_tag":[],"class_list":{"0":"post-13","1":"product","2":"type-product","3":"status-publish","4":"has-post-thumbnail","6":"product_cat-frutta-secca","8":"first","9":"instock","10":"taxable","11":"shipping-taxable","12":"purchasable","13":"product-type-simple"},"_links":{"self":[{"href":"https:\/\/naturaliafood.ch\/de\/wp-json\/wp\/v2\/product\/13","targetHints":{"allow":["GET"]}}],"collection":[{"href":"https:\/\/naturaliafood.ch\/de\/wp-json\/wp\/v2\/product"}],"about":[{"href":"https:\/\/naturaliafood.ch\/de\/wp-json\/wp\/v2\/types\/product"}],"wp:featuredmedia":[{"embeddable":true,"href":"https:\/\/naturaliafood.ch\/de\/wp-json\/wp\/v2\/media\/14"}],"wp:attachment":[{"href":"https:\/\/naturaliafood.ch\/de\/wp-json\/wp\/v2\/media?parent=13"}],"wp:term":[{"taxonomy":"product_brand","embeddable":true,"href":"https:\/\/naturaliafood.ch\/de\/wp-json\/wp\/v2\/product_brand?post=13"},{"taxonomy":"product_cat","embeddable":true,"href":"https:\/\/naturaliafood.ch\/de\/wp-json\/wp\/v2\/product_cat?post=13"},{"taxonomy":"product_tag","embeddable":true,"href":"https:\/\/naturaliafood.ch\/de\/wp-json\/wp\/v2\/product_tag?post=13"}],"curies":[{"name":"wp","href":"https:\/\/api.w.org\/{rel}","templated":true}]}}