{"id":98,"date":"2024-09-13T08:23:33","date_gmt":"2024-09-13T06:23:33","guid":{"rendered":"https:\/\/shop.naturaliafood.ch\/?page_id=98"},"modified":"2025-05-25T08:16:34","modified_gmt":"2025-05-25T08:16:34","slug":"home","status":"publish","type":"page","link":"https:\/\/naturaliafood.ch\/de\/","title":{"rendered":"Startseite"},"content":{"rendered":"<p>[et_pb_section fb_built=&#8221;1&#8243; fullwidth=&#8221;on&#8221; _builder_version=&#8221;4.27.0&#8243; _module_preset=&#8221;default&#8221; global_colors_info=&#8221;{}&#8221;][et_pb_fullwidth_slider _builder_version=&#8221;4.27.4&#8243; _module_preset=&#8221;default&#8221; body_text_color=&#8221;#000000&#8243; hover_enabled=&#8221;0&#8243; global_colors_info=&#8221;{}&#8221; header_font_last_edited=&#8221;off|desktop&#8221; header_font_size_last_edited=&#8221;on|phone&#8221; sticky_enabled=&#8221;0&#8243; header_font_size_phone=&#8221;48px&#8221;][et_pb_slide heading=&#8221;NATURALIA&#8221; _builder_version=&#8221;4.27.4&#8243; _module_preset=&#8221;default&#8221; header_level=&#8221;h1&#8243; header_font=&#8221;|800|||||||&#8221; header_text_align=&#8221;center&#8221; header_font_size=&#8221;100px&#8221; body_font=&#8221;|&#8211;et_global_body_font_weight||on|||||&#8221; body_font_size=&#8221;20px&#8221; body_letter_spacing=&#8221;10px&#8221; background_image=&#8221;https:\/\/naturaliafood.ch\/wp-content\/uploads\/2023\/07\/frutta-secca.jpeg&#8221; background_enable_image=&#8221;on&#8221; background_enable_pattern_style=&#8221;on&#8221; background_pattern_style=&#8221;diagonal-stripes-2&#8243; background_pattern_transform=&#8221;flip_vertical|flip_horizontal&#8221; background_pattern_repeat=&#8221;round&#8221; background_pattern_blend_mode=&#8221;multiply&#8221; text_orientation=&#8221;center&#8221; hover_enabled=&#8221;0&#8243; header_text_shadow_style=&#8221;preset1&#8243; global_colors_info=&#8221;{}&#8221; sticky_transition=&#8221;on&#8221; sticky_enabled=&#8221;0&#8243; header_font_size_last_edited=&#8221;on|phone&#8221; header_font_size_phone=&#8221;43px&#8221; header_font_size_tablet=&#8221;100px&#8221;]<\/p>\n<p><img loading=\"lazy\" decoding=\"async\" src=\"https:\/\/naturaliafood.ch\/wp-content\/uploads\/2023\/07\/naturalia_small_136.png\" width=\"136\" height=\"136\" alt=\"\" class=\"wp-image-65 alignnone size-full\" srcset=\"https:\/\/naturaliafood.ch\/wp-content\/uploads\/2023\/07\/naturalia_small_136.png 136w, https:\/\/naturaliafood.ch\/wp-content\/uploads\/2023\/07\/naturalia_small_136-100x100.png 100w\" sizes=\"(max-width: 136px) 100vw, 136px\" \/><\/p>\n<p>Gustosa frutta e semi<\/p>\n<p>per un snack salutare!<\/p>\n<p>[\/et_pb_slide][\/et_pb_fullwidth_slider][\/et_pb_section][et_pb_section fb_built=&#8221;1&#8243; _builder_version=&#8221;4.27.0&#8243; _module_preset=&#8221;default&#8221; global_colors_info=&#8221;{}&#8221;][et_pb_row _builder_version=&#8221;4.27.4&#8243; _module_preset=&#8221;default&#8221; global_colors_info=&#8221;{}&#8221; custom_padding=&#8221;||0px||false|false&#8221;][et_pb_column type=&#8221;4_4&#8243; _builder_version=&#8221;4.27.0&#8243; _module_preset=&#8221;default&#8221; global_colors_info=&#8221;{}&#8221;][et_pb_heading title=&#8221;I nostri prodotti&#8221; _builder_version=&#8221;4.27.0&#8243; _module_preset=&#8221;default&#8221; global_colors_info=&#8221;{}&#8221;][\/et_pb_heading][et_pb_shop show_pagination=&#8221;on&#8221; columns_number=&#8221;6&#8243; show_rating=&#8221;off&#8221; _builder_version=&#8221;4.27.0&#8243; _module_preset=&#8221;default&#8221; hover_enabled=&#8221;0&#8243; global_colors_info=&#8221;{}&#8221; sticky_enabled=&#8221;0&#8243;][\/et_pb_shop][\/et_pb_column][\/et_pb_row][\/et_pb_section][et_pb_section fb_built=&#8221;1&#8243; _builder_version=&#8221;4.27.0&#8243; _module_preset=&#8221;default&#8221; use_background_color_gradient=&#8221;on&#8221; background_color_gradient_stops=&#8221;#c4932b 0%|rgba(224,153,0,0.18) 100%&#8221; global_colors_info=&#8221;{}&#8221;][et_pb_row _builder_version=&#8221;4.27.0&#8243; _module_preset=&#8221;default&#8221; global_colors_info=&#8221;{}&#8221;][et_pb_column type=&#8221;4_4&#8243; _builder_version=&#8221;4.27.0&#8243; _module_preset=&#8221;default&#8221; global_colors_info=&#8221;{}&#8221;][et_pb_heading title=&#8221;Frutta secca: un mercato in espansione&#8221; _builder_version=&#8221;4.27.0&#8243; _module_preset=&#8221;default&#8221; title_level=&#8221;h2&#8243; title_font=&#8221;|800|||||||&#8221; title_font_size=&#8221;32px&#8221; global_colors_info=&#8221;{}&#8221;][\/et_pb_heading][et_pb_text _builder_version=&#8221;4.27.0&#8243; _module_preset=&#8221;default&#8221; header_4_font=&#8221;Poppins|500|||||||&#8221; header_4_line_height=&#8221;1.2em&#8221; global_colors_info=&#8221;{}&#8221;]<\/p>\n<h4>L\u2019attenzione crescente nel campo alimentare per la frutta secca \u00e8 confermata dalla fiorente domanda sui mercati, con una crescita positiva per il periodo 2020-2021, ed una produzione globale attestata a 5.3 milioni di tonnellate. Si stima effettivamente un aumento del 15% rispetto al periodo 2019-2020.<\/h4>\n<p>La crescita della domanda non \u00e8 per\u00f2 sinonimo di un aumento paritetico della qualit\u00e0 del prodotto, spesso soggetto a trattamenti chimici sia nel campo della produzione che della conservazione. Per questo motivo, Naturalia ambisce alla fornitura di un prodotto di qualit\u00e0, appositamente selezionato fra i migliori produttori, secondo degli altissimi standard di qualit\u00e0. In questo ambito, solo noci provenienti da coltivazioni organiche tradizionali sono accettate per la commercializzazione, a supporto di una spiccata sensibilit\u00e0 non solo nei confronti dei consumatori, ma anche dei produttori stessi, dotati di certificazioni attestanti la sostenibilit\u00e0 delle produzioni, oltre alla loro qualit\u00e0 ed al rispetto dei pi\u00f9 alti valori etici.<\/p>\n<p>[\/et_pb_text][et_pb_blog fullwidth=&#8221;off&#8221; posts_number=&#8221;3&#8243; include_categories=&#8221;all&#8221; _builder_version=&#8221;4.27.3&#8243; _module_preset=&#8221;default&#8221; global_colors_info=&#8221;{}&#8221;][\/et_pb_blog][\/et_pb_column][\/et_pb_row][\/et_pb_section][et_pb_section fb_built=&#8221;1&#8243; _builder_version=&#8221;4.27.0&#8243; _module_preset=&#8221;default&#8221; background_image=&#8221;https:\/\/naturaliafood.ch\/wp-content\/uploads\/2024\/09\/frutta-secca-1.jpg&#8221; parallax=&#8221;on&#8221; parallax_method=&#8221;off&#8221; global_colors_info=&#8221;{}&#8221;][et_pb_row _builder_version=&#8221;4.27.0&#8243; _module_preset=&#8221;default&#8221; background_color=&#8221;rgba(0,0,0,0.29)&#8221; custom_margin=&#8221;20px||20px||true|false&#8221; custom_padding=&#8221;35px|35px|35px|35px|true|true&#8221; global_colors_info=&#8221;{}&#8221;][et_pb_column type=&#8221;4_4&#8243; _builder_version=&#8221;4.27.0&#8243; _module_preset=&#8221;default&#8221; global_colors_info=&#8221;{}&#8221;][et_pb_heading title=&#8221;Alcune pubblicazioni medico scientifiche internazionali&#8221; _builder_version=&#8221;4.27.0&#8243; _module_preset=&#8221;default&#8221; title_level=&#8221;h2&#8243; title_font=&#8221;|800|||||||&#8221; title_text_color=&#8221;#FFFFFF&#8221; global_colors_info=&#8221;{}&#8221;][\/et_pb_heading][et_pb_text _builder_version=&#8221;4.27.0&#8243; _module_preset=&#8221;default&#8221; text_text_color=&#8221;#FFFFFF&#8221; header_4_text_color=&#8221;#FFFFFF&#8221; global_colors_info=&#8221;{}&#8221;]<\/p>\n<h4 class=\"text-justify\" style=\"text-align: justify;\"><strong>Nell\u2019articolo \u201cPropriet\u00e0 fisico-chimiche e benefici per la salute dei pistacchi\u201d gli autori hanno analizzato svariati studi pubblicati in PubMed, ISI web of knowledge e Google Scholar. Le conclusioni dello studio sono state sintetizzate come segue:<\/strong><\/h4>\n<p style=\"text-align: justify;\">\u201cI pistacchi contengono proteine, carboidrati, fibre alimentari, grassi, acido folico, vitamina K, magnesio e potassio, gamma-tocoferoli, sostanze fitochimiche e polifenoli. Nel loro insieme, questi costituenti hanno dimostrato di possedere funzioni antiossidanti e antinfiammatorie per migliorare la salute generale se consumati come una dieta sana.\u201d<\/p>\n<p>[\/et_pb_text][et_pb_text _builder_version=&#8221;4.27.0&#8243; _module_preset=&#8221;default&#8221; text_text_color=&#8221;#FFFFFF&#8221; global_colors_info=&#8221;{}&#8221;]<\/p>\n<p style=\"text-align: justify;\"><span>L\u2019articolo \u201cL&#8217;effetto dei pistacchi sulla salute umana: uno studio di revisione\u201d ha concluso che i pistacchi, grazie ai loro nutrienti, hanno un impatto positivo sulla salute umana, \u201ccompreso il sistema cardiovascolare, i lipidi nel sangue e la pressione sanguigna. Inoltre, grazie ai loro grassi insaturi, agiscono anche sulle lipoproteine e riducono le malattie cardiovascolari (CVD) e il diabete, e aiutano nella gestione del peso e della sindrome metabolica. Possono anche aiutare nel recupero dei pazienti con pre-diabete attraverso cambiamenti nel loro metabolismo dannoso. I pistacchi sono consigliati come parte di una dieta sana per la salute umana e la prevenzione delle malattie croniche non infettive.\u201d<\/span><\/p>\n<p>[\/et_pb_text][\/et_pb_column][\/et_pb_row][\/et_pb_section][et_pb_section fb_built=&#8221;1&#8243; _builder_version=&#8221;4.27.0&#8243; _module_preset=&#8221;default&#8221; background_color=&#8221;#2f794c&#8221; global_colors_info=&#8221;{}&#8221;][et_pb_row _builder_version=&#8221;4.27.0&#8243; _module_preset=&#8221;default&#8221; global_colors_info=&#8221;{}&#8221;][et_pb_column type=&#8221;4_4&#8243; _builder_version=&#8221;4.27.0&#8243; _module_preset=&#8221;default&#8221; global_colors_info=&#8221;{}&#8221;][et_pb_heading title=&#8221;Cosa dice la comunit\u00e0 scientifica&#8221; _builder_version=&#8221;4.27.0&#8243; _module_preset=&#8221;default&#8221; title_level=&#8221;h2&#8243; title_font=&#8221;|800|||||||&#8221; title_text_align=&#8221;center&#8221; title_text_color=&#8221;#FFFFFF&#8221; global_colors_info=&#8221;{}&#8221;][\/et_pb_heading][\/et_pb_column][\/et_pb_row][et_pb_row _builder_version=&#8221;4.27.0&#8243; _module_preset=&#8221;default&#8221; global_colors_info=&#8221;{}&#8221;][et_pb_column type=&#8221;4_4&#8243; _builder_version=&#8221;4.27.0&#8243; _module_preset=&#8221;default&#8221; global_colors_info=&#8221;{}&#8221;][et_pb_slider _builder_version=&#8221;4.27.2&#8243; _module_preset=&#8221;default&#8221; body_font_size=&#8221;25px&#8221; body_line_height=&#8221;1.4em&#8221; custom_padding=&#8221;99px|||||&#8221; border_radii_image=&#8221;on|150px|150px|150px|150px&#8221; global_colors_info=&#8221;{}&#8221;][et_pb_slide _builder_version=&#8221;4.27.2&#8243; _module_preset=&#8221;default&#8221; global_colors_info=&#8221;{}&#8221; sticky_transition=&#8221;on&#8221;]<\/p>\n<p>&#8220;I pistacchi sono una fonte ricca di nutrienti di proteine vegetali di buona qualit\u00e0, comunemente consumati come snack o ingrediente minimamente lavorato.\u201d<\/p>\n<p>[\/et_pb_slide][et_pb_slide image=&#8221;https:\/\/naturaliafood.ch\/wp-content\/uploads\/2024\/09\/medical-new-today.png&#8221; _builder_version=&#8221;4.27.0&#8243; _module_preset=&#8221;default&#8221; global_colors_info=&#8221;{}&#8221; sticky_transition=&#8221;on&#8221;]<\/p>\n<p>\u201cI pistacchi sono una delle noci a pi\u00f9 basso contenuto calorico, il che significa che le persone possono godere dei benefici per la salute delle noci rimanendo pi\u00f9 facilmente entro i loro limiti calorici giornalieri.\u201d<\/p>\n<p>[\/et_pb_slide][et_pb_slide image=&#8221;https:\/\/naturaliafood.ch\/wp-content\/uploads\/2024\/09\/research-gate.png&#8221; _builder_version=&#8221;4.27.0&#8243; _module_preset=&#8221;default&#8221; global_colors_info=&#8221;{}&#8221; sticky_transition=&#8221;on&#8221;]<\/p>\n<p>\u201cI pistacchi, grazie ai loro nutrienti, hanno un impatto positivo sulla salute umana, \u201ccompreso il sistema cardiovascolare, i lipidi nel sangue e la pressione sanguigna..\u201d<\/p>\n<p>[\/et_pb_slide][\/et_pb_slider][\/et_pb_column][\/et_pb_row][\/et_pb_section][et_pb_section fb_built=&#8221;1&#8243; _builder_version=&#8221;4.27.0&#8243; _module_preset=&#8221;default&#8221; global_colors_info=&#8221;{}&#8221; custom_padding=&#8221;||2px|||&#8221;][et_pb_row column_structure=&#8221;1_2,1_2&#8243; _builder_version=&#8221;4.27.0&#8243; _module_preset=&#8221;default&#8221; custom_margin=&#8221;31px||31px||true|false&#8221; global_colors_info=&#8221;{}&#8221;][et_pb_column type=&#8221;1_2&#8243; _builder_version=&#8221;4.27.0&#8243; _module_preset=&#8221;default&#8221; global_colors_info=&#8221;{}&#8221;][et_pb_image src=&#8221;https:\/\/naturaliafood.ch\/wp-content\/uploads\/2024\/09\/busta-pistacchi.jpg&#8221; title_text=&#8221;busta-pistacchi.jpg&#8221; _builder_version=&#8221;4.27.2&#8243; _module_preset=&#8221;default&#8221; global_colors_info=&#8221;{}&#8221;][\/et_pb_image][\/et_pb_column][et_pb_column type=&#8221;1_2&#8243; _builder_version=&#8221;4.27.0&#8243; _module_preset=&#8221;default&#8221; global_colors_info=&#8221;{}&#8221;][et_pb_heading title=&#8221;Noci, pistacchi e frutta secca aiutano a combattere i chili di troppo&#8221; _builder_version=&#8221;4.27.0&#8243; _module_preset=&#8221;default&#8221; title_level=&#8221;h2&#8243; title_font=&#8221;|800|||||||&#8221; global_colors_info=&#8221;{}&#8221;][\/et_pb_heading][et_pb_text _builder_version=&#8221;4.27.0&#8243; _module_preset=&#8221;default&#8221; global_colors_info=&#8221;{}&#8221;]<\/p>\n<div class=\"col-MB-30\">\n<h4 class=\"text-justify\"><strong>Un recente studio americano condotto su oltre 13.000 persone e pubblicato sul Journal of American College of Nutrition ha dimostrato che&#8230;<\/strong><\/h4>\n<\/div>\n<p class=\"text-justify\">le persone che mangiano regolarmente dosi contenute di frutta secca quali noci, pistacchi, mandorle e anacardi rischiano di ammalarsi molto meno di alcune malattie gravi e riescono a tenere sotto controllo il peso corporeo.<\/p>\n<p class=\"text-justify\">Lo studio ha sottolineato come \u201cin particolare, chi consuma le noci ha evidenziato una prevalenza inferiore di quattro fattori di rischio legati a sindromi metaboliche, come obesit\u00e0 addominale, pressione alta, elevata glicemia a digiuno e bassi livelli di lipoproteine ad alta densit\u00e0 di colesterolo.\u201d<\/p>\n<p>[\/et_pb_text][\/et_pb_column][\/et_pb_row][\/et_pb_section][et_pb_section fb_built=&#8221;1&#8243; _builder_version=&#8221;4.27.0&#8243; _module_preset=&#8221;default&#8221; global_colors_info=&#8221;{}&#8221;][et_pb_row column_structure=&#8221;1_4,1_4,1_4,1_4&#8243; _builder_version=&#8221;4.27.0&#8243; _module_preset=&#8221;default&#8221; global_colors_info=&#8221;{}&#8221; custom_padding=&#8221;10px||0px|||&#8221;][et_pb_column type=&#8221;1_4&#8243; _builder_version=&#8221;4.27.0&#8243; _module_preset=&#8221;default&#8221; global_colors_info=&#8221;{}&#8221;][et_pb_heading title=&#8221;Il nostro team&#8221; _builder_version=&#8221;4.27.0&#8243; _module_preset=&#8221;default&#8221; title_level=&#8221;h2&#8243; title_font=&#8221;|700|||||||&#8221; title_font_size=&#8221;29px&#8221; global_colors_info=&#8221;{}&#8221;][\/et_pb_heading][\/et_pb_column][et_pb_column type=&#8221;1_4&#8243; _builder_version=&#8221;4.27.0&#8243; _module_preset=&#8221;default&#8221; global_colors_info=&#8221;{}&#8221;][et_pb_text _builder_version=&#8221;4.27.0&#8243; _module_preset=&#8221;default&#8221; text_text_color=&#8221;#FFFFFF&#8221; header_2_text_color=&#8221;#FFFFFF&#8221; background_color=&#8221;#2f794c&#8221; custom_margin=&#8221;0px||||false|false&#8221; custom_padding=&#8221;21px||21px||true|false&#8221; global_colors_info=&#8221;{}&#8221;]<\/p>\n<h2 style=\"text-align: center;\"><strong><span class=\"team__item__title\">Alfredo Santacroce<\/span><\/strong><\/h2>\n<p style=\"text-align: center;\"><span class=\"team__item__subtitle\">Amministrazione e finanza<\/span><a href=\"mailto: \ncompliance@naturaliafood.ch\"><span class=\"team__item__subtitle email\"><br \/>\ncompliance@naturaliafood.ch<\/span><\/a><\/p>\n<p>[\/et_pb_text][\/et_pb_column][et_pb_column type=&#8221;1_4&#8243; _builder_version=&#8221;4.27.0&#8243; _module_preset=&#8221;default&#8221; global_colors_info=&#8221;{}&#8221;][et_pb_text _builder_version=&#8221;4.27.0&#8243; _module_preset=&#8221;default&#8221; text_text_color=&#8221;#FFFFFF&#8221; header_2_text_color=&#8221;#FFFFFF&#8221; background_color=&#8221;#2f794c&#8221; custom_margin=&#8221;0px||||false|false&#8221; custom_padding=&#8221;21px||21px||true|false&#8221; global_colors_info=&#8221;{}&#8221;]<\/p>\n<h2 style=\"text-align: center;\"><strong><span class=\"team__item__title\">Hurcem Merkan<\/span><\/strong><\/h2>\n<p style=\"text-align: center;\"><span class=\"team__item__subtitle\">Approvvigionamenti<\/span><a href=\"mailto: hurcem@naturaliafood.ch\"><span class=\"team__item__subtitle email\"><br \/>hurcem@naturaliafood.ch<\/span><\/a><\/p>\n<p>[\/et_pb_text][\/et_pb_column][et_pb_column type=&#8221;1_4&#8243; _builder_version=&#8221;4.27.0&#8243; _module_preset=&#8221;default&#8221; global_colors_info=&#8221;{}&#8221;][et_pb_text _builder_version=&#8221;4.27.0&#8243; _module_preset=&#8221;default&#8221; text_text_color=&#8221;#FFFFFF&#8221; header_2_text_color=&#8221;#FFFFFF&#8221; background_color=&#8221;#2f794c&#8221; custom_margin=&#8221;0px||||false|false&#8221; custom_padding=&#8221;21px||21px||true|false&#8221; global_colors_info=&#8221;{}&#8221;]<\/p>\n<h2 style=\"text-align: center;\"><strong><span class=\"team__item__title\">Mattia Taddei<\/span><\/strong><\/h2>\n<p style=\"text-align: center;\"><span class=\"team__item__subtitle\">Logistica e controllo qualit\u00e0<\/span><a href=\"mailto: mattia@naturaliafood.ch\"><span class=\"team__item__subtitle email\"><br \/>\nmattia@naturaliafood.ch<\/span><\/a><\/p>\n<p>[\/et_pb_text][\/et_pb_column][\/et_pb_row][\/et_pb_section][et_pb_section fb_built=&#8221;1&#8243; _builder_version=&#8221;4.27.0&#8243; _module_preset=&#8221;default&#8221; global_colors_info=&#8221;{}&#8221; custom_padding=&#8221;2px|||||&#8221;][et_pb_row column_structure=&#8221;1_2,1_2&#8243; _builder_version=&#8221;4.27.0&#8243; _module_preset=&#8221;default&#8221; global_colors_info=&#8221;{}&#8221;][et_pb_column type=&#8221;1_2&#8243; _builder_version=&#8221;4.27.0&#8243; _module_preset=&#8221;default&#8221; global_colors_info=&#8221;{}&#8221;][et_pb_text _builder_version=&#8221;4.27.0&#8243; _module_preset=&#8221;default&#8221; global_colors_info=&#8221;{}&#8221;]<\/p>\n<header class=\"item__header\">\n<h2 class=\"item__title\">Contatti<\/h2>\n<p class=\"item__subtitle\">Hai bisogno di qualche informazione? Contattaci dal modulo accanto o a uno dei contatti qui di seguito<\/p>\n<\/header>\n<div class=\"company-contacts\">\n<address>\n<p><i class=\"fontello-location\"><\/i><a href=\"https:\/\/goo.gl\/maps\/gWwMRsXqqRhqLkt7A\">Strada di Magistri, 5<br \/>Rovoredo, Svizzera<\/a><\/p>\n<p><i class=\"fontello-phone-call\"><\/i><a href=\"tel:+41782350203\">+41 78 235 02 03<\/a><\/p>\n<p><i class=\"fontello-mail\"><\/i><a href=\"mailto:compliance@naturaliafood.ch\">compliance@naturaliafood.ch<\/a><\/p>\n<\/address>\n<\/div>\n<p>[\/et_pb_text][\/et_pb_column][et_pb_column type=&#8221;1_2&#8243; _builder_version=&#8221;4.27.0&#8243; _module_preset=&#8221;default&#8221; global_colors_info=&#8221;{}&#8221;][et_pb_contact_form _builder_version=&#8221;4.27.0&#8243; _module_preset=&#8221;default&#8221; _unique_id=&#8221;7e15f98f-3dfa-4273-841c-f956b4195b52&#8243; global_colors_info=&#8221;{}&#8221;][et_pb_contact_field field_id=&#8221;Nome&#8221; field_title=&#8221;Nome&#8221; _builder_version=&#8221;4.27.0&#8243; global_colors_info=&#8221;{}&#8221; button_text_size__hover_enabled=&#8221;off&#8221; button_one_text_size__hover_enabled=&#8221;off&#8221; button_two_text_size__hover_enabled=&#8221;off&#8221; button_text_color__hover_enabled=&#8221;off&#8221; button_one_text_color__hover_enabled=&#8221;off&#8221; button_two_text_color__hover_enabled=&#8221;off&#8221; button_border_width__hover_enabled=&#8221;off&#8221; button_one_border_width__hover_enabled=&#8221;off&#8221; button_two_border_width__hover_enabled=&#8221;off&#8221; button_border_color__hover_enabled=&#8221;off&#8221; button_one_border_color__hover_enabled=&#8221;off&#8221; button_two_border_color__hover_enabled=&#8221;off&#8221; button_border_radius__hover_enabled=&#8221;off&#8221; button_one_border_radius__hover_enabled=&#8221;off&#8221; button_two_border_radius__hover_enabled=&#8221;off&#8221; button_letter_spacing__hover_enabled=&#8221;off&#8221; button_one_letter_spacing__hover_enabled=&#8221;off&#8221; button_two_letter_spacing__hover_enabled=&#8221;off&#8221; button_bg_color__hover_enabled=&#8221;off&#8221; button_one_bg_color__hover_enabled=&#8221;off&#8221; button_two_bg_color__hover_enabled=&#8221;off&#8221;][\/et_pb_contact_field][et_pb_contact_field field_id=&#8221;Email&#8221; field_title=&#8221;Indirizzo e-mail&#8221; field_type=&#8221;email&#8221; _builder_version=&#8221;4.16&#8243; global_colors_info=&#8221;{}&#8221; button_text_size__hover_enabled=&#8221;off&#8221; button_one_text_size__hover_enabled=&#8221;off&#8221; button_two_text_size__hover_enabled=&#8221;off&#8221; button_text_color__hover_enabled=&#8221;off&#8221; button_one_text_color__hover_enabled=&#8221;off&#8221; button_two_text_color__hover_enabled=&#8221;off&#8221; button_border_width__hover_enabled=&#8221;off&#8221; button_one_border_width__hover_enabled=&#8221;off&#8221; button_two_border_width__hover_enabled=&#8221;off&#8221; button_border_color__hover_enabled=&#8221;off&#8221; button_one_border_color__hover_enabled=&#8221;off&#8221; button_two_border_color__hover_enabled=&#8221;off&#8221; button_border_radius__hover_enabled=&#8221;off&#8221; button_one_border_radius__hover_enabled=&#8221;off&#8221; button_two_border_radius__hover_enabled=&#8221;off&#8221; button_letter_spacing__hover_enabled=&#8221;off&#8221; button_one_letter_spacing__hover_enabled=&#8221;off&#8221; button_two_letter_spacing__hover_enabled=&#8221;off&#8221; button_bg_color__hover_enabled=&#8221;off&#8221; button_one_bg_color__hover_enabled=&#8221;off&#8221; button_two_bg_color__hover_enabled=&#8221;off&#8221;][\/et_pb_contact_field][et_pb_contact_field field_id=&#8221;Message&#8221; field_title=&#8221;Messaggio&#8221; field_type=&#8221;text&#8221; fullwidth_field=&#8221;on&#8221; _builder_version=&#8221;4.16&#8243; global_colors_info=&#8221;{}&#8221; button_text_size__hover_enabled=&#8221;off&#8221; button_one_text_size__hover_enabled=&#8221;off&#8221; button_two_text_size__hover_enabled=&#8221;off&#8221; button_text_color__hover_enabled=&#8221;off&#8221; button_one_text_color__hover_enabled=&#8221;off&#8221; button_two_text_color__hover_enabled=&#8221;off&#8221; button_border_width__hover_enabled=&#8221;off&#8221; button_one_border_width__hover_enabled=&#8221;off&#8221; button_two_border_width__hover_enabled=&#8221;off&#8221; button_border_color__hover_enabled=&#8221;off&#8221; button_one_border_color__hover_enabled=&#8221;off&#8221; button_two_border_color__hover_enabled=&#8221;off&#8221; button_border_radius__hover_enabled=&#8221;off&#8221; button_one_border_radius__hover_enabled=&#8221;off&#8221; button_two_border_radius__hover_enabled=&#8221;off&#8221; button_letter_spacing__hover_enabled=&#8221;off&#8221; button_one_letter_spacing__hover_enabled=&#8221;off&#8221; button_two_letter_spacing__hover_enabled=&#8221;off&#8221; button_bg_color__hover_enabled=&#8221;off&#8221; button_one_bg_color__hover_enabled=&#8221;off&#8221; button_two_bg_color__hover_enabled=&#8221;off&#8221;][\/et_pb_contact_field][\/et_pb_contact_form][\/et_pb_column][\/et_pb_row][\/et_pb_section][et_pb_section fb_built=&#8221;1&#8243; _builder_version=&#8221;4.27.0&#8243; _module_preset=&#8221;default&#8221; global_colors_info=&#8221;{}&#8221;][et_pb_row _builder_version=&#8221;4.27.0&#8243; _module_preset=&#8221;default&#8221; width=&#8221;100%&#8221; max_width=&#8221;1980px&#8221; global_colors_info=&#8221;{}&#8221;][et_pb_column type=&#8221;4_4&#8243; _builder_version=&#8221;4.27.0&#8243; _module_preset=&#8221;default&#8221; global_colors_info=&#8221;{}&#8221;][et_pb_code _builder_version=&#8221;4.27.0&#8243; _module_preset=&#8221;default&#8221; global_colors_info=&#8221;{}&#8221;]<iframe src=\"https:\/\/www.google.com\/maps\/embed?pb=!1m18!1m12!1m3!1d2759.6322253125068!2d9.126449711635225!3d46.23765797097654!2m3!1f0!2f0!3f0!3m2!1i1024!2i768!4f13.1!3m3!1m2!1s0x47844f4871dec1b1%3A0x32a31672f0907960!2sStr.%20di%20Magistri%205%2C%206535%20Roveredo%2C%20Svizzera!5e0!3m2!1sit!2sit!4v1726211050946!5m2!1sit!2sit\" width=\"100%\" height=\"450\" style=\"border:0;\" allowfullscreen=\"\" loading=\"lazy\" referrerpolicy=\"no-referrer-when-downgrade\"><\/iframe>[\/et_pb_code][\/et_pb_column][\/et_pb_row][\/et_pb_section]<\/p>\n","protected":false},"excerpt":{"rendered":"<p>Gustosa frutta e semi per un snack salutare!L\u2019attenzione crescente nel campo alimentare per la frutta secca \u00e8 confermata dalla fiorente domanda sui mercati, con una crescita positiva per il periodo 2020-2021, ed una produzione globale attestata a 5.3 milioni di tonnellate. Si stima effettivamente un aumento del 15% rispetto al periodo 2019-2020. La crescita della [&hellip;]<\/p>\n","protected":false},"author":1,"featured_media":0,"parent":0,"menu_order":0,"comment_status":"closed","ping_status":"closed","template":"","meta":{"_et_pb_use_builder":"on","_et_pb_old_content":"","_et_gb_content_width":"","footnotes":""},"class_list":["post-98","page","type-page","status-publish","hentry"],"_links":{"self":[{"href":"https:\/\/naturaliafood.ch\/de\/wp-json\/wp\/v2\/pages\/98","targetHints":{"allow":["GET"]}}],"collection":[{"href":"https:\/\/naturaliafood.ch\/de\/wp-json\/wp\/v2\/pages"}],"about":[{"href":"https:\/\/naturaliafood.ch\/de\/wp-json\/wp\/v2\/types\/page"}],"author":[{"embeddable":true,"href":"https:\/\/naturaliafood.ch\/de\/wp-json\/wp\/v2\/users\/1"}],"replies":[{"embeddable":true,"href":"https:\/\/naturaliafood.ch\/de\/wp-json\/wp\/v2\/comments?post=98"}],"version-history":[{"count":13,"href":"https:\/\/naturaliafood.ch\/de\/wp-json\/wp\/v2\/pages\/98\/revisions"}],"predecessor-version":[{"id":660,"href":"https:\/\/naturaliafood.ch\/de\/wp-json\/wp\/v2\/pages\/98\/revisions\/660"}],"wp:attachment":[{"href":"https:\/\/naturaliafood.ch\/de\/wp-json\/wp\/v2\/media?parent=98"}],"curies":[{"name":"wp","href":"https:\/\/api.w.org\/{rel}","templated":true}]}}