{"id":199,"date":"2024-09-25T07:05:42","date_gmt":"2024-09-25T07:05:42","guid":{"rendered":"https:\/\/naturaliafood.ch\/?page_id=199"},"modified":"2024-09-25T07:06:59","modified_gmt":"2024-09-25T07:06:59","slug":"nahrwerteigenschaften-der-produkte","status":"publish","type":"page","link":"https:\/\/naturaliafood.ch\/de\/nahrwerteigenschaften-der-produkte\/","title":{"rendered":"N\u00e4hrstoffeigenschaften des Produkts"},"content":{"rendered":"<h2 class=\"wp-block-heading\">Getrocknete Fr\u00fcchte\/Waln\u00fcsse<\/h2>\n\n\n\n<ol class=\"wp-block-list\">\n<li><strong>Kokosnuss:<\/strong><\/li>\n<\/ol>\n\n\n\n<ul class=\"wp-block-list\">\n<li>Reich an Ballaststoffen: F\u00f6rdert die Verdauung und die Gesundheit des Darms.<\/li>\n\n\n\n<li>Gesunde Fette: Enth\u00e4lt mittelkettige Fetts\u00e4uren (MCT), die Energie und Stoffwechsel steigern k\u00f6nnen.<\/li>\n\n\n\n<li>Mineralstoffe: Reich an Kalium, Magnesium und Eisen, wichtig f\u00fcr die Muskel- und Nervenfunktion.<\/li>\n\n\n\n<li>Antioxidantien: Antioxidative Verbindungen k\u00f6nnen die Zellen vor oxidativem Stress sch\u00fctzen.<\/li>\n<\/ul>\n\n\n\n<ol start=\"2\" class=\"wp-block-list\">\n<li><strong>Mango:<\/strong><\/li>\n<\/ol>\n\n\n\n<ul class=\"wp-block-list\">\n<li>Vitamin C: Gut f\u00fcr das Immunsystem und die Gesundheit der Haut.<\/li>\n\n\n\n<li>Antioxidantien: Enth\u00e4lt Beta-Carotin und Polyphenole, die Entz\u00fcndungen reduzieren und vor chronischen Krankheiten sch\u00fctzen k\u00f6nnen.<\/li>\n\n\n\n<li>Ballaststoffe: Verbessern die Verdauung und regulieren den Blutzuckerspiegel.<\/li>\n\n\n\n<li>Vitamin A: N\u00fctzlich f\u00fcr gesunde Augen und Haut.<\/li>\n<\/ul>\n\n\n\n<ol start=\"3\" class=\"wp-block-list\">\n<li><strong>Papaya:<\/strong><\/li>\n<\/ol>\n\n\n\n<ul class=\"wp-block-list\">\n<li>Verdauungsenzyme: Papain unterst\u00fctzt die Proteinverdauung.<\/li>\n\n\n\n<li>Vitamin C und A: Wichtig f\u00fcr das Immunsystem und die Haut.<\/li>\n\n\n\n<li>Antioxidantien: Wirkt entz\u00fcndungshemmend und sch\u00fctzt das Herz.<\/li>\n\n\n\n<li>Ballaststoffe: verbessern die Verdauung und f\u00f6rdern die S\u00e4ttigung.<\/li>\n<\/ul>\n\n\n\n<ol start=\"4\" class=\"wp-block-list\">\n<li><strong>Ananas:<\/strong><\/li>\n<\/ol>\n\n\n\n<ul class=\"wp-block-list\">\n<li>Bromelain: Ein Enzym, das die Verdauung f\u00f6rdert und Entz\u00fcndungen reduziert.<\/li>\n\n\n\n<li>Vitamin C: Wesentlich f\u00fcr das Immunsystem und die Haut.<\/li>\n\n\n\n<li>Antioxidantien: Verringert das Risiko chronischer Krankheiten.<\/li>\n\n\n\n<li>Mangan: Wichtig f\u00fcr den Stoffwechsel und die Gesundheit der Knochen.<\/li>\n<\/ul>\n\n\n\n<ol start=\"5\" class=\"wp-block-list\">\n<li><strong>Banane:<\/strong><\/li>\n<\/ol>\n\n\n\n<ul class=\"wp-block-list\">\n<li>Reich an Kalium: reguliert den Blutdruck und unterst\u00fctzt die Muskelfunktion.<\/li>\n\n\n\n<li>Vitamin B6: Wesentlich f\u00fcr die Serotoninproduktion und die Gesundheit des Gehirns.<\/li>\n\n\n\n<li>Ballaststoffe: F\u00f6rdern die Verdauung und die Regulierung des Blutzuckerspiegels.<\/li>\n\n\n\n<li>Komplexe Kohlenhydrate: Langsam verf\u00fcgbare Energiequelle.<\/li>\n<\/ul>\n\n\n\n<ol start=\"6\" class=\"wp-block-list\">\n<li><strong>Cashewn\u00fcsse:<\/strong><\/li>\n<\/ol>\n\n\n\n<ul class=\"wp-block-list\">\n<li>Gesunde Fette: Enth\u00e4lt herzgesunde einfach unges\u00e4ttigte Fetts\u00e4uren.<\/li>\n\n\n\n<li>Eiwei\u00df: Hilft, die Muskelmasse zu erhalten.<\/li>\n\n\n\n<li>Magnesium und Kupfer: Wesentlich f\u00fcr gesunde Knochen, Gehirn und Immunsystem.<\/li>\n\n\n\n<li>Antioxidantien: Sie tragen zum Schutz der Zellen vor oxidativen Sch\u00e4den bei.<\/li>\n<\/ul>\n\n\n\n<ol start=\"7\" class=\"wp-block-list\">\n<li><strong>Macadamia-N\u00fcsse:<\/strong><\/li>\n<\/ol>\n\n\n\n<ul class=\"wp-block-list\">\n<li>Einfach unges\u00e4ttigte Fette: Nutzen f\u00fcr die Gesundheit des Herzens und zur Senkung des schlechten Cholesterins.<\/li>\n\n\n\n<li>Ballaststoffe: F\u00f6rdern die Verdauung und die Gesundheit des Darms Antioxidantien: Sch\u00fctzen die Zellen vor oxidativen Sch\u00e4den.<\/li>\n\n\n\n<li>Vitamine und Mineralstoffe: Reich an Thiamin (Vitamin B1) und Mangan, wichtig f\u00fcr den Energiestoffwechsel und die Knochengesundheit<\/li>\n<\/ul>\n\n\n\n<h2 class=\"wp-block-heading\">Bars<\/h2>\n\n\n\n<ol class=\"wp-block-list\">\n<li>Pistazien und Kakaobohnen:<\/li>\n<\/ol>\n\n\n\n<p><strong>Pistazie: <\/strong><\/p>\n\n\n\n<ul class=\"wp-block-list\">\n<li><\/li>\n<\/ul>\n\n\n\n<ul class=\"wp-block-list\">\n<li>Eiwei\u00df: Ausgezeichnete pflanzliche Quelle zur Erhaltung der Muskelmasse.<\/li>\n\n\n\n<li>Vitamine und Mineralstoffe: Sie sind reich an Vitamin B6, Magnesium und Kalium und unterst\u00fctzen die Nerven- und Muskelfunktion.<\/li>\n\n\n\n<li><strong>Einfach unges\u00e4ttigte Fette: beg\u00fcnstigen die Gesundheit des Herzens und tragen zur Senkung des schlechten Cholesterins bei.<\/strong><\/li>\n<\/ul>\n\n\n\n<p><strong>Kakaobohnen:<\/strong><\/p>\n\n\n\n<ul class=\"wp-block-list\">\n<li>Antioxidantien: Hohe Konzentration an Flavonoiden, die zur Bek\u00e4mpfung von oxidativem Stress beitragen und die Gesundheit des Herzens f\u00f6rdern.<\/li>\n\n\n\n<li>Magnesium: Tr\u00e4gt zur Gesundheit von Herz, Knochen und Muskeln bei.<\/li>\n\n\n\n<li>Theobromin: Ein Alkaloid, das als nat\u00fcrliches Stimulans wirkt und Energie liefert, ohne die Nervosit\u00e4t von Koffein zu erzeugen.<\/li>\n<\/ul>\n\n\n\n<ol start=\"2\" class=\"wp-block-list\">\n<li><strong>Kokosnuss und Mango:<\/strong><\/li>\n<\/ol>\n\n\n\n<p>Kokosnuss:<\/p>\n\n\n\n<ul class=\"wp-block-list\">\n<li>Ballaststoffe: f\u00f6rdern die Darmgesundheit und verl\u00e4ngern das S\u00e4ttigungsgef\u00fchl.<\/li>\n\n\n\n<li>Gesunde Fette: Enth\u00e4lt mittelkettige Fetts\u00e4uren, die schnelle Energie liefern und den Stoffwechsel verbessern.<\/li>\n\n\n\n<li>Mineralstoffe: Gute Quelle f\u00fcr Kalium, Eisen und Magnesium, wichtig f\u00fcr den Elektrolythaushalt und die Gesundheit der Muskeln.<\/li>\n<\/ul>\n\n\n\n<p>Mango:<\/p>\n\n\n\n<ul class=\"wp-block-list\">\n<li>Vitamin C: St\u00e4rkt das Immunsystem und f\u00f6rdert die Kollagenproduktion in der Haut.<\/li>\n\n\n\n<li>Ballaststoffe: verbessern die Verdauung und helfen, den Blutzuckerspiegel zu regulieren.<\/li>\n\n\n\n<li>Antioxidantien: Sie sch\u00fctzen die Zellen vor oxidativem Stress und f\u00f6rdern die allgemeine Gesundheit.<\/li>\n<\/ul>\n\n\n\n<ol start=\"3\" class=\"wp-block-list\">\n<li><strong>Mangos und Cashews:<\/strong><\/li>\n<\/ol>\n\n\n\n<p>Mango:<\/p>\n\n\n\n<ul class=\"wp-block-list\">\n<li>Vitamin A: N\u00fctzlich f\u00fcr gesundes Sehverm\u00f6gen und gesunde Haut.<\/li>\n\n\n\n<li>Ballaststoffe: Helfen bei der Regulierung der Verdauung und sind eine nat\u00fcrliche Energiequelle.<\/li>\n\n\n\n<li>Antioxidantien: Sie wirken entz\u00fcndungshemmend und sch\u00fctzen das Immunsystem.<\/li>\n<\/ul>\n\n\n\n<p>Cashewn\u00fcsse:<\/p>\n\n\n\n<ul class=\"wp-block-list\">\n<li>Gesunde Fette: Enth\u00e4lt einfach unges\u00e4ttigte Fetts\u00e4uren, die die Gesundheit des Herz-Kreislauf-Systems f\u00f6rdern.<\/li>\n\n\n\n<li>Magnesium: Unterst\u00fctzt die Gesundheit von Muskeln und Nerven und reduziert M\u00fcdigkeit.<\/li>\n\n\n\n<li>Eiwei\u00df: Hilft beim Aufbau und der Reparatur von K\u00f6rpergewebe.<\/li>\n<\/ul>\n\n\n\n<ol start=\"4\" class=\"wp-block-list\">\n<li>Erdn\u00fcsse und Goji-Beeren:<\/li>\n<\/ol>\n\n\n\n<p>Erdn\u00fcsse:<\/p>\n\n\n\n<ul class=\"wp-block-list\">\n<li>Pflanzliches Eiwei\u00df: eine hervorragende Quelle f\u00fcr den Aufbau und Erhalt von Muskelmasse.<\/li>\n\n\n\n<li>Unges\u00e4ttigte Fette: Sie sind gut f\u00fcr das Herz und tragen zu einem niedrigen Cholesterinspiegel bei.<\/li>\n\n\n\n<li>Vitamin E: Starkes Antioxidans, das die Zellen vor oxidativem Stress sch\u00fctzt.<\/li>\n<\/ul>\n\n\n\n<p>Goji-Beeren:<\/p>\n\n\n\n<ul class=\"wp-block-list\">\n<li>Antioxidantien: Reich an Carotinoiden und Polysacchariden, die das Immunsystem unterst\u00fctzen.<\/li>\n\n\n\n<li>Vitamin A und C: St\u00e4rken die Sehkraft und das Immunsystem.<\/li>\n\n\n\n<li>Ballaststoffe: F\u00f6rdern die Verdauung und tragen zur Regulierung des Blutzuckerspiegels bei.<\/li>\n<\/ul>\n\n\n\n<ol start=\"5\" class=\"wp-block-list\">\n<li>Banane und Mandeln:<\/li>\n<\/ol>\n\n\n\n<p>Banane:<\/p>\n\n\n\n<ul class=\"wp-block-list\">\n<li>Kalium: Reguliert den Blutdruck und f\u00f6rdert die Gesundheit der Muskeln.<\/li>\n\n\n\n<li>Komplexe Kohlenhydrate: Langsam freisetzende Energiequelle, ideal f\u00fcr die Aufrechterhaltung k\u00f6rperlicher Aktivit\u00e4t.<\/li>\n\n\n\n<li>Vitamin B6: Tr\u00e4gt zum reibungslosen Funktionieren des Nervensystems bei.<\/li>\n<\/ul>\n\n\n\n<p>Mandeln:<\/p>\n\n\n\n<ul class=\"wp-block-list\">\n<li>Gesunde Fette: Reich an einfach unges\u00e4ttigten Fetts\u00e4uren, gut f\u00fcr die kardiovaskul\u00e4re Gesundheit.<\/li>\n\n\n\n<li>Vitamin E: Sch\u00fctzt die Zellen vor oxidativem Stress und unterst\u00fctzt eine gesunde Haut.<\/li>\n\n\n\n<li>Eiwei\u00df: tr\u00e4gt zur Erhaltung der Muskelmasse bei und ist eine gute Energiequelle.<\/li>\n<\/ul>","protected":false},"excerpt":{"rendered":"<p>Trockenfr\u00fcchte\/N\u00fcsse Riegel Pistazie: Kakaobohnen: Kokosnuss: Mango: Cashewn\u00fcsse: Erdn\u00fcsse: Gojibeeren: Banane: Mandeln<\/p>","protected":false},"author":1,"featured_media":0,"parent":0,"menu_order":0,"comment_status":"closed","ping_status":"closed","template":"","meta":{"_et_pb_use_builder":"off","_et_pb_old_content":"","_et_gb_content_width":"1080","footnotes":""},"class_list":["post-199","page","type-page","status-publish","hentry"],"_links":{"self":[{"href":"https:\/\/naturaliafood.ch\/de\/wp-json\/wp\/v2\/pages\/199","targetHints":{"allow":["GET"]}}],"collection":[{"href":"https:\/\/naturaliafood.ch\/de\/wp-json\/wp\/v2\/pages"}],"about":[{"href":"https:\/\/naturaliafood.ch\/de\/wp-json\/wp\/v2\/types\/page"}],"author":[{"embeddable":true,"href":"https:\/\/naturaliafood.ch\/de\/wp-json\/wp\/v2\/users\/1"}],"replies":[{"embeddable":true,"href":"https:\/\/naturaliafood.ch\/de\/wp-json\/wp\/v2\/comments?post=199"}],"version-history":[{"count":2,"href":"https:\/\/naturaliafood.ch\/de\/wp-json\/wp\/v2\/pages\/199\/revisions"}],"predecessor-version":[{"id":201,"href":"https:\/\/naturaliafood.ch\/de\/wp-json\/wp\/v2\/pages\/199\/revisions\/201"}],"wp:attachment":[{"href":"https:\/\/naturaliafood.ch\/de\/wp-json\/wp\/v2\/media?parent=199"}],"curies":[{"name":"wp","href":"https:\/\/api.w.org\/{rel}","templated":true}]}}