{"id":150,"date":"2024-09-24T12:15:00","date_gmt":"2024-09-24T10:15:00","guid":{"rendered":"https:\/\/shop.naturaliafood.ch\/?page_id=150"},"modified":"2024-09-25T06:13:30","modified_gmt":"2024-09-25T06:13:30","slug":"produkte","status":"publish","type":"page","link":"https:\/\/naturaliafood.ch\/de\/produkte\/","title":{"rendered":"Produkte"},"content":{"rendered":"<p>[et_pb_section fb_built=&#8221;1&#8243; _builder_version=&#8221;4.27.0&#8243; _module_preset=&#8221;default&#8221; global_colors_info=&#8221;{}&#8221;][et_pb_row _builder_version=&#8221;4.27.0&#8243; _module_preset=&#8221;default&#8221; global_colors_info=&#8221;{}&#8221;][et_pb_column type=&#8221;4_4&#8243; _builder_version=&#8221;4.27.0&#8243; _module_preset=&#8221;default&#8221; global_colors_info=&#8221;{}&#8221;][et_pb_heading title=&#8221;I nostri prodotti&#8221; _builder_version=&#8221;4.27.0&#8243; _module_preset=&#8221;default&#8221; title_font=&#8221;|700|||||||&#8221; title_text_align=&#8221;center&#8221; title_font_size=&#8221;37px&#8221; global_colors_info=&#8221;{}&#8221;][\/et_pb_heading][\/et_pb_column][\/et_pb_row][\/et_pb_section][et_pb_section fb_built=&#8221;1&#8243; _builder_version=&#8221;4.27.0&#8243; _module_preset=&#8221;default&#8221; hover_enabled=&#8221;0&#8243; global_colors_info=&#8221;{}&#8221; custom_margin=&#8221;27px||27px||true|false&#8221; sticky_enabled=&#8221;0&#8243;][et_pb_row column_structure=&#8221;1_2,1_2&#8243; _builder_version=&#8221;4.27.0&#8243; _module_preset=&#8221;default&#8221; global_colors_info=&#8221;{}&#8221;][et_pb_column type=&#8221;1_2&#8243; _builder_version=&#8221;4.27.0&#8243; _module_preset=&#8221;default&#8221; global_colors_info=&#8221;{}&#8221;][et_pb_text _builder_version=&#8221;4.27.0&#8243; _module_preset=&#8221;default&#8221; hover_enabled=&#8221;0&#8243; global_colors_info=&#8221;{}&#8221; text_font_size=&#8221;18px&#8221; text_line_height=&#8221;1.6em&#8221; sticky_enabled=&#8221;0&#8243;]<\/p>\n<h2 class=\"product__item__title\" style=\"text-align: center;\"><strong><a href=\"https:\/\/naturaliafood.ch\/product_case.html\">Pistacchio \u201cAntep Jumbo\u201d<\/a><\/strong><\/h2>\n<p class=\"text-justify\" style=\"text-align: justify;\">La dimensione \u00e8 Jumbo, che \u00e8 il tipo pi\u00f9 grande e la migliore qualit\u00e0. Il guscio e il nocciolo sono leggermente pi\u00f9 piccoli del tipo Siirt. Il kernel ha un contenuto pi\u00f9 alto di olio oleico (contenuto di olio naturale) rispetto al tipo Siirt. Il nocciolo \u00e8 verde chiaro all&#8217;esterno. Sono arrostiti con il guscio e hanno un leggero contenuto di sale. I prodotti equivalenti iraniani e statunitensi sono pi\u00f9 secchi e l&#8217;alfa-tossina \u00e8 significativamente pi\u00f9 alta che nel pistacchio Antep. Questa qualit\u00e0 \u00e8 disponibile non tostata, tostata e con doppia tostatura.<\/p>\n<p>[\/et_pb_text][\/et_pb_column][et_pb_column type=&#8221;1_2&#8243; _builder_version=&#8221;4.27.0&#8243; _module_preset=&#8221;default&#8221; global_colors_info=&#8221;{}&#8221;][et_pb_image src=&#8221;https:\/\/shop.naturaliafood.ch\/wp-content\/uploads\/2024\/09\/busta-pistacchi.jpg&#8221; title_text=&#8221;busta-pistacchi&#8221; _builder_version=&#8221;4.27.0&#8243; _module_preset=&#8221;default&#8221; global_colors_info=&#8221;{}&#8221;][\/et_pb_image][\/et_pb_column][\/et_pb_row][\/et_pb_section][et_pb_section fb_built=&#8221;1&#8243; _builder_version=&#8221;4.27.0&#8243; _module_preset=&#8221;default&#8221; global_colors_info=&#8221;{}&#8221; custom_margin=&#8221;27px||27px||true|false&#8221;][et_pb_row column_structure=&#8221;1_2,1_2&#8243; _builder_version=&#8221;4.27.0&#8243; _module_preset=&#8221;default&#8221; global_colors_info=&#8221;{}&#8221;][et_pb_column type=&#8221;1_2&#8243; _builder_version=&#8221;4.27.0&#8243; _module_preset=&#8221;default&#8221; global_colors_info=&#8221;{}&#8221;][et_pb_image src=&#8221;https:\/\/shop.naturaliafood.ch\/wp-content\/uploads\/2024\/09\/boccia-pistacchi.jpg&#8221; title_text=&#8221;boccia-pistacchi&#8221; _builder_version=&#8221;4.27.0&#8243; _module_preset=&#8221;default&#8221; global_colors_info=&#8221;{}&#8221;][\/et_pb_image][\/et_pb_column][et_pb_column type=&#8221;1_2&#8243; _builder_version=&#8221;4.27.0&#8243; _module_preset=&#8221;default&#8221; global_colors_info=&#8221;{}&#8221;][et_pb_text _builder_version=&#8221;4.27.0&#8243; _module_preset=&#8221;default&#8221; global_colors_info=&#8221;{}&#8221; text_font_size=&#8221;18px&#8221; text_line_height=&#8221;1.6em&#8221;]<\/p>\n<h2 class=\"product__item__title\" style=\"text-align: center;\"><strong><a href=\"https:\/\/naturaliafood.ch\/product_case.html\">Pistacchio \u201cSiirt Jumbo\u201d<\/a><\/strong><\/h2>\n<p class=\"text-justify\" style=\"text-align: justify;\">Questa qualit\u00e0 \u00e8 leggermente pi\u00f9 grande (pi\u00f9 piene nel guscio) dell&#8217;Antep, con un grado pi\u00f9 alto di olio oleico (contenuto di olio naturale), rispetto alle Siirt normali. L&#8217;aspetto sia all&#8217;interno che all&#8217;esterno del guscio \u00e8 rosa chiaro, il nocciolo rossastro\/rosa.Sono tostati con il guscio e hanno un leggero contenuto di sale. Il tipo Siirt Jumbo \u00e8 leggermente pi\u00f9 piccolo della mandorla sgusciata con una maggiore durata e una minore alfa-tossina rispetto al pistacchio prodotto in Iran. Questa qualit\u00e0 \u00e8 disponibile non tostata, tostata e con doppia tostatura. Tritati o affettati non sono disponibili in forma tostata.<\/p>\n<p>[\/et_pb_text][\/et_pb_column][\/et_pb_row][\/et_pb_section][et_pb_section fb_built=&#8221;1&#8243; _builder_version=&#8221;4.27.0&#8243; _module_preset=&#8221;default&#8221; global_colors_info=&#8221;{}&#8221; custom_margin=&#8221;27px||27px||true|false&#8221;][et_pb_row column_structure=&#8221;1_2,1_2&#8243; _builder_version=&#8221;4.27.0&#8243; _module_preset=&#8221;default&#8221; global_colors_info=&#8221;{}&#8221;][et_pb_column type=&#8221;1_2&#8243; _builder_version=&#8221;4.27.0&#8243; _module_preset=&#8221;default&#8221; global_colors_info=&#8221;{}&#8221;][et_pb_text _builder_version=&#8221;4.27.0&#8243; _module_preset=&#8221;default&#8221; global_colors_info=&#8221;{}&#8221; text_font_size=&#8221;18px&#8221; text_line_height=&#8221;1.6em&#8221;]<\/p>\n<h2 class=\"product__item__title\" style=\"text-align: center;\"><strong><a href=\"https:\/\/naturaliafood.ch\/product_case.html\">Arachidi \u201cJumbo\u201d<\/a><\/strong><\/h2>\n<p class=\"text-justify\" style=\"text-align: justify;\">Le Jumbo Peanut sono coltivate nella regione di Gaziantep, che produce oltre il 50% degli alimenti turchi a base di noci. Le arachidi sono pi\u00f9 grandi di quelle americane, con pi\u00f9 fibre, proteine e olio naturale. Le arachidi sono raccolte una volta all&#8217;anno da aziende agricole di piccole e medie dimensioni. Le noci sono coltivate naturalmente senza alcun apporto chimico. Vengono lavorate con tostatrici riscaldate per togliere la buccia esterna e portare l&#8217;aspetto dorato. Le noci sono arrostite con o senza sale.<\/p>\n<p>[\/et_pb_text][\/et_pb_column][et_pb_column type=&#8221;1_2&#8243; _builder_version=&#8221;4.27.0&#8243; _module_preset=&#8221;default&#8221; global_colors_info=&#8221;{}&#8221;][et_pb_image src=&#8221;https:\/\/shop.naturaliafood.ch\/wp-content\/uploads\/2024\/09\/arachidi.jpg&#8221; title_text=&#8221;arachidi&#8221; _builder_version=&#8221;4.27.0&#8243; _module_preset=&#8221;default&#8221; global_colors_info=&#8221;{}&#8221;][\/et_pb_image][\/et_pb_column][\/et_pb_row][\/et_pb_section][et_pb_section fb_built=&#8221;1&#8243; _builder_version=&#8221;4.27.0&#8243; _module_preset=&#8221;default&#8221; global_colors_info=&#8221;{}&#8221;][et_pb_row column_structure=&#8221;1_2,1_2&#8243; _builder_version=&#8221;4.27.0&#8243; _module_preset=&#8221;default&#8221; global_colors_info=&#8221;{}&#8221;][et_pb_column type=&#8221;1_2&#8243; _builder_version=&#8221;4.27.0&#8243; _module_preset=&#8221;default&#8221; global_colors_info=&#8221;{}&#8221;][et_pb_image src=&#8221;https:\/\/shop.naturaliafood.ch\/wp-content\/uploads\/2024\/09\/noccioline.jpg&#8221; title_text=&#8221;noccioline&#8221; _builder_version=&#8221;4.27.0&#8243; _module_preset=&#8221;default&#8221; global_colors_info=&#8221;{}&#8221;][\/et_pb_image][\/et_pb_column][et_pb_column type=&#8221;1_2&#8243; _builder_version=&#8221;4.27.0&#8243; _module_preset=&#8221;default&#8221; global_colors_info=&#8221;{}&#8221;][et_pb_text _builder_version=&#8221;4.27.0&#8243; _module_preset=&#8221;default&#8221; global_colors_info=&#8221;{}&#8221; text_font_size=&#8221;18px&#8221; text_line_height=&#8221;1.6em&#8221;]<\/p>\n<h2 class=\"product__item__title\" style=\"text-align: center;\"><strong><a href=\"https:\/\/naturaliafood.ch\/product_case.html\">Pinoli e Nocciole<\/a><\/strong><\/h2>\n<p class=\"text-justify\" style=\"text-align: justify;\">Questi pinoli sono prodotti su piccola scala nel nord del Kazakistan, vicino alla regione di Altai in una foresta naturale, la produzione \u00e8 limitata alle condizioni climatiche che vanno da -35 a +28 durante l&#8217;anno.<br \/>Queste nocciole di prima scelta prodotte nelle regioni occidentali e centrali del Mar Nero in Turchia. Sono tostate a secco e confezionate sottovuoto con una conservazione media combinata e una durata di conservazione di tre anni.<\/p>\n<p>[\/et_pb_text][\/et_pb_column][\/et_pb_row][\/et_pb_section][et_pb_section fb_built=&#8221;1&#8243; _builder_version=&#8221;4.27.0&#8243; _module_preset=&#8221;default&#8221; global_colors_info=&#8221;{}&#8221;][et_pb_row column_structure=&#8221;1_2,1_2&#8243; _builder_version=&#8221;4.27.0&#8243; _module_preset=&#8221;default&#8221; global_colors_info=&#8221;{}&#8221;][et_pb_column type=&#8221;1_2&#8243; _builder_version=&#8221;4.27.0&#8243; _module_preset=&#8221;default&#8221; global_colors_info=&#8221;{}&#8221;][et_pb_text _builder_version=&#8221;4.27.0&#8243; _module_preset=&#8221;default&#8221; global_colors_info=&#8221;{}&#8221; text_font_size=&#8221;18px&#8221; text_line_height=&#8221;1.6em&#8221;]<\/p>\n<h2 class=\"product__item__title\" style=\"text-align: center;\"><strong><a href=\"https:\/\/naturaliafood.ch\/product_case.html\">Noci<\/a><\/strong><\/h2>\n<p class=\"text-justify\" style=\"text-align: justify;\">Queste noci provengono dalle regioni di Corum, Tokat, Van e Kahramanmaras. Sono coltivate naturalmente senza l&#8217;uso di pesticidi e fertilizzanti chimici. Queste noci sono di alta qualit\u00e0 in termini di nutrizione e superano la solita qualit\u00e0 di esportazione, essendo per lo pi\u00f9 consumate come prodotto di fascia alta in Turchia. I gherigli e le noci in guscio sono lavorati e lavati con metodi naturali che mantengono l&#8217;alta qualit\u00e0.<\/p>\n<p>[\/et_pb_text][\/et_pb_column][et_pb_column type=&#8221;1_2&#8243; _builder_version=&#8221;4.27.0&#8243; _module_preset=&#8221;default&#8221; global_colors_info=&#8221;{}&#8221;][et_pb_image src=&#8221;https:\/\/shop.naturaliafood.ch\/wp-content\/uploads\/2024\/09\/noci-su-marmo.jpg&#8221; title_text=&#8221;noci-su-marmo&#8221; _builder_version=&#8221;4.27.0&#8243; _module_preset=&#8221;default&#8221; global_colors_info=&#8221;{}&#8221;][\/et_pb_image][\/et_pb_column][\/et_pb_row][et_pb_row column_structure=&#8221;1_2,1_2&#8243; _builder_version=&#8221;4.27.0&#8243; _module_preset=&#8221;default&#8221; global_colors_info=&#8221;{}&#8221;][et_pb_column type=&#8221;1_2&#8243; _builder_version=&#8221;4.27.0&#8243; _module_preset=&#8221;default&#8221; global_colors_info=&#8221;{}&#8221;][et_pb_image src=&#8221;https:\/\/shop.naturaliafood.ch\/wp-content\/uploads\/2024\/09\/uva-passa.jpg&#8221; title_text=&#8221;uva-passa&#8221; _builder_version=&#8221;4.27.0&#8243; _module_preset=&#8221;default&#8221; global_colors_info=&#8221;{}&#8221;][\/et_pb_image][\/et_pb_column][et_pb_column type=&#8221;1_2&#8243; _builder_version=&#8221;4.27.0&#8243; _module_preset=&#8221;default&#8221; global_colors_info=&#8221;{}&#8221;][et_pb_text _builder_version=&#8221;4.27.0&#8243; _module_preset=&#8221;default&#8221; global_colors_info=&#8221;{}&#8221; text_font_size=&#8221;18px&#8221; text_line_height=&#8221;1.6em&#8221;]<\/p>\n<h2 class=\"product__item__title\" style=\"text-align: center;\"><strong><a href=\"https:\/\/naturaliafood.ch\/product_case.html\">Uva e Uva Sultanina<\/a><\/strong><\/h2>\n<p class=\"text-justify\" style=\"text-align: justify;\">Le uve nere essiccate sono coltivate nella regione di Malatya ed Elazig. Sono essiccate naturalmente al sole con i semi e hanno un colore nero e rosso intenso. Queste uve sono state storicamente utilizzate per produrre i vini della regione di Elazig.<br \/>L\u2019 uva Sultanina viene coltivata principalmente nella regione dell&#8217;Egeo, e la raccolta inizia a fine agosto. L&#8217;essiccazione naturale al sole garantisce che non perda il suo naturale sapore dolce.<\/p>\n<p>[\/et_pb_text][\/et_pb_column][\/et_pb_row][et_pb_row column_structure=&#8221;1_2,1_2&#8243; _builder_version=&#8221;4.27.0&#8243; _module_preset=&#8221;default&#8221; global_colors_info=&#8221;{}&#8221;][et_pb_column type=&#8221;1_2&#8243; _builder_version=&#8221;4.27.0&#8243; _module_preset=&#8221;default&#8221; global_colors_info=&#8221;{}&#8221;][et_pb_text _builder_version=&#8221;4.27.0&#8243; _module_preset=&#8221;default&#8221; global_colors_info=&#8221;{}&#8221; text_font_size=&#8221;18px&#8221; text_line_height=&#8221;1.6em&#8221;]<\/p>\n<h2 class=\"product__item__title\" style=\"text-align: center;\"><strong><a href=\"https:\/\/naturaliafood.ch\/product_case.html\">Albicocche \u201cMalatya\u201d<\/a><\/strong><\/h2>\n<p class=\"text-justify\" style=\"text-align: justify;\">Queste albicocche sono un prodotto primario della regione di Malatya. La maggior parte delle albicocche secche vendute nelle catene di supermercati di qualit\u00e0 superiore in Europa occidentale proviene dalla regione di Malatya. I noccioli vengono rimossi a mano prima dell&#8217;essiccazione.<br \/>L&#8217;albicocca arancione \u00e8 leggermente umida e morbida, viene prima essiccata al sole e poi cotta naturalmente in forni di fango fino alla sua consistenza finale.<br \/>Le albicocche marroni sono essiccate al sole all&#8217;aria aperta, fino a quando la maggior parte della sua umidit\u00e0 \u00e8 sparita e poi messe in un magazzino buio.<\/p>\n<p>[\/et_pb_text][\/et_pb_column][et_pb_column type=&#8221;1_2&#8243; _builder_version=&#8221;4.27.0&#8243; _module_preset=&#8221;default&#8221; global_colors_info=&#8221;{}&#8221;][et_pb_image src=&#8221;https:\/\/shop.naturaliafood.ch\/wp-content\/uploads\/2024\/09\/albicocche.jpg&#8221; title_text=&#8221;albicocche&#8221; _builder_version=&#8221;4.27.0&#8243; _module_preset=&#8221;default&#8221; global_colors_info=&#8221;{}&#8221;][\/et_pb_image][\/et_pb_column][\/et_pb_row][\/et_pb_section]<\/p>\n","protected":false},"excerpt":{"rendered":"<p>Pistacchio \u201cAntep Jumbo\u201d La dimensione \u00e8 Jumbo, che \u00e8 il tipo pi\u00f9 grande e la migliore qualit\u00e0. Il guscio e il nocciolo sono leggermente pi\u00f9 piccoli del tipo Siirt. Il kernel ha un contenuto pi\u00f9 alto di olio oleico (contenuto di olio naturale) rispetto al tipo Siirt. Il nocciolo \u00e8 verde chiaro all&#8217;esterno. Sono arrostiti [&hellip;]<\/p>\n","protected":false},"author":1,"featured_media":0,"parent":0,"menu_order":0,"comment_status":"closed","ping_status":"closed","template":"","meta":{"_et_pb_use_builder":"on","_et_pb_old_content":"","_et_gb_content_width":"","footnotes":""},"class_list":["post-150","page","type-page","status-publish","hentry"],"_links":{"self":[{"href":"https:\/\/naturaliafood.ch\/de\/wp-json\/wp\/v2\/pages\/150","targetHints":{"allow":["GET"]}}],"collection":[{"href":"https:\/\/naturaliafood.ch\/de\/wp-json\/wp\/v2\/pages"}],"about":[{"href":"https:\/\/naturaliafood.ch\/de\/wp-json\/wp\/v2\/types\/page"}],"author":[{"embeddable":true,"href":"https:\/\/naturaliafood.ch\/de\/wp-json\/wp\/v2\/users\/1"}],"replies":[{"embeddable":true,"href":"https:\/\/naturaliafood.ch\/de\/wp-json\/wp\/v2\/comments?post=150"}],"version-history":[{"count":1,"href":"https:\/\/naturaliafood.ch\/de\/wp-json\/wp\/v2\/pages\/150\/revisions"}],"predecessor-version":[{"id":198,"href":"https:\/\/naturaliafood.ch\/de\/wp-json\/wp\/v2\/pages\/150\/revisions\/198"}],"wp:attachment":[{"href":"https:\/\/naturaliafood.ch\/de\/wp-json\/wp\/v2\/media?parent=150"}],"curies":[{"name":"wp","href":"https:\/\/api.w.org\/{rel}","templated":true}]}}